{"id":7752,"date":"2025-05-07T11:19:47","date_gmt":"2025-05-07T09:19:47","guid":{"rendered":"https:\/\/yuss.drburgener.com\/?post_type=product&#038;p=7752"},"modified":"2025-10-17T11:46:08","modified_gmt":"2025-10-17T09:46:08","slug":"rose-de-caroline-by-dr-burgener-switzerland-x-chopard","status":"publish","type":"product","link":"https:\/\/yuss.drburgener.com\/fr\/product\/rose-de-caroline-by-dr-burgener-switzerland-x-chopard\/","title":{"rendered":"Rose de Caroline by Dr Burgener Switzerland x Chopard"},"content":{"rendered":"<p>La ligne Rose de Caroline, cr\u00e9\u00e9e exclusivement par Dr Burgener Switzerland pour Chopard, est pr\u00e9sent\u00e9e lors du Festival de Cannes 2025. Cette collection de luxe allie innovation suisse et savoir-faire artisanal, inspir\u00e9e par la fragrance embl\u00e9matique de Chopard. Elle comprend une cr\u00e8me anti-\u00e2ge et un s\u00e9rum pr\u00e9cieux, formul\u00e9s pour offrir une exp\u00e9rience sensorielle et efficace, combinant technologie avanc\u00e9e et lithoth\u00e9rapie.<\/p>\n","protected":false},"excerpt":{"rendered":"<p>Cette collection exclusive incarne l\u2019alliance parfaite entre luxe, science et bien-\u00eatre pour une peau \u00e9clatante et rajeunie.<\/p>\n","protected":false},"featured_media":7822,"template":"","meta":{"_acf_changed":false},"product_brand":[],"product_cat":[57],"product_tag":[],"class_list":{"0":"post-7752","1":"product","2":"type-product","3":"status-publish","4":"has-post-thumbnail","6":"product_cat-editions-limitees-de-luxe","8":"first","9":"instock","10":"taxable","11":"shipping-taxable","12":"purchasable","13":"product-type-simple"},"acf":[],"_links":{"self":[{"href":"https:\/\/yuss.drburgener.com\/fr\/wp-json\/wp\/v2\/product\/7752","targetHints":{"allow":["GET"]}}],"collection":[{"href":"https:\/\/yuss.drburgener.com\/fr\/wp-json\/wp\/v2\/product"}],"about":[{"href":"https:\/\/yuss.drburgener.com\/fr\/wp-json\/wp\/v2\/types\/product"}],"wp:featuredmedia":[{"embeddable":true,"href":"https:\/\/yuss.drburgener.com\/fr\/wp-json\/wp\/v2\/media\/7822"}],"wp:attachment":[{"href":"https:\/\/yuss.drburgener.com\/fr\/wp-json\/wp\/v2\/media?parent=7752"}],"wp:term":[{"taxonomy":"product_brand","embeddable":true,"href":"https:\/\/yuss.drburgener.com\/fr\/wp-json\/wp\/v2\/product_brand?post=7752"},{"taxonomy":"product_cat","embeddable":true,"href":"https:\/\/yuss.drburgener.com\/fr\/wp-json\/wp\/v2\/product_cat?post=7752"},{"taxonomy":"product_tag","embeddable":true,"href":"https:\/\/yuss.drburgener.com\/fr\/wp-json\/wp\/v2\/product_tag?post=7752"}],"curies":[{"name":"wp","href":"https:\/\/api.w.org\/{rel}","templated":true}]}}