{"id":4869,"date":"2024-05-10T16:25:12","date_gmt":"2024-05-10T14:25:12","guid":{"rendered":"https:\/\/yuss.drburgener.com\/?post_type=product&#038;p=4869"},"modified":"2025-11-13T09:30:08","modified_gmt":"2025-11-13T08:30:08","slug":"lexperience-hydra-mask-et-contour-des-yeux","status":"publish","type":"product","link":"https:\/\/yuss.drburgener.com\/fr\/product\/lexperience-hydra-mask-et-contour-des-yeux\/","title":{"rendered":"L&rsquo;Exp\u00e9rience Hydra Mask et Contour des Yeux"},"content":{"rendered":"<p><span data-sheets-root=\"1\">D\u00e9couvrez une hydratation de la peau in\u00e9gal\u00e9e avec l&rsquo;Exp\u00e9rience Hydra Mask et Contour des Yeux de Dr Burgener Switzerland. Ce duo de soins luxueux comprend un Masque Hydra Filler et un set de Patchs Instant Eye Radiance (2 patchs), con\u00e7us pour offrir une hydratation intense pour une peau radieuse et \u00e9clatante.<\/span><\/p>\n<p>\u00c9labor\u00e9 \u00e0 partir d&rsquo;eau de coco ferment\u00e9e, le Masque Hydra Filler hydrate profond\u00e9ment, restaure l&rsquo;\u00e9lasticit\u00e9 de la peau et favorise un teint lumineux. Les ingr\u00e9dients cl\u00e9s incluent l&rsquo;acide hyaluronique pour un effet repulpant, l&rsquo;aloe vera pour apaiser, le collag\u00e8ne pour ses bienfaits anti-\u00e2ge, et le fucogel pour maintenir l&rsquo;hydratation.<\/p>\n<p>Le Patch Instant Eye Radiance revitalise la zone d\u00e9licate des yeux, r\u00e9duisant les poches gr\u00e2ce \u00e0 l&rsquo;actiflow et apaisant les irritations avec l&rsquo;extrait de hamam\u00e9lis.<\/p>\n<p>\u00c9levez votre routine de soins avec notre luxueuse collection Hydra Mask et Eye pour des r\u00e9sultats encore plus \u00e9clatants.<\/p>\n","protected":false},"excerpt":{"rendered":"<p><span data-sheets-root=\"1\">D\u00e9couvrez une hydratation de la peau in\u00e9gal\u00e9e avec le l&rsquo;Exp\u00e9rience Hydra Mask et Contour des Yeux Instant Eye Radiance. Ce duo de soins luxueux comprend un Masque Hydra Filler et un set de Patchs Instant Eye Radiance (2 patchs). Lorsqu&rsquo;ils sont utilis\u00e9s ensemble, ces produits offrent un effet intens\u00e9ment hydratant, revitalisant votre peau et lui laissant un \u00e9clat radieux.<\/span><\/p>\n","protected":false},"featured_media":7438,"template":"","meta":{"_acf_changed":false},"product_brand":[],"product_cat":[42,298,38,46],"product_tag":[],"class_list":{"0":"post-4869","1":"product","2":"type-product","3":"status-publish","4":"has-post-thumbnail","6":"product_cat-soins-visage-de-luxe","7":"product_cat-cernes","8":"product_cat-peau-seche","9":"product_cat-masques-visage-de-luxe","11":"first","12":"instock","13":"taxable","14":"shipping-taxable","15":"purchasable","16":"product-type-simple"},"acf":[],"_links":{"self":[{"href":"https:\/\/yuss.drburgener.com\/fr\/wp-json\/wp\/v2\/product\/4869","targetHints":{"allow":["GET"]}}],"collection":[{"href":"https:\/\/yuss.drburgener.com\/fr\/wp-json\/wp\/v2\/product"}],"about":[{"href":"https:\/\/yuss.drburgener.com\/fr\/wp-json\/wp\/v2\/types\/product"}],"wp:featuredmedia":[{"embeddable":true,"href":"https:\/\/yuss.drburgener.com\/fr\/wp-json\/wp\/v2\/media\/7438"}],"wp:attachment":[{"href":"https:\/\/yuss.drburgener.com\/fr\/wp-json\/wp\/v2\/media?parent=4869"}],"wp:term":[{"taxonomy":"product_brand","embeddable":true,"href":"https:\/\/yuss.drburgener.com\/fr\/wp-json\/wp\/v2\/product_brand?post=4869"},{"taxonomy":"product_cat","embeddable":true,"href":"https:\/\/yuss.drburgener.com\/fr\/wp-json\/wp\/v2\/product_cat?post=4869"},{"taxonomy":"product_tag","embeddable":true,"href":"https:\/\/yuss.drburgener.com\/fr\/wp-json\/wp\/v2\/product_tag?post=4869"}],"curies":[{"name":"wp","href":"https:\/\/api.w.org\/{rel}","templated":true}]}}