{"id":3672,"date":"2024-05-07T15:24:50","date_gmt":"2024-05-07T13:24:50","guid":{"rendered":"https:\/\/evo.drburgener.com\/?post_type=product&#038;p=3672"},"modified":"2025-10-17T11:46:10","modified_gmt":"2025-10-17T09:46:10","slug":"exfoliant-corps-peau-parfaite","status":"publish","type":"product","link":"https:\/\/yuss.drburgener.com\/fr\/product\/exfoliant-corps-peau-parfaite\/","title":{"rendered":"L&rsquo;Exfoliant Corps Peau Parfaite"},"content":{"rendered":"<p class=\"p1\">Pour une peau \u00e9clatante et radieuse, la Body Exfoliating Perfect Skin de Dr Burgener Switzerland est la solution id\u00e9ale. Gr\u00e2ce aux grains naturels pour le massage, elle stimule la circulation sanguine et raffermit votre peau, tandis que les huiles essentielles revitalisent votre corps et vos sens.<\/p>\n<p class=\"p1\">Les polyph\u00e9nols contenus dans les raisins contribuent \u00e0 r\u00e9duire les effets des radicaux libres, vous offrant une peau raffin\u00e9e et radieuse. Profitez de tous les bienfaits de la Body Exfoliating Perfect Skin avec Dr Burgener Switzerland.<\/p>\n","protected":false},"excerpt":{"rendered":"<p>Revigorez votre peau avec le massage aux grains naturels de Dr Burgener Switzerland.<\/p>\n<p>Ressentez l&rsquo;effet nourrissant et stimulant lorsque la circulation et la fermet\u00e9 sont am\u00e9lior\u00e9es.<\/p>\n","protected":false},"featured_media":7023,"template":"","meta":{"_acf_changed":false},"product_brand":[],"product_cat":[53,54],"product_tag":[],"class_list":{"0":"post-3672","1":"product","2":"type-product","3":"status-publish","4":"has-post-thumbnail","6":"product_cat-soins-du-corps","7":"product_cat-exfoliants-pour-le-corps-de-luxe","9":"first","10":"instock","11":"taxable","12":"shipping-taxable","13":"purchasable","14":"product-type-simple"},"acf":[],"_links":{"self":[{"href":"https:\/\/yuss.drburgener.com\/fr\/wp-json\/wp\/v2\/product\/3672","targetHints":{"allow":["GET"]}}],"collection":[{"href":"https:\/\/yuss.drburgener.com\/fr\/wp-json\/wp\/v2\/product"}],"about":[{"href":"https:\/\/yuss.drburgener.com\/fr\/wp-json\/wp\/v2\/types\/product"}],"wp:featuredmedia":[{"embeddable":true,"href":"https:\/\/yuss.drburgener.com\/fr\/wp-json\/wp\/v2\/media\/7023"}],"wp:attachment":[{"href":"https:\/\/yuss.drburgener.com\/fr\/wp-json\/wp\/v2\/media?parent=3672"}],"wp:term":[{"taxonomy":"product_brand","embeddable":true,"href":"https:\/\/yuss.drburgener.com\/fr\/wp-json\/wp\/v2\/product_brand?post=3672"},{"taxonomy":"product_cat","embeddable":true,"href":"https:\/\/yuss.drburgener.com\/fr\/wp-json\/wp\/v2\/product_cat?post=3672"},{"taxonomy":"product_tag","embeddable":true,"href":"https:\/\/yuss.drburgener.com\/fr\/wp-json\/wp\/v2\/product_tag?post=3672"}],"curies":[{"name":"wp","href":"https:\/\/api.w.org\/{rel}","templated":true}]}}