{"id":3665,"date":"2024-05-07T15:13:07","date_gmt":"2024-05-07T13:13:07","guid":{"rendered":"https:\/\/evo.drburgener.com\/?post_type=product&#038;p=3665"},"modified":"2025-10-17T11:46:11","modified_gmt":"2025-10-17T09:46:11","slug":"the-revival-collection","status":"publish","type":"product","link":"https:\/\/yuss.drburgener.com\/fr\/product\/the-revival-collection\/","title":{"rendered":"Collection Revival"},"content":{"rendered":"<p class=\"p1\"><span data-sheets-root=\"1\">Embarquez dans un voyage de soins de la peau transformateur avec la Collection Revival de Dr Burgener Switzerland. Ce set luxueux comprend le S\u00e9rum Visage Collag\u00e8ne Intense (30 ml), con\u00e7u pour lisser les rides et am\u00e9liorer la synth\u00e8se du collag\u00e8ne, ainsi que la Cr\u00e8me Visage Collag\u00e8ne Intense (50 ml), qui associe ingr\u00e9dients naturels et science avanc\u00e9e pour restaurer fermet\u00e9 et hydratation. Compl\u00e9tez votre routine avec le Masque Hydra Filler et le Patch Instant Eye Radiance pour une hydratation profonde et une r\u00e9g\u00e9n\u00e9ration. Profitez des bienfaits d\u2019une texture de peau am\u00e9lior\u00e9e, d\u2019une \u00e9lasticit\u00e9 accrue et d\u2019un \u00e9clat radieux et jeune. \u00c9levez votre rituel de soins d\u00e8s aujourd&rsquo;hui !<\/span><\/p>\n<p>Cette collection exclusive est le fruit d&rsquo;une collaboration r\u00e9fl\u00e9chie avec Sarah\u2019s Bag (sarahsbag.com). En achetant leurs cr\u00e9ations artisanales, vous vous offrez non seulement des soins haut de gamme mais soutenez \u00e9galement les femmes dans les communaut\u00e9s d\u00e9favoris\u00e9es, en les aidant \u00e0 travers un artisanat durable.<\/p>\n<p>\u00c9levez votre routine de soins aujourd&rsquo;hui avec la Collection Revival et r\u00e9v\u00e9lez l&rsquo;\u00e9clat naturel de votre peau !<\/p>\n","protected":false},"excerpt":{"rendered":"<p><span data-sheets-root=\"1\">Revitalisez votre peau avec la collection exclusive Revival, comprenant la Cr\u00e8me Visage Collag\u00e8ne Intense, le S\u00e9rum Visage Collag\u00e8ne Intense, et le Masque Hydra &amp; Experience Yeux. <\/span><\/p>\n<p><span data-sheets-root=\"1\">Cette gamme de soins luxueuse est sp\u00e9cialement formul\u00e9e avec des ingr\u00e9dients riches en collag\u00e8ne et des \u00e9l\u00e9ments hydratants pour une hydratation en profondeur, un raffermissement et une \u00e9lasticit\u00e9 de la peau am\u00e9lior\u00e9s, et une exp\u00e9rience revitalisante. La collection est le fruit d&rsquo;une collaboration r\u00e9fl\u00e9chie avec Sarah\u2019s Bag (sarahsbag.com), soutenant les femmes dans les communaut\u00e9s d\u00e9favoris\u00e9es gr\u00e2ce \u00e0 un artisanat durable. \u00c9levez votre routine de soins aujourd&rsquo;hui et r\u00e9v\u00e9lez l&rsquo;\u00e9clat naturel de votre peau !<\/span><\/p>\n","protected":false},"featured_media":7429,"template":"","meta":{"_acf_changed":false},"product_brand":[],"product_cat":[57,42],"product_tag":[],"class_list":{"0":"post-3665","1":"product","2":"type-product","3":"status-publish","4":"has-post-thumbnail","6":"product_cat-editions-limitees-de-luxe","7":"product_cat-soins-visage-de-luxe","9":"first","10":"instock","11":"featured","12":"taxable","13":"shipping-taxable","14":"purchasable","15":"product-type-simple"},"acf":[],"_links":{"self":[{"href":"https:\/\/yuss.drburgener.com\/fr\/wp-json\/wp\/v2\/product\/3665","targetHints":{"allow":["GET"]}}],"collection":[{"href":"https:\/\/yuss.drburgener.com\/fr\/wp-json\/wp\/v2\/product"}],"about":[{"href":"https:\/\/yuss.drburgener.com\/fr\/wp-json\/wp\/v2\/types\/product"}],"wp:featuredmedia":[{"embeddable":true,"href":"https:\/\/yuss.drburgener.com\/fr\/wp-json\/wp\/v2\/media\/7429"}],"wp:attachment":[{"href":"https:\/\/yuss.drburgener.com\/fr\/wp-json\/wp\/v2\/media?parent=3665"}],"wp:term":[{"taxonomy":"product_brand","embeddable":true,"href":"https:\/\/yuss.drburgener.com\/fr\/wp-json\/wp\/v2\/product_brand?post=3665"},{"taxonomy":"product_cat","embeddable":true,"href":"https:\/\/yuss.drburgener.com\/fr\/wp-json\/wp\/v2\/product_cat?post=3665"},{"taxonomy":"product_tag","embeddable":true,"href":"https:\/\/yuss.drburgener.com\/fr\/wp-json\/wp\/v2\/product_tag?post=3665"}],"curies":[{"name":"wp","href":"https:\/\/api.w.org\/{rel}","templated":true}]}}