{"id":3658,"date":"2024-05-07T15:09:57","date_gmt":"2024-05-07T13:09:57","guid":{"rendered":"https:\/\/evo.drburgener.com\/?post_type=product&#038;p=3658"},"modified":"2025-10-17T11:46:11","modified_gmt":"2025-10-17T09:46:11","slug":"la-collection-yeux-intemporels","status":"publish","type":"product","link":"https:\/\/yuss.drburgener.com\/fr\/product\/la-collection-yeux-intemporels\/","title":{"rendered":"La Collection Yeux Intemporels"},"content":{"rendered":"<p><span data-sheets-root=\"1\">D\u00e9couvrez la Collection \u00c9clat Instantan\u00e9 Contour des Yeux : Le Cadeau Ultime pour Votre Routine de Soin de la Peau.\u00a0<\/span><\/p>\n<p><span data-sheets-root=\"1\">Sublimez votre rituel beaut\u00e9 en cette saison festive avec notre collection exclusive \u00c9clat Instantan\u00e9 Contour des Yeux. Cet ensemble soigneusement s\u00e9lectionn\u00e9 comprend la Cr\u00e8me \u00c9clat Instantan\u00e9 Contour des Yeux (30 ml) accompagn\u00e9e de 10 Patchs \u00c9clat Instantan\u00e9 Contour des Yeux, sp\u00e9cialement con\u00e7us pour rajeunir et illuminer votre regard.<\/span><\/p>\n<p>Pourquoi Choisir la Collection Timeless Eyes ?<br \/>\nOffrez cette collection exclusive \u00e0 vous-m\u00eame ou \u00e0 un \u00eatre cher et d\u00e9couvrez le pouvoir transformateur de soins de la peau de haute qualit\u00e9. Chaque produit est \u00e9labor\u00e9 avec soin, vous permettant de profiter des bienfaits d\u2019ingr\u00e9dients premium tout en contribuant positivement \u00e0 la vie des femmes artisanes.<\/p>\n","protected":false},"excerpt":{"rendered":"<p><span data-sheets-root=\"1\">D\u00e9couvrez la Collection Timeless Eyes : Une Collaboration Luxueuse avec Sarah\u2019s Bag.\u00a0<\/span><\/p>\n<p><span data-sheets-root=\"1\">D\u00e9couvrez la collection exclusive Timeless Eyes, un ensemble magnifiquement con\u00e7u issu d\u2019une collaboration minutieuse avec Sarah\u2019s Bag (sarahsbag.com). En achetant ces cr\u00e9ations faites \u00e0 la main, vous ne vous procurez pas seulement des produits uniques ; vous soutenez \u00e9galement des femmes dans des pays d\u00e9favoris\u00e9s, en les aidant \u00e0 travers des pratiques de commerce \u00e9quitable.<\/span><\/p>\n<p>La Cr\u00e8me \u00c9clat Instantan\u00e9 Contour des Yeux (30ml) : Formul\u00e9e pour illuminer et rajeunir la zone d\u00e9licate du contour des yeux, cette cr\u00e8me aide \u00e0 r\u00e9duire l\u2019apparence des cernes et des fines lignes.<br \/>\n10 Patchs \u00c9clat Instantan\u00e9 Contour des Yeux : Ces patchs offrent un regain imm\u00e9diat d\u2019hydratation et de vitalit\u00e9, parfaits pour une retouche rapide \u00e0 tout moment.<\/p>\n","protected":false},"featured_media":7427,"template":"","meta":{"_acf_changed":false},"product_brand":[],"product_cat":[57,42],"product_tag":[245,290],"class_list":{"0":"post-3658","1":"product","2":"type-product","3":"status-publish","4":"has-post-thumbnail","6":"product_cat-editions-limitees-de-luxe","7":"product_cat-soins-visage-de-luxe","8":"product_tag-new-in-fr","9":"product_tag-limited-edition-2024-fr","11":"first","12":"instock","13":"featured","14":"taxable","15":"shipping-taxable","16":"purchasable","17":"product-type-simple"},"acf":[],"_links":{"self":[{"href":"https:\/\/yuss.drburgener.com\/fr\/wp-json\/wp\/v2\/product\/3658","targetHints":{"allow":["GET"]}}],"collection":[{"href":"https:\/\/yuss.drburgener.com\/fr\/wp-json\/wp\/v2\/product"}],"about":[{"href":"https:\/\/yuss.drburgener.com\/fr\/wp-json\/wp\/v2\/types\/product"}],"wp:featuredmedia":[{"embeddable":true,"href":"https:\/\/yuss.drburgener.com\/fr\/wp-json\/wp\/v2\/media\/7427"}],"wp:attachment":[{"href":"https:\/\/yuss.drburgener.com\/fr\/wp-json\/wp\/v2\/media?parent=3658"}],"wp:term":[{"taxonomy":"product_brand","embeddable":true,"href":"https:\/\/yuss.drburgener.com\/fr\/wp-json\/wp\/v2\/product_brand?post=3658"},{"taxonomy":"product_cat","embeddable":true,"href":"https:\/\/yuss.drburgener.com\/fr\/wp-json\/wp\/v2\/product_cat?post=3658"},{"taxonomy":"product_tag","embeddable":true,"href":"https:\/\/yuss.drburgener.com\/fr\/wp-json\/wp\/v2\/product_tag?post=3658"}],"curies":[{"name":"wp","href":"https:\/\/api.w.org\/{rel}","templated":true}]}}