{"id":290,"date":"2024-04-17T01:09:55","date_gmt":"2024-04-16T23:09:55","guid":{"rendered":"https:\/\/evo.drburgener.com\/?post_type=product&#038;p=290"},"modified":"2025-07-03T11:11:37","modified_gmt":"2025-07-03T09:11:37","slug":"le-total-body-shape","status":"publish","type":"product","link":"https:\/\/yuss.drburgener.com\/fr\/product\/le-total-body-shape\/","title":{"rendered":"Le Total Body Shape"},"content":{"rendered":"<p><span data-sheets-root=\"1\">Obtenez Votre Silhouette Id\u00e9ale avec la Cr\u00e8me Sculptante Total Body Shape de Dr Burgener Switzerland<\/span><\/p>\n<p>Transformez votre corps avec la Total Body Shape de Dr Burgener Switzerland, une cr\u00e8me sculptante premium con\u00e7ue pour vous aider \u00e0 obtenir une apparence plus tonique et ferme. Cette cr\u00e8me luxueuse procure une sensation agr\u00e9able tout en hydratant en profondeur votre peau, assurant qu&rsquo;elle reste douce et souple.<\/p>\n<p>Sculptante et Tonifiante : D\u00e9couvrez les bienfaits de notre formule unique qui travaille \u00e0 sculpter et tonifier votre corps, red\u00e9finissant vos contours pour une silhouette plus d\u00e9finie.<br \/>\nFormule Hydratante : Enrichie en huiles v\u00e9g\u00e9tales nourrissantes, cette cr\u00e8me corporelle hydratante garde votre peau hydrat\u00e9e, pr\u00e9venant la s\u00e9cheresse et renfor\u00e7ant son \u00e9clat naturel.<br \/>\nApplication Confortable : Profitez d&rsquo;une exp\u00e9rience rafra\u00eechissante et vivifiante \u00e0 chaque utilisation, la cr\u00e8me glissant en douceur sur votre peau sans laisser de r\u00e9sidu gras.<br \/>\nIngr\u00e9dients Revitalisants : Enrichie en caf\u00e9ine et en extraits riches en antioxydants, dont le Lotus maritimus, notre cr\u00e8me revitalise votre peau tout en favorisant l&rsquo;\u00e9lasticit\u00e9 et la fermet\u00e9.<br \/>\nUtilisation Quotidienne pour de Meilleurs R\u00e9sultats : Pour des r\u00e9sultats optimaux, appliquez matin et soir sur une peau propre et s\u00e8che. Massez de la cheville \u00e0 la taille, en vous concentrant sur les cuisses, les hanches et les fesses pour maximiser l&rsquo;effet sculptant.<br \/>\nNe tardez pas \u00e0 atteindre le corps que vous d\u00e9sirez. Achetez d\u00e8s maintenant la Cr\u00e8me Sculptante Total Body Shape de Dr Burgener et adoptez une silhouette plus ferme et tonique d\u00e8s aujourd&rsquo;hui !<\/p>\n","protected":false},"excerpt":{"rendered":"<p><span data-sheets-root=\"1\">Cr\u00e8me Sculptante Total Body Shape : Obtenez un Corps Tonique avec la Cr\u00e8me Sculptante Total Body Shape de Dr Burgener Switzerland. Cette cr\u00e8me sculptante luxueuse hydrate et raffermit votre peau, vous aidant \u00e0 red\u00e9finir vos contours pour une apparence plus tonique. Enrichie d&rsquo;ingr\u00e9dients riches en antioxydants, elle offre une sensation agr\u00e9able et non grasse tout en favorisant l&rsquo;\u00e9lasticit\u00e9 et la douceur. Achetez d\u00e8s maintenant pour d\u00e9couvrir le summum des soins corporels et adopter une silhouette plus ferme et revitalis\u00e9e !<\/span><\/p>\n","protected":false},"featured_media":6999,"template":"","meta":{"_acf_changed":false},"product_brand":[],"product_cat":[53,55],"product_tag":[],"class_list":{"0":"post-290","1":"product","2":"type-product","3":"status-publish","4":"has-post-thumbnail","6":"product_cat-soins-du-corps","7":"product_cat-cremes-corps-de-luxe","9":"first","10":"instock","11":"taxable","12":"shipping-taxable","13":"purchasable","14":"product-type-simple"},"acf":[],"_links":{"self":[{"href":"https:\/\/yuss.drburgener.com\/fr\/wp-json\/wp\/v2\/product\/290","targetHints":{"allow":["GET"]}}],"collection":[{"href":"https:\/\/yuss.drburgener.com\/fr\/wp-json\/wp\/v2\/product"}],"about":[{"href":"https:\/\/yuss.drburgener.com\/fr\/wp-json\/wp\/v2\/types\/product"}],"wp:featuredmedia":[{"embeddable":true,"href":"https:\/\/yuss.drburgener.com\/fr\/wp-json\/wp\/v2\/media\/6999"}],"wp:attachment":[{"href":"https:\/\/yuss.drburgener.com\/fr\/wp-json\/wp\/v2\/media?parent=290"}],"wp:term":[{"taxonomy":"product_brand","embeddable":true,"href":"https:\/\/yuss.drburgener.com\/fr\/wp-json\/wp\/v2\/product_brand?post=290"},{"taxonomy":"product_cat","embeddable":true,"href":"https:\/\/yuss.drburgener.com\/fr\/wp-json\/wp\/v2\/product_cat?post=290"},{"taxonomy":"product_tag","embeddable":true,"href":"https:\/\/yuss.drburgener.com\/fr\/wp-json\/wp\/v2\/product_tag?post=290"}],"curies":[{"name":"wp","href":"https:\/\/api.w.org\/{rel}","templated":true}]}}