{"id":1171,"date":"2024-05-02T15:42:27","date_gmt":"2024-05-02T15:42:27","guid":{"rendered":"https:\/\/evo.drburgener.com\/?product=les-soins-precieux"},"modified":"2025-10-17T11:46:12","modified_gmt":"2025-10-17T09:46:12","slug":"les-soins-precieux","status":"publish","type":"product","link":"https:\/\/yuss.drburgener.com\/fr\/product\/les-soins-precieux\/","title":{"rendered":"Les Soins Pr\u00e9cieux"},"content":{"rendered":"<p>Prenez soin de votre corps avec le pr\u00e9cieux ensemble de gommage corporel 3 en 1 de Dr Burgener Switzerland. Notre Gommage Corps Perfect Skin est adapt\u00e9 \u00e0 tous les types de peau, m\u00eame les plus sensibles. Il \u00e9limine les impuret\u00e9s, stimule la r\u00e9g\u00e9n\u00e9ration cellulaire et adoucit votre peau.<\/p>\n<p>Le Nutrivital Body Fluid nourrit votre peau avec du gel\u00e9e royale, de l&rsquo;extrait de miel et des huiles essentielles anti-\u00e2ge pour une hydratation et une douceur toute la journ\u00e9e.<\/p>\n<p>Rajeunissez votre peau avec la Cr\u00e8me Visage Repair Green Caviar ou la Cr\u00e8me Visage Intense Lift Collagen, qui offrent toutes deux des nutriments riches pour une peau plus jeune. Profitez des bienfaits de ce luxueux ensemble de Dr Burgener Switzerland.<\/p>\n","protected":false},"excerpt":{"rendered":"<p><span data-sheets-root=\"1\">G\u00e2tez Votre Peau avec les Soins Pr\u00e9cieux de Dr Burgener Switzerland<\/span><\/p>\n<p>D\u00e9couvrez les Soins Pr\u00e9cieux de Dr Burgener Switzerland\u2014une collection luxueuse de produits de soins naturels et biologiques con\u00e7us pour dorloter votre peau.<\/p>\n<p>D\u00e9couvrez une exfoliation ultime avec notre Body Exfoliating Perfect Skin (200 ml), suivie d&rsquo;une hydratation en profondeur avec le Nutrivital Body Fluid (200 ml) pour une peau douce et nourrie. Compl\u00e9tez votre routine avec notre Green Caviar Face Cream ou notre Intense Lift Collagen Face Cream pour une r\u00e9paration cibl\u00e9e et des bienfaits anti-\u00e2ge.<\/p>\n","protected":false},"featured_media":7396,"template":"","meta":{"_acf_changed":false},"product_brand":[],"product_cat":[53,54,55],"product_tag":[],"class_list":{"0":"post-1171","1":"product","2":"type-product","3":"status-publish","4":"has-post-thumbnail","6":"product_cat-soins-du-corps","7":"product_cat-exfoliants-pour-le-corps-de-luxe","8":"product_cat-cremes-corps-de-luxe","10":"first","11":"instock","12":"taxable","13":"shipping-taxable","14":"purchasable","15":"product-type-simple"},"acf":[],"_links":{"self":[{"href":"https:\/\/yuss.drburgener.com\/fr\/wp-json\/wp\/v2\/product\/1171","targetHints":{"allow":["GET"]}}],"collection":[{"href":"https:\/\/yuss.drburgener.com\/fr\/wp-json\/wp\/v2\/product"}],"about":[{"href":"https:\/\/yuss.drburgener.com\/fr\/wp-json\/wp\/v2\/types\/product"}],"wp:featuredmedia":[{"embeddable":true,"href":"https:\/\/yuss.drburgener.com\/fr\/wp-json\/wp\/v2\/media\/7396"}],"wp:attachment":[{"href":"https:\/\/yuss.drburgener.com\/fr\/wp-json\/wp\/v2\/media?parent=1171"}],"wp:term":[{"taxonomy":"product_brand","embeddable":true,"href":"https:\/\/yuss.drburgener.com\/fr\/wp-json\/wp\/v2\/product_brand?post=1171"},{"taxonomy":"product_cat","embeddable":true,"href":"https:\/\/yuss.drburgener.com\/fr\/wp-json\/wp\/v2\/product_cat?post=1171"},{"taxonomy":"product_tag","embeddable":true,"href":"https:\/\/yuss.drburgener.com\/fr\/wp-json\/wp\/v2\/product_tag?post=1171"}],"curies":[{"name":"wp","href":"https:\/\/api.w.org\/{rel}","templated":true}]}}