{"id":1165,"date":"2024-05-02T15:42:20","date_gmt":"2024-05-02T15:42:20","guid":{"rendered":"https:\/\/evo.drburgener.com\/?product=la-collection-les-essentiels"},"modified":"2025-10-17T11:46:12","modified_gmt":"2025-10-17T09:46:12","slug":"la-collection-les-essentiels","status":"publish","type":"product","link":"https:\/\/yuss.drburgener.com\/fr\/product\/la-collection-les-essentiels\/","title":{"rendered":"La Collection &lsquo;Les Essentiels&rsquo;"},"content":{"rendered":"<p class=\"p1\"><span data-sheets-root=\"1\">\u00c9levez votre routine de soins en d\u00e9placement avec la Collection les Essentiels de Dr Burgener Switzerland, con\u00e7ue pour une peau naturellement revitalis\u00e9e. <\/span><\/p>\n<p class=\"p1\"><span data-sheets-root=\"1\">Ce coffret de voyage premium inclut :<\/span><\/p>\n<p>Lait Nettoyant (30 ml) : \u00c9limine en douceur les impuret\u00e9s et le maquillage pour une peau fra\u00eeche.<br \/>\nLotion Florale (30 ml) : \u00c9quilibre et hydrate, pr\u00e9parant votre peau pour une absorption optimale.<br \/>\nCr\u00e8me Visage Green Caviar (15 ml) : Infuse la peau de nutriments pour une hydratation et une nutrition accrues.<br \/>\nCr\u00e8me Visage Collagen Intense (15 ml) : Stimule la production de collag\u00e8ne pour am\u00e9liorer la fermet\u00e9 et l\u2019\u00e9lasticit\u00e9 de la peau.<br \/>\nS\u00e9rum Grand Cru Gold (5 ml) : Offre une puissante protection antioxydante pour une peau d\u2019apparence jeune.<br \/>\nS\u00e9rum Visage Collagen Intense (5 ml) : Lisse les ridules et am\u00e9liore la texture de la peau.<br \/>\nPatches Instantan\u00e9s \u00c9clat Regard : Revitalisent les yeux fatigu\u00e9s pour un regard frais.<br \/>\nMasque Hydra Filler : Apporte une hydratation intense pour un teint repulp\u00e9 et \u00e9clatant.<\/p>\n<p>Parfaite pour garder votre peau radieuse o\u00f9 que vous voyagiez, la Collection Essential combine luxe et praticit\u00e9. D\u00e9couvrez le pouvoir transformateur de soins haut de gamme et maintenez votre \u00e9clat \u00e0 chaque aventure.<\/p>\n","protected":false},"excerpt":{"rendered":"<p><span data-sheets-root=\"1\">Revitalisez votre peau en d\u00e9placement avec la Collection les Essentiels de Dr Burgener Switzerland. <\/span><\/p>\n<p><span data-sheets-root=\"1\">D\u00e9couvrez le secret d&rsquo;une peau naturellement \u00e9clatante et revitalis\u00e9e pendant vos voyages gr\u00e2ce \u00e0 cette gamme de produits de soins en taille voyage, id\u00e9ale pour garder votre teint radieux o\u00f9 que vous alliez.<\/span><\/p>\n<p>&nbsp;<\/p>\n","protected":false},"featured_media":7265,"template":"","meta":{"_acf_changed":false},"product_brand":[],"product_cat":[57,35,42],"product_tag":[245],"class_list":{"0":"post-1165","1":"product","2":"type-product","3":"status-publish","4":"has-post-thumbnail","6":"product_cat-editions-limitees-de-luxe","7":"product_cat-tous-les-types-de-peau","8":"product_cat-soins-visage-de-luxe","9":"product_tag-new-in-fr","11":"first","12":"instock","13":"taxable","14":"shipping-taxable","15":"purchasable","16":"product-type-simple"},"acf":[],"_links":{"self":[{"href":"https:\/\/yuss.drburgener.com\/fr\/wp-json\/wp\/v2\/product\/1165","targetHints":{"allow":["GET"]}}],"collection":[{"href":"https:\/\/yuss.drburgener.com\/fr\/wp-json\/wp\/v2\/product"}],"about":[{"href":"https:\/\/yuss.drburgener.com\/fr\/wp-json\/wp\/v2\/types\/product"}],"wp:featuredmedia":[{"embeddable":true,"href":"https:\/\/yuss.drburgener.com\/fr\/wp-json\/wp\/v2\/media\/7265"}],"wp:attachment":[{"href":"https:\/\/yuss.drburgener.com\/fr\/wp-json\/wp\/v2\/media?parent=1165"}],"wp:term":[{"taxonomy":"product_brand","embeddable":true,"href":"https:\/\/yuss.drburgener.com\/fr\/wp-json\/wp\/v2\/product_brand?post=1165"},{"taxonomy":"product_cat","embeddable":true,"href":"https:\/\/yuss.drburgener.com\/fr\/wp-json\/wp\/v2\/product_cat?post=1165"},{"taxonomy":"product_tag","embeddable":true,"href":"https:\/\/yuss.drburgener.com\/fr\/wp-json\/wp\/v2\/product_tag?post=1165"}],"curies":[{"name":"wp","href":"https:\/\/api.w.org\/{rel}","templated":true}]}}