{"id":1156,"date":"2024-05-02T15:21:15","date_gmt":"2024-05-02T15:21:15","guid":{"rendered":"https:\/\/evo.drburgener.com\/?product=les-perles-vita-c-visage"},"modified":"2025-11-13T09:33:20","modified_gmt":"2025-11-13T08:33:20","slug":"les-perles-vita-c-visage","status":"publish","type":"product","link":"https:\/\/yuss.drburgener.com\/fr\/product\/les-perles-vita-c-visage\/","title":{"rendered":"Les Perles de Vitamin C+"},"content":{"rendered":"<p><span data-sheets-root=\"1\">Pr\u00e9parez-vous \u00e0 briller avec les Perles de Vitamine C+ de Dr Burgener Switzerland. <\/span><\/p>\n<p><span data-sheets-root=\"1\">Cette solution de soin innovante am\u00e9liore la fermet\u00e9 de la peau, r\u00e9duit les rides et rehausse l&rsquo;\u00e9clat tout en prot\u00e9geant contre le stress oxydatif. Formul\u00e9e avec 79 % d&rsquo;acide L-ascorbique pur et enrichie en extrait de prune Kakadu, peptide Swiss Perfection et huile de jojoba, elle d\u00e9livre des antioxydants puissants qui rajeunissent la peau. <\/span><\/p>\n<p><span data-sheets-root=\"1\">Obtenez des r\u00e9sultats visibles, y compris une diminution des ridules et une am\u00e9lioration de l&rsquo;\u00e9lasticit\u00e9, apr\u00e8s seulement huit semaines d&rsquo;utilisation. Appliquez une perle par jour pour un teint lumineux et profitez des bienfaits transformateurs de ce produit de soin essentiel.<\/span><\/p>\n","protected":false},"excerpt":{"rendered":"<p><span data-sheets-root=\"1\">Pr\u00e9parez-vous \u00e0 briller avec les Perles de Vitamine C+ de Dr Burgener Switzerland. <\/span><\/p>\n<p><span data-sheets-root=\"1\">Cette solution de soin innovante am\u00e9liore la fermet\u00e9 de la peau, r\u00e9duit les rides et rehausse l&rsquo;\u00e9clat tout en prot\u00e9geant contre le stress oxydatif. Formul\u00e9e avec 79 % d&rsquo;acide L-ascorbique pur et enrichie en extrait de prune Kakadu, peptide Swiss Perfection et huile de jojoba, elle d\u00e9livre des antioxydants puissants qui rajeunissent la peau. Obtenez des r\u00e9sultats visibles, y compris une diminution des ridules et une am\u00e9lioration de l&rsquo;\u00e9lasticit\u00e9, apr\u00e8s seulement huit semaines d&rsquo;utilisation. <\/span><\/p>\n<p><span data-sheets-root=\"1\">Appliquez une perle par jour pour un teint lumineux et profitez des bienfaits transformateurs de ce produit de soin essentiel.<\/span><\/p>\n","protected":false},"featured_media":7519,"template":"","meta":{"_acf_changed":false},"product_brand":[],"product_cat":[42,299,301,48,256,41],"product_tag":[267],"class_list":{"0":"post-1156","1":"product","2":"type-product","3":"status-publish","4":"has-post-thumbnail","6":"product_cat-soins-visage-de-luxe","7":"product_cat-teint-terne","8":"product_cat-hyperpigmentation","9":"product_cat-serums-visage-de-luxe","10":"product_cat-soins-eclat-a-la-vitamine-c-de-luxe","11":"product_cat-peau-hyperpigmentee","12":"product_tag-la-ligne-eclat-a-la-vitamine-c","14":"first","15":"instock","16":"taxable","17":"shipping-taxable","18":"purchasable","19":"product-type-simple"},"acf":[],"_links":{"self":[{"href":"https:\/\/yuss.drburgener.com\/fr\/wp-json\/wp\/v2\/product\/1156","targetHints":{"allow":["GET"]}}],"collection":[{"href":"https:\/\/yuss.drburgener.com\/fr\/wp-json\/wp\/v2\/product"}],"about":[{"href":"https:\/\/yuss.drburgener.com\/fr\/wp-json\/wp\/v2\/types\/product"}],"wp:featuredmedia":[{"embeddable":true,"href":"https:\/\/yuss.drburgener.com\/fr\/wp-json\/wp\/v2\/media\/7519"}],"wp:attachment":[{"href":"https:\/\/yuss.drburgener.com\/fr\/wp-json\/wp\/v2\/media?parent=1156"}],"wp:term":[{"taxonomy":"product_brand","embeddable":true,"href":"https:\/\/yuss.drburgener.com\/fr\/wp-json\/wp\/v2\/product_brand?post=1156"},{"taxonomy":"product_cat","embeddable":true,"href":"https:\/\/yuss.drburgener.com\/fr\/wp-json\/wp\/v2\/product_cat?post=1156"},{"taxonomy":"product_tag","embeddable":true,"href":"https:\/\/yuss.drburgener.com\/fr\/wp-json\/wp\/v2\/product_tag?post=1156"}],"curies":[{"name":"wp","href":"https:\/\/api.w.org\/{rel}","templated":true}]}}