{"id":1141,"date":"2024-05-02T15:21:07","date_gmt":"2024-05-02T15:21:07","guid":{"rendered":"https:\/\/evo.drburgener.com\/?product=la-creme-visage-au-caviar-vert"},"modified":"2025-11-13T09:42:17","modified_gmt":"2025-11-13T08:42:17","slug":"la-creme-visage-au-caviar-vert","status":"publish","type":"product","link":"https:\/\/yuss.drburgener.com\/fr\/product\/la-creme-visage-au-caviar-vert\/","title":{"rendered":"La Cr\u00e8me Visage au Caviar Vert"},"content":{"rendered":"<p class=\"p1\"><span data-sheets-root=\"1\">D\u00e9couvrez le pouvoir transformateur de la nature avec la Cr\u00e8me Visage au Caviar Vert de Dr Burgener Switzerland. Cette cr\u00e8me luxueuse est enrichie en Caulerpa Lentillifera, un ingr\u00e9dient unique provenant des eaux pures d&rsquo;Okinawa, au Japon. Sp\u00e9cialement formul\u00e9e pour les peaux matures et s\u00e8ches, elle r\u00e9g\u00e9n\u00e8re et r\u00e9pare, laissant votre teint rafra\u00eechi et revitalis\u00e9.<\/span><\/p>\n<p>Enrichie en Caulerpa Lentillifera d\u2019Okinawa, reconnue pour ses propri\u00e9t\u00e9s anti-\u00e2ge exceptionnelles. Contient deux types d\u2019acide hyaluronique qui agissent en synergie pour hydrater en profondeur et former une barri\u00e8re protectrice sur la peau. Pr\u00e9sente un agent huileux polyactif brevet\u00e9 qui enveloppe et prot\u00e8ge votre peau, offrant une couche harmonieuse de protection.<\/p>\n<p>Aide \u00e0 r\u00e9duire l&rsquo;apparence des ridules et des rides tout en am\u00e9liorant l&rsquo;\u00e9lasticit\u00e9 de la peau.<\/p>\n","protected":false},"excerpt":{"rendered":"<p><span data-sheets-root=\"1\">D\u00e9couvrez le pouvoir anti-\u00e2ge de la Cr\u00e8me Visage au Caviar Vert de Dr Burgener Switzerland. <\/span><\/p>\n<p><span data-sheets-root=\"1\">Ce soin luxueux de 50 ml est sp\u00e9cialement formul\u00e9 pour les peaux matures et s\u00e8ches, aidant \u00e0 r\u00e9g\u00e9n\u00e9rer et r\u00e9parer pour un teint plus jeune. Enrichi en caviar vert d&rsquo;Okinawa, ainsi qu&rsquo;en acide hyaluronique et en ingr\u00e9dients actifs avanc\u00e9s, il offre une hydratation intense et des bienfaits antioxydants protecteurs. <\/span><\/p>\n<p><span data-sheets-root=\"1\">Id\u00e9al pour lutter contre les signes du vieillissement, cette cr\u00e8me favorise une peau plus lisse et plus ferme tout en pr\u00e9venant les r\u00e9actions de glycation qui acc\u00e9l\u00e8rent le vieillissement cutan\u00e9.<\/span><\/p>\n","protected":false},"featured_media":6985,"template":"","meta":{"_acf_changed":false},"product_brand":[],"product_cat":[42,296,300,49,252,38,39],"product_tag":[265,285],"class_list":{"0":"post-1141","1":"product","2":"type-product","3":"status-publish","4":"has-post-thumbnail","6":"product_cat-soins-visage-de-luxe","7":"product_cat-rides-et-ridules","8":"product_cat-deshydratation","9":"product_cat-cremes-visage-de-luxe","10":"product_cat-soins-reparateurs-de-luxe","11":"product_cat-peau-seche","12":"product_cat-peau-mature","13":"product_tag-la-ligne-reparatrice","14":"product_tag-gift-2024","16":"first","17":"instock","18":"taxable","19":"shipping-taxable","20":"purchasable","21":"product-type-simple"},"acf":[],"_links":{"self":[{"href":"https:\/\/yuss.drburgener.com\/fr\/wp-json\/wp\/v2\/product\/1141","targetHints":{"allow":["GET"]}}],"collection":[{"href":"https:\/\/yuss.drburgener.com\/fr\/wp-json\/wp\/v2\/product"}],"about":[{"href":"https:\/\/yuss.drburgener.com\/fr\/wp-json\/wp\/v2\/types\/product"}],"wp:featuredmedia":[{"embeddable":true,"href":"https:\/\/yuss.drburgener.com\/fr\/wp-json\/wp\/v2\/media\/6985"}],"wp:attachment":[{"href":"https:\/\/yuss.drburgener.com\/fr\/wp-json\/wp\/v2\/media?parent=1141"}],"wp:term":[{"taxonomy":"product_brand","embeddable":true,"href":"https:\/\/yuss.drburgener.com\/fr\/wp-json\/wp\/v2\/product_brand?post=1141"},{"taxonomy":"product_cat","embeddable":true,"href":"https:\/\/yuss.drburgener.com\/fr\/wp-json\/wp\/v2\/product_cat?post=1141"},{"taxonomy":"product_tag","embeddable":true,"href":"https:\/\/yuss.drburgener.com\/fr\/wp-json\/wp\/v2\/product_tag?post=1141"}],"curies":[{"name":"wp","href":"https:\/\/api.w.org\/{rel}","templated":true}]}}