{"id":1138,"date":"2024-05-02T15:21:05","date_gmt":"2024-05-02T15:21:05","guid":{"rendered":"https:\/\/evo.drburgener.com\/?product=le-duo-corps-parfait"},"modified":"2025-10-17T11:46:16","modified_gmt":"2025-10-17T09:46:16","slug":"le-duo-corps-parfait","status":"publish","type":"product","link":"https:\/\/yuss.drburgener.com\/fr\/product\/le-duo-corps-parfait\/","title":{"rendered":"Le Duo Corps Parfait"},"content":{"rendered":"<p><span data-sheets-root=\"1\">Pr\u00e9parez-vous pour la Plage avec le Duo Parfait pour le Corps de Dr Burgener Switzerland<\/span><\/p>\n<p>Pr\u00e9parez-vous pour l&rsquo;\u00e9t\u00e9 avec le Duo Parfait pour le Corps de Dr Burgener Switzerland. Cette combinaison luxueuse comprend la cr\u00e8me sculptante Total Body Shape, con\u00e7ue pour rafra\u00eechir et tonifier votre peau le matin, favorisant une apparence plus ferme. Suivez avec le Nutrivital Body Milk le soir pour r\u00e9parer et hydrater en profondeur, assurant que votre peau reste hydrat\u00e9e et souple.<\/p>\n<p>Con\u00e7u avec des huiles v\u00e9g\u00e9tales nourrissantes et de la caf\u00e9ine revitalisante, ce duo agit en synergie pour red\u00e9finir les contours de votre corps tout en offrant une sensation de confort. D\u00e9couvrez le summum des soins corporels et adoptez une silhouette lisse et tonique. Achetez d\u00e8s maintenant pour obtenir facilement votre corps de plage parfait !<\/p>\n<p>&nbsp;<\/p>\n","protected":false},"excerpt":{"rendered":"<p><span data-sheets-root=\"1\">Le Duo Parfait pour le Corps : Obtenez Votre \u00c9clat Estival avec le Duo Parfait pour le Corps de Dr Burgener Switzerland. <\/span><\/p>\n<p><span data-sheets-root=\"1\">Ce set luxueux comprend la cr\u00e8me sculptante Total Body Shape pour rafra\u00eechir et tonifier votre peau le matin, suivie du Nutrivital Body Milk pour r\u00e9parer et hydrater en profondeur pendant la nuit. <\/span><\/p>\n<p><span data-sheets-root=\"1\">Enrichi en ingr\u00e9dients nourrissants, ce duo am\u00e9liore l&rsquo;hydratation et la fermet\u00e9 de votre peau, vous rendant pr\u00eate pour la plage en un rien de temps. \u00c9levez votre routine de soins corporels et adoptez une silhouette lisse et radieuse !<\/span><\/p>\n","protected":false},"featured_media":7010,"template":"","meta":{"_acf_changed":false},"product_brand":[],"product_cat":[53,55,38],"product_tag":[],"class_list":{"0":"post-1138","1":"product","2":"type-product","3":"status-publish","4":"has-post-thumbnail","6":"product_cat-soins-du-corps","7":"product_cat-cremes-corps-de-luxe","8":"product_cat-peau-seche","10":"first","11":"instock","12":"taxable","13":"shipping-taxable","14":"purchasable","15":"product-type-simple"},"acf":[],"_links":{"self":[{"href":"https:\/\/yuss.drburgener.com\/fr\/wp-json\/wp\/v2\/product\/1138","targetHints":{"allow":["GET"]}}],"collection":[{"href":"https:\/\/yuss.drburgener.com\/fr\/wp-json\/wp\/v2\/product"}],"about":[{"href":"https:\/\/yuss.drburgener.com\/fr\/wp-json\/wp\/v2\/types\/product"}],"wp:featuredmedia":[{"embeddable":true,"href":"https:\/\/yuss.drburgener.com\/fr\/wp-json\/wp\/v2\/media\/7010"}],"wp:attachment":[{"href":"https:\/\/yuss.drburgener.com\/fr\/wp-json\/wp\/v2\/media?parent=1138"}],"wp:term":[{"taxonomy":"product_brand","embeddable":true,"href":"https:\/\/yuss.drburgener.com\/fr\/wp-json\/wp\/v2\/product_brand?post=1138"},{"taxonomy":"product_cat","embeddable":true,"href":"https:\/\/yuss.drburgener.com\/fr\/wp-json\/wp\/v2\/product_cat?post=1138"},{"taxonomy":"product_tag","embeddable":true,"href":"https:\/\/yuss.drburgener.com\/fr\/wp-json\/wp\/v2\/product_tag?post=1138"}],"curies":[{"name":"wp","href":"https:\/\/api.w.org\/{rel}","templated":true}]}}