{"id":1135,"date":"2024-05-02T15:21:02","date_gmt":"2024-05-02T15:21:02","guid":{"rendered":"https:\/\/evo.drburgener.com\/?product=la-creme-visage-intense-collagene"},"modified":"2025-11-13T09:43:24","modified_gmt":"2025-11-13T08:43:24","slug":"la-creme-visage-intense-collagene","status":"publish","type":"product","link":"https:\/\/yuss.drburgener.com\/fr\/product\/la-creme-visage-intense-collagene\/","title":{"rendered":"La Cr\u00e8me Visage Intense Collag\u00e8ne"},"content":{"rendered":"<p class=\"p1\"><span data-sheets-root=\"1\">D\u00e9couvrez le pouvoir transformateur de la nature et de la science anti-\u00e2ge avec la Cr\u00e8me Visage Collag\u00e8ne Intense de Dr Burgener Switzerland. Cette cr\u00e8me luxueuse est habilement formul\u00e9e avec un m\u00e9lange unique d\u2019ingr\u00e9dients actifs con\u00e7us pour stimuler la production de collag\u00e8ne, r\u00e9duire les rides et restaurer la fermet\u00e9 et l\u2019hydratation de la peau.<\/span><\/p>\n<p>Notre formule avanc\u00e9e combine des sources naturelles de remplissage marin, Coll-Peptide, et de l\u2019acide hyaluronique (poids mol\u00e9culaire bas : 20-50 KDa), ainsi que des huiles nourrissantes telles que l\u2019huile d\u2019abricot, l\u2019huile de jojoba, le squalane d\u2019huile d\u2019olive, et des extraits apaisants de lavande et de g\u00e9ranium.<\/p>\n<p>B\u00e9n\u00e9fices durables :<br \/>\n&#8211; Stimule la production de collag\u00e8ne : Am\u00e9liore l\u2019\u00e9lasticit\u00e9 et la fermet\u00e9 de la peau pour une apparence jeune.<br \/>\n&#8211; R\u00e9duit les rides : Lisse les ridules, donnant \u00e0 votre teint un aspect raffin\u00e9.<br \/>\n&#8211; Restaure l\u2019hydratation : Offre une hydratation profonde, garantissant que votre peau reste rebondie et radieuse.<\/p>\n","protected":false},"excerpt":{"rendered":"<p><span data-sheets-root=\"1\">D\u00e9couvrez la Cr\u00e8me Visage Collag\u00e8ne Intense de Dr Burgener Switzerland. D\u00e9verrouillez le secret d&rsquo;une hydratation et d&rsquo;une \u00e9lasticit\u00e9 cutan\u00e9e ultimes avec la luxueuse Cr\u00e8me Visage Collag\u00e8ne Intense de Dr Burgener Switzerland. <\/span><\/p>\n<p><span data-sheets-root=\"1\">Cette formule avanc\u00e9e est sp\u00e9cialement con\u00e7ue pour revigorer les m\u00e9canismes naturels de production de collag\u00e8ne, offrant un confort et une fermet\u00e9 sup\u00e9rieurs pour un teint radieux et jeune.\u00a0<\/span><\/p>\n","protected":false},"featured_media":6978,"template":"","meta":{"_acf_changed":false},"product_brand":[],"product_cat":[42,296,297,49,254,39,40],"product_tag":[266],"class_list":{"0":"post-1135","1":"product","2":"type-product","3":"status-publish","4":"has-post-thumbnail","6":"product_cat-soins-visage-de-luxe","7":"product_cat-rides-et-ridules","8":"product_cat-rougeur","9":"product_cat-cremes-visage-de-luxe","10":"product_cat-soins-lifting-de-luxe","11":"product_cat-peau-mature","12":"product_cat-peau-sensible","13":"product_tag-la-ligne-lifting","15":"first","16":"instock","17":"taxable","18":"shipping-taxable","19":"purchasable","20":"product-type-simple"},"acf":[],"_links":{"self":[{"href":"https:\/\/yuss.drburgener.com\/fr\/wp-json\/wp\/v2\/product\/1135","targetHints":{"allow":["GET"]}}],"collection":[{"href":"https:\/\/yuss.drburgener.com\/fr\/wp-json\/wp\/v2\/product"}],"about":[{"href":"https:\/\/yuss.drburgener.com\/fr\/wp-json\/wp\/v2\/types\/product"}],"wp:featuredmedia":[{"embeddable":true,"href":"https:\/\/yuss.drburgener.com\/fr\/wp-json\/wp\/v2\/media\/6978"}],"wp:attachment":[{"href":"https:\/\/yuss.drburgener.com\/fr\/wp-json\/wp\/v2\/media?parent=1135"}],"wp:term":[{"taxonomy":"product_brand","embeddable":true,"href":"https:\/\/yuss.drburgener.com\/fr\/wp-json\/wp\/v2\/product_brand?post=1135"},{"taxonomy":"product_cat","embeddable":true,"href":"https:\/\/yuss.drburgener.com\/fr\/wp-json\/wp\/v2\/product_cat?post=1135"},{"taxonomy":"product_tag","embeddable":true,"href":"https:\/\/yuss.drburgener.com\/fr\/wp-json\/wp\/v2\/product_tag?post=1135"}],"curies":[{"name":"wp","href":"https:\/\/api.w.org\/{rel}","templated":true}]}}