{"id":1129,"date":"2024-05-02T15:20:58","date_gmt":"2024-05-02T15:20:58","guid":{"rendered":"https:\/\/evo.drburgener.com\/?product=la-collection-hydra-mask-et-contour-des-yeux"},"modified":"2025-11-13T09:29:31","modified_gmt":"2025-11-13T08:29:31","slug":"la-collection-hydra-mask-et-contour-des-yeux","status":"publish","type":"product","link":"https:\/\/yuss.drburgener.com\/fr\/product\/la-collection-hydra-mask-et-contour-des-yeux\/","title":{"rendered":"La Collection Hydra Mask et Contour des Yeux"},"content":{"rendered":"<p class=\"p1\"><span data-sheets-root=\"1\">Offrez-vous le summum du luxe en mati\u00e8re de soins de la peau avec la Collection Hydra Mask et Contour des Yeux de Dr Burgener Switzerland. Impr\u00e9gnez-vous de l&rsquo;\u00e9treinte de la nature avec notre somptueux Masque Hydra Filler, m\u00e9ticuleusement \u00e9labor\u00e9 \u00e0 partir d&rsquo;eau de coco ferment\u00e9e. Ses fibres bio-cellulosiques enveloppent d\u00e9licatement votre visage, offrant une exp\u00e9rience de seconde peau qui apaise et hydrate, restaurant l&rsquo;\u00e9lasticit\u00e9 et la luminosit\u00e9 de votre peau. <\/span><\/p>\n<p class=\"p1\"><span data-sheets-root=\"1\">\u00c9levez encore davantage votre rituel de soins avec notre luxueux Patch Contour des Yeux en bio-cellulose, un t\u00e9moignage de puret\u00e9 issu de la fermentation de l&rsquo;eau de coco. Laissez ce masque sublime caresser votre contour des yeux d\u00e9licat, le revitalisant et le chouchoutant pour r\u00e9v\u00e9ler un regard revitalis\u00e9 et radieux. Embrassez l&rsquo;\u00e9clat et le luxe de Dr Burgener Switzerland, o\u00f9 la nature rencontre l&rsquo;indulgence en soins de la peau in\u00e9gal\u00e9e.<\/span><\/p>\n","protected":false},"excerpt":{"rendered":"<p><span data-sheets-root=\"1\">D\u00e9couvrez l&rsquo;opulence des soins de la peau avec <\/span>La Collection Hydra Mask et Contour des Yeux <span data-sheets-root=\"1\">de Dr Burgener Switzerland. Notre Masque Hydra Filler, \u00e9labor\u00e9 \u00e0 partir d&rsquo;eau de coco ferment\u00e9e, offre une sensation de seconde peau, hydratant et restaurant l&rsquo;\u00e9lasticit\u00e9 pour une peau radieuse. En compl\u00e9ment, notre Patch Contour des Yeux en bio-cellulose revitalise d\u00e9licatement votre contour des yeux, le chouchoutant pour un regard rafra\u00eechi et lumineux. <\/span><\/p>\n<p><span data-sheets-root=\"1\">Offrez-vous le luxe et d\u00e9couvrez l&rsquo;\u00e9clat avec Dr Burgener Switzerland.<\/span><\/p>\n<p>3x Masque Hydra Filler<br \/>\n3x Patch Instant Eye Radiance<\/p>\n","protected":false},"featured_media":7436,"template":"","meta":{"_acf_changed":false},"product_brand":[],"product_cat":[42,298,35,50,43,46],"product_tag":[],"class_list":{"0":"post-1129","1":"product","2":"type-product","3":"status-publish","4":"has-post-thumbnail","6":"product_cat-soins-visage-de-luxe","7":"product_cat-cernes","8":"product_cat-tous-les-types-de-peau","9":"product_cat-patchs","10":"product_cat-contour-des-yeux","11":"product_cat-masques-visage-de-luxe","13":"first","14":"instock","15":"taxable","16":"shipping-taxable","17":"purchasable","18":"product-type-simple"},"acf":[],"_links":{"self":[{"href":"https:\/\/yuss.drburgener.com\/fr\/wp-json\/wp\/v2\/product\/1129","targetHints":{"allow":["GET"]}}],"collection":[{"href":"https:\/\/yuss.drburgener.com\/fr\/wp-json\/wp\/v2\/product"}],"about":[{"href":"https:\/\/yuss.drburgener.com\/fr\/wp-json\/wp\/v2\/types\/product"}],"wp:featuredmedia":[{"embeddable":true,"href":"https:\/\/yuss.drburgener.com\/fr\/wp-json\/wp\/v2\/media\/7436"}],"wp:attachment":[{"href":"https:\/\/yuss.drburgener.com\/fr\/wp-json\/wp\/v2\/media?parent=1129"}],"wp:term":[{"taxonomy":"product_brand","embeddable":true,"href":"https:\/\/yuss.drburgener.com\/fr\/wp-json\/wp\/v2\/product_brand?post=1129"},{"taxonomy":"product_cat","embeddable":true,"href":"https:\/\/yuss.drburgener.com\/fr\/wp-json\/wp\/v2\/product_cat?post=1129"},{"taxonomy":"product_tag","embeddable":true,"href":"https:\/\/yuss.drburgener.com\/fr\/wp-json\/wp\/v2\/product_tag?post=1129"}],"curies":[{"name":"wp","href":"https:\/\/api.w.org\/{rel}","templated":true}]}}