{"id":1123,"date":"2024-05-02T15:20:54","date_gmt":"2024-05-02T15:20:54","guid":{"rendered":"https:\/\/evo.drburgener.com\/?product=la-solution-peaux-grasses"},"modified":"2025-10-17T11:46:18","modified_gmt":"2025-10-17T09:46:18","slug":"la-solution-peaux-grasses","status":"publish","type":"product","link":"https:\/\/yuss.drburgener.com\/fr\/product\/la-solution-peaux-grasses\/","title":{"rendered":"La Solution Peaux Grasses"},"content":{"rendered":"<p><span data-sheets-root=\"1\">D\u00e9couvrez la solution ultime pour les peaux grasses avec la Solution Peau Grasse de Dr Burgener Switzerland, un rituel de soin m\u00e9ticuleusement con\u00e7u en 7 \u00e9tapes pour offrir des r\u00e9sultats optimaux aux peaux grasses.<\/span><\/p>\n<p>Rituel de soin complet en 7 \u00e9tapes :<\/p>\n<p>Lait D\u00e9maquillant (200ml) : Ce nettoyant doux \u00e9limine efficacement les impuret\u00e9s et l&rsquo;exc\u00e8s de s\u00e9bum, pr\u00e9parant ainsi la peau \u00e0 un teint \u00e9quilibr\u00e9.<br \/>\nLotion Puret\u00e9 (200ml) : Une \u00e9tape essentielle qui \u00e9quilibre le pH de la peau et resserre les pores, garantissant que votre peau est parfaitement pr\u00eate pour les \u00e9tapes suivantes.<br \/>\nS\u00e9rum Visage HA-Xpress (14x5ml) : Infus\u00e9 d&rsquo;acide hyaluronique, ce s\u00e9rum procure une hydratation profonde et repulpe la peau, r\u00e9duisant ainsi l&rsquo;apparence des ridules.<br \/>\nCr\u00e8me \u00c9clat Instantan\u00e9 Contour des Yeux (30ml) : Ciblant les poches et les cernes, cette cr\u00e8me revitalise la zone d\u00e9licate des yeux pour un regard plus jeune.<br \/>\nCr\u00e8me Visage Hydra Balance (50ml) : Cette cr\u00e8me hydratante l\u00e9g\u00e8re hydrate tout en contr\u00f4lant la brillance, assurant \u00e0 votre peau une sensation de fra\u00eecheur et d&rsquo;\u00e9quilibre tout au long de la journ\u00e9e.<br \/>\nUne fois par semaine : Peeling Visage Glacier Blanc (50ml) : Ce traitement exfoliant \u00e9limine les cellules mortes de la peau et d\u00e9sobstrue les pores, r\u00e9v\u00e9lant un teint plus \u00e9clatant et plus lisse.<br \/>\nUne fois par semaine : Masque Puret\u00e9 Alpine (50ml) : D\u00e9toxifie et purifie la peau, en \u00e9liminant les impuret\u00e9s et l&rsquo;exc\u00e8s de s\u00e9bum pour une apparence plus nette.<\/p>\n","protected":false},"excerpt":{"rendered":"<p><span data-sheets-root=\"1\">Obtenez une peau lumineuse avec la Solution Peau Grasse de Dr Burgener Switzerland, un rituel en 7 \u00e9tapes qui cible l&rsquo;exc\u00e8s de s\u00e9bum tout en favorisant l&rsquo;\u00e9quilibre et l&rsquo;hydratation.<\/span><\/p>\n<p><span data-sheets-root=\"1\"> Profitez d&rsquo;une remise de 15 % sur l&rsquo;ensemble du coffret !<br \/>\n<\/span><\/p>\n","protected":false},"featured_media":7027,"template":"","meta":{"_acf_changed":false},"product_brand":[],"product_cat":[220,36,52],"product_tag":[],"class_list":{"0":"post-1123","1":"product","2":"type-product","3":"status-publish","4":"has-post-thumbnail","6":"product_cat-nos-solutions","7":"product_cat-peau-grasse","8":"product_cat-solutions-de-soins-personnalises","10":"first","11":"instock","12":"taxable","13":"shipping-taxable","14":"purchasable","15":"product-type-simple"},"acf":[],"_links":{"self":[{"href":"https:\/\/yuss.drburgener.com\/fr\/wp-json\/wp\/v2\/product\/1123","targetHints":{"allow":["GET"]}}],"collection":[{"href":"https:\/\/yuss.drburgener.com\/fr\/wp-json\/wp\/v2\/product"}],"about":[{"href":"https:\/\/yuss.drburgener.com\/fr\/wp-json\/wp\/v2\/types\/product"}],"wp:featuredmedia":[{"embeddable":true,"href":"https:\/\/yuss.drburgener.com\/fr\/wp-json\/wp\/v2\/media\/7027"}],"wp:attachment":[{"href":"https:\/\/yuss.drburgener.com\/fr\/wp-json\/wp\/v2\/media?parent=1123"}],"wp:term":[{"taxonomy":"product_brand","embeddable":true,"href":"https:\/\/yuss.drburgener.com\/fr\/wp-json\/wp\/v2\/product_brand?post=1123"},{"taxonomy":"product_cat","embeddable":true,"href":"https:\/\/yuss.drburgener.com\/fr\/wp-json\/wp\/v2\/product_cat?post=1123"},{"taxonomy":"product_tag","embeddable":true,"href":"https:\/\/yuss.drburgener.com\/fr\/wp-json\/wp\/v2\/product_tag?post=1123"}],"curies":[{"name":"wp","href":"https:\/\/api.w.org\/{rel}","templated":true}]}}