{"id":1114,"date":"2024-05-02T15:20:50","date_gmt":"2024-05-02T15:20:50","guid":{"rendered":"https:\/\/evo.drburgener.com\/?product=la-solution-peaux-hyperpigmentees"},"modified":"2025-10-17T11:46:19","modified_gmt":"2025-10-17T09:46:19","slug":"la-solution-peaux-hyperpigmentees","status":"publish","type":"product","link":"https:\/\/yuss.drburgener.com\/fr\/product\/la-solution-peaux-hyperpigmentees\/","title":{"rendered":"La Solution Peaux Hyperpigment\u00e9es"},"content":{"rendered":"<div>Obtenez une peau \u00e9clatante avec la Solution Peau Hyperpigment\u00e9e de Dr Burgener Switzerland !<\/div>\n<div><\/div>\n<div>Ce traitement complet en six \u00e9tapes est sp\u00e9cialement con\u00e7u pour cibler l&rsquo;hyperpigmentation et favoriser un teint uniforme.<\/div>\n<div><\/div>\n<div>La routine inclut :<\/div>\n<div>Lait D\u00e9maquillant : \u00c9limine en douceur les impuret\u00e9s et le maquillage.<\/div>\n<div>Lotion Florale : \u00c9quilibre et rafra\u00eechit la peau.<\/div>\n<div>Masque Hydra Filler : Hydrate en profondeur et booste l&rsquo;\u00e9lasticit\u00e9.<\/div>\n<div>Cr\u00e8me Instant Eye Radiance : R\u00e9duit les poches et les cernes.<\/div>\n<div>Concentr\u00e9 Resurfa\u00e7ant Anti-Taches : Exfolie et favorise le renouvellement cellulaire.<\/div>\n<div>Cr\u00e8me Visage Collag\u00e8ne Intense : Raffermit et tonifie la peau.<\/div>\n<div><\/div>\n<div>Profitez de 15 % de r\u00e9duction en achetant le traitement complet ! Laissez les experts de Dr Burgener Switzerland vous guider vers une peau \u00e9clatante. Commencez d\u00e8s aujourd&rsquo;hui votre parcours vers un teint plus lumineux !<\/div>\n","protected":false},"excerpt":{"rendered":"<p>D\u00e9couvrez la solution en 6 \u00e9tapes contre l&rsquo;hyperpigmentation de Dr Burgener Switzerland, comprenant le lait d\u00e9maquillant, la lotion florale, les perles Vita C+, la cr\u00e8me contour des yeux et un SPF 50+.<\/p>\n","protected":false},"featured_media":7036,"template":"","meta":{"_acf_changed":false},"product_brand":[],"product_cat":[220,42,52,41],"product_tag":[],"class_list":{"0":"post-1114","1":"product","2":"type-product","3":"status-publish","4":"has-post-thumbnail","6":"product_cat-nos-solutions","7":"product_cat-soins-visage-de-luxe","8":"product_cat-solutions-de-soins-personnalises","9":"product_cat-peau-hyperpigmentee","11":"first","12":"instock","13":"taxable","14":"shipping-taxable","15":"purchasable","16":"product-type-simple"},"acf":[],"_links":{"self":[{"href":"https:\/\/yuss.drburgener.com\/fr\/wp-json\/wp\/v2\/product\/1114","targetHints":{"allow":["GET"]}}],"collection":[{"href":"https:\/\/yuss.drburgener.com\/fr\/wp-json\/wp\/v2\/product"}],"about":[{"href":"https:\/\/yuss.drburgener.com\/fr\/wp-json\/wp\/v2\/types\/product"}],"wp:featuredmedia":[{"embeddable":true,"href":"https:\/\/yuss.drburgener.com\/fr\/wp-json\/wp\/v2\/media\/7036"}],"wp:attachment":[{"href":"https:\/\/yuss.drburgener.com\/fr\/wp-json\/wp\/v2\/media?parent=1114"}],"wp:term":[{"taxonomy":"product_brand","embeddable":true,"href":"https:\/\/yuss.drburgener.com\/fr\/wp-json\/wp\/v2\/product_brand?post=1114"},{"taxonomy":"product_cat","embeddable":true,"href":"https:\/\/yuss.drburgener.com\/fr\/wp-json\/wp\/v2\/product_cat?post=1114"},{"taxonomy":"product_tag","embeddable":true,"href":"https:\/\/yuss.drburgener.com\/fr\/wp-json\/wp\/v2\/product_tag?post=1114"}],"curies":[{"name":"wp","href":"https:\/\/api.w.org\/{rel}","templated":true}]}}