{"id":1111,"date":"2024-05-02T15:20:48","date_gmt":"2024-05-02T15:20:48","guid":{"rendered":"https:\/\/evo.drburgener.com\/?product=la-solution-peaux-sensibles"},"modified":"2025-10-17T11:46:20","modified_gmt":"2025-10-17T09:46:20","slug":"la-solution-peaux-sensibles","status":"publish","type":"product","link":"https:\/\/yuss.drburgener.com\/fr\/product\/la-solution-peaux-sensibles\/","title":{"rendered":"La Solution Peaux Sensibles"},"content":{"rendered":"<p><span data-sheets-root=\"1\">D\u00e9couvrez la Solution Peaux Sensibles de Dr Burgener Switzerland, un rituel de soin m\u00e9ticuleusement con\u00e7u en 6 \u00e9tapes pour prot\u00e9ger et nourrir les peaux sensibles.<\/span><\/p>\n<p>Lait D\u00e9maquillant (200ml) &#8211; Nettoie en douceur sans irriter.<br \/>\nLotion Florale (200ml) &#8211; Rafra\u00eechit et apaise la peau.<br \/>\nS\u00e9rum Visage HA-XPRESS (14 x 5ml) &#8211; Apporte une hydratation intense et repulpe la peau.<br \/>\nCr\u00e8me \u00c9clat Instantan\u00e9 Contour des Yeux (30ml) &#8211; Illumine et revitalise la zone du contour des yeux.<br \/>\nS\u00e9rum Visage Collag\u00e8ne Intense (30ml) &#8211; Am\u00e9liore l&rsquo;\u00e9lasticit\u00e9 et la fermet\u00e9 de la peau.<br \/>\nCr\u00e8me Visage Collag\u00e8ne Intense (50ml) &#8211; Retient l&rsquo;hydratation pour un teint \u00e9clatant.<br \/>\nProfitez d&rsquo;une remise de 15 % lors de l&rsquo;achat de l&rsquo;ensemble du traitement. Consultez les experts de Dr Burgener pour identifier votre type de peau et trouver la routine parfaite adapt\u00e9e \u00e0 vos besoins.<\/p>\n<p>\u00c9levez votre exp\u00e9rience de soin avec cette solution luxueuse qui allie efficacit\u00e9 et plaisir, assurant que votre peau sensible re\u00e7oit les soins qu\u2019elle m\u00e9rite.<\/p>\n","protected":false},"excerpt":{"rendered":"<p><span data-sheets-root=\"1\">Offrez \u00e0 votre peau sensible le rituel de soin en 6 \u00e9tapes de Dr Burgener Switzerland, comprenant le Lait D\u00e9maquillant, la Lotion Florale, le S\u00e9rum HA-XPRESS, et bien plus. <\/span><\/p>\n<p><span data-sheets-root=\"1\">Obtenez un teint \u00e9clatant et sain !<\/span><\/p>\n","protected":false},"featured_media":7029,"template":"","meta":{"_acf_changed":false},"product_brand":[],"product_cat":[220,52,40],"product_tag":[],"class_list":{"0":"post-1111","1":"product","2":"type-product","3":"status-publish","4":"has-post-thumbnail","6":"product_cat-nos-solutions","7":"product_cat-solutions-de-soins-personnalises","8":"product_cat-peau-sensible","10":"first","11":"instock","12":"taxable","13":"shipping-taxable","14":"purchasable","15":"product-type-simple"},"acf":[],"_links":{"self":[{"href":"https:\/\/yuss.drburgener.com\/fr\/wp-json\/wp\/v2\/product\/1111","targetHints":{"allow":["GET"]}}],"collection":[{"href":"https:\/\/yuss.drburgener.com\/fr\/wp-json\/wp\/v2\/product"}],"about":[{"href":"https:\/\/yuss.drburgener.com\/fr\/wp-json\/wp\/v2\/types\/product"}],"wp:featuredmedia":[{"embeddable":true,"href":"https:\/\/yuss.drburgener.com\/fr\/wp-json\/wp\/v2\/media\/7029"}],"wp:attachment":[{"href":"https:\/\/yuss.drburgener.com\/fr\/wp-json\/wp\/v2\/media?parent=1111"}],"wp:term":[{"taxonomy":"product_brand","embeddable":true,"href":"https:\/\/yuss.drburgener.com\/fr\/wp-json\/wp\/v2\/product_brand?post=1111"},{"taxonomy":"product_cat","embeddable":true,"href":"https:\/\/yuss.drburgener.com\/fr\/wp-json\/wp\/v2\/product_cat?post=1111"},{"taxonomy":"product_tag","embeddable":true,"href":"https:\/\/yuss.drburgener.com\/fr\/wp-json\/wp\/v2\/product_tag?post=1111"}],"curies":[{"name":"wp","href":"https:\/\/api.w.org\/{rel}","templated":true}]}}