{"id":1108,"date":"2024-05-02T15:20:47","date_gmt":"2024-05-02T15:20:47","guid":{"rendered":"https:\/\/evo.drburgener.com\/?product=le-duo-signature-caviar"},"modified":"2025-11-12T09:05:12","modified_gmt":"2025-11-12T08:05:12","slug":"le-duo-signature-caviar","status":"publish","type":"product","link":"https:\/\/yuss.drburgener.com\/fr\/product\/le-duo-signature-caviar\/","title":{"rendered":"Le Duo Signature Caviar"},"content":{"rendered":"<p><span data-sheets-root=\"1\">\u00c9levez votre routine de soins avec le Duo Signature Caviar de Dr Burgener Switzerland<\/span><\/p>\n<p>D\u00e9couvrez l&rsquo;incarnation du luxe avec le Duo Signature Caviar, un ensemble de soins r\u00e9volutionnaire con\u00e7u pour transformer votre teint. Cet extraordinaire duo comprend :<\/p>\n<p>Peeling Visage Black Pearl<br \/>\nConfectionn\u00e9 \u00e0 partir de perles de mer provenant d&rsquo;Okinawa, ce peeling visage innovant \u00e9limine en douceur les cellules mortes, d\u00e9toxifie et purifie la peau. Sa formule unique laisse votre peau douce, lisse et radieuse.<\/p>\n<p>Cr\u00e8me Visage Green Caviar<br \/>\nEnrichie en Caulerpa Lentillifera d&rsquo;Okinawa, cette cr\u00e8me visage luxueuse est id\u00e9ale pour les peaux matures et s\u00e8ches n\u00e9cessitant r\u00e9g\u00e9n\u00e9ration et r\u00e9paration. Comportant des cellules souches de Ficu Vita et deux acides hyaluroniques, elle stimule la synth\u00e8se de collag\u00e8ne, r\u00e9duit les rides et offre une hydratation intense. Un agent ol\u00e9agineux polyactif brevet\u00e9 enveloppe et prot\u00e8ge harmonieusement votre peau, vous laissant ainsi rafra\u00eechie et revitalis\u00e9e.<\/p>\n<p>Cadeau Compl\u00e9mentaire<br \/>\nEn tant que bonus sp\u00e9cial, recevez un pot de 15 ml de notre Cr\u00e8me Visage Collag\u00e8ne Intense ou de notre Cr\u00e8me Visage Green Caviar.<\/p>\n<p>\u00c9levez votre routine de soins avec le Duo Signature Caviar et d\u00e9couvrez le pouvoir transformateur des ingr\u00e9dients naturels et de la technologie de pointe. Offrez-vous cet extraordinaire duo et r\u00e9v\u00e9lez un teint radieux et lumineux qui respire le luxe.<\/p>\n","protected":false},"excerpt":{"rendered":"<p><span data-sheets-root=\"1\">Offrez-vous le Duo Signature Caviar de Dr Burgener Switzerland, comprenant la Cr\u00e8me Visage Green Caviar et le Peeling Visage Black Pearl. <\/span><\/p>\n<p><span data-sheets-root=\"1\">Profitez d&rsquo;une cr\u00e8me de 15 ml offerte pour tout achat !\u00a0<\/span><\/p>\n","protected":false},"featured_media":7369,"template":"","meta":{"_acf_changed":false},"product_brand":[],"product_cat":[42,49,39],"product_tag":[],"class_list":{"0":"post-1108","1":"product","2":"type-product","3":"status-publish","4":"has-post-thumbnail","6":"product_cat-soins-visage-de-luxe","7":"product_cat-cremes-visage-de-luxe","8":"product_cat-peau-mature","10":"first","11":"instock","12":"taxable","13":"shipping-taxable","14":"purchasable","15":"product-type-simple"},"acf":[],"_links":{"self":[{"href":"https:\/\/yuss.drburgener.com\/fr\/wp-json\/wp\/v2\/product\/1108","targetHints":{"allow":["GET"]}}],"collection":[{"href":"https:\/\/yuss.drburgener.com\/fr\/wp-json\/wp\/v2\/product"}],"about":[{"href":"https:\/\/yuss.drburgener.com\/fr\/wp-json\/wp\/v2\/types\/product"}],"wp:featuredmedia":[{"embeddable":true,"href":"https:\/\/yuss.drburgener.com\/fr\/wp-json\/wp\/v2\/media\/7369"}],"wp:attachment":[{"href":"https:\/\/yuss.drburgener.com\/fr\/wp-json\/wp\/v2\/media?parent=1108"}],"wp:term":[{"taxonomy":"product_brand","embeddable":true,"href":"https:\/\/yuss.drburgener.com\/fr\/wp-json\/wp\/v2\/product_brand?post=1108"},{"taxonomy":"product_cat","embeddable":true,"href":"https:\/\/yuss.drburgener.com\/fr\/wp-json\/wp\/v2\/product_cat?post=1108"},{"taxonomy":"product_tag","embeddable":true,"href":"https:\/\/yuss.drburgener.com\/fr\/wp-json\/wp\/v2\/product_tag?post=1108"}],"curies":[{"name":"wp","href":"https:\/\/api.w.org\/{rel}","templated":true}]}}