{"id":1105,"date":"2024-05-02T15:20:44","date_gmt":"2024-05-02T15:20:44","guid":{"rendered":"https:\/\/evo.drburgener.com\/?product=le-kit-hydratation"},"modified":"2025-10-17T11:46:21","modified_gmt":"2025-10-17T09:46:21","slug":"le-kit-hydratation","status":"publish","type":"product","link":"https:\/\/yuss.drburgener.com\/fr\/product\/le-kit-hydratation\/","title":{"rendered":"Le Kit Hydratation"},"content":{"rendered":"<p><span data-sheets-root=\"1\">Sublimez votre peau avec le Kit Hydra r\u00e9volutionnaire de Dr Burgener Switzerland<\/span><\/p>\n<p>D\u00e9couvrez le Kit Hydra de Dr Burgener Switzerland, con\u00e7u pour transformer votre routine de soins !<\/p>\n<p>Ce kit premium inclut :<\/p>\n<p>&#8211; Masque Hydra Filler : Un masque qui hydrate en profondeur votre peau, sublimant son \u00e9clat naturel et sa souplesse. Enrichi en acide hyaluronique et en collag\u00e8ne, renforc\u00e9 par l&rsquo;aloe vera apaisant, ce masque restructure les cellules de la peau et combat les signes du vieillissement.<\/p>\n<p>&#8211; S\u00e9rum HA-Xpress : Un s\u00e9rum puissant (14 x 5ML) qui offre une hydratation instantan\u00e9e, aidant \u00e0 r\u00e9duire l\u2019apparence des ridules et des rides. Ce s\u00e9rum agit en synergie avec le Masque Hydra Filler pour des r\u00e9sultats optimaux.<\/p>\n<p>Choix de Cr\u00e8me : S\u00e9lectionnez entre :<br \/>\n&#8211; Cr\u00e8me Visage Green Caviar (15 ML) : Enrichie en Caulerpa Lentillifera, cette cr\u00e8me revitalise les peaux matures et s\u00e8ches, offrant une hydratation intense et une barri\u00e8re protectrice.<br \/>\n&#8211; Cr\u00e8me Visage Collag\u00e8ne Intense (15 ML) : Formul\u00e9e avec du collag\u00e8ne marin, cette cr\u00e8me raffermit et tonifie la peau, pour un teint visiblement plus jeune.<\/p>\n<p>D\u00e9couvrez la puissance combin\u00e9e de la nature et de la science avec le Kit Hydra. Obtenez une peau visiblement plus lisse, plus \u00e9clatante et commencez d\u00e8s aujourd&rsquo;hui votre voyage vers une beaut\u00e9 \u00e9ternelle !<\/p>\n<p>Commandez votre Kit Hydra de Dr Burgener Switzerland d\u00e8s maintenant et soyez t\u00e9moin de la transformation !<\/p>\n","protected":false},"excerpt":{"rendered":"<p><span data-sheets-root=\"1\">Sublimez l&rsquo;\u00e9clat de votre peau avec le Kit Hydra de Dr Burgener Switzerland, comprenant un Masque Hydra Filler et le S\u00e9rum HA-Xpress pour une hydratation intense et une revitalisation profonde.<\/span><\/p>\n","protected":false},"featured_media":7527,"template":"","meta":{"_acf_changed":false},"product_brand":[],"product_cat":[42,38,52],"product_tag":[],"class_list":{"0":"post-1105","1":"product","2":"type-product","3":"status-publish","4":"has-post-thumbnail","6":"product_cat-soins-visage-de-luxe","7":"product_cat-peau-seche","8":"product_cat-solutions-de-soins-personnalises","10":"first","11":"instock","12":"taxable","13":"shipping-taxable","14":"purchasable","15":"product-type-simple"},"acf":[],"_links":{"self":[{"href":"https:\/\/yuss.drburgener.com\/fr\/wp-json\/wp\/v2\/product\/1105","targetHints":{"allow":["GET"]}}],"collection":[{"href":"https:\/\/yuss.drburgener.com\/fr\/wp-json\/wp\/v2\/product"}],"about":[{"href":"https:\/\/yuss.drburgener.com\/fr\/wp-json\/wp\/v2\/types\/product"}],"wp:featuredmedia":[{"embeddable":true,"href":"https:\/\/yuss.drburgener.com\/fr\/wp-json\/wp\/v2\/media\/7527"}],"wp:attachment":[{"href":"https:\/\/yuss.drburgener.com\/fr\/wp-json\/wp\/v2\/media?parent=1105"}],"wp:term":[{"taxonomy":"product_brand","embeddable":true,"href":"https:\/\/yuss.drburgener.com\/fr\/wp-json\/wp\/v2\/product_brand?post=1105"},{"taxonomy":"product_cat","embeddable":true,"href":"https:\/\/yuss.drburgener.com\/fr\/wp-json\/wp\/v2\/product_cat?post=1105"},{"taxonomy":"product_tag","embeddable":true,"href":"https:\/\/yuss.drburgener.com\/fr\/wp-json\/wp\/v2\/product_tag?post=1105"}],"curies":[{"name":"wp","href":"https:\/\/api.w.org\/{rel}","templated":true}]}}