{"id":1102,"date":"2024-05-02T15:20:43","date_gmt":"2024-05-02T15:20:43","guid":{"rendered":"https:\/\/evo.drburgener.com\/?product=le-duo-collagene"},"modified":"2025-11-12T09:18:47","modified_gmt":"2025-11-12T08:18:47","slug":"le-duo-collagene","status":"publish","type":"product","link":"https:\/\/yuss.drburgener.com\/fr\/product\/le-duo-collagene\/","title":{"rendered":"Le Duo Collag\u00e8ne"},"content":{"rendered":"<p>Offrez-vous le luxueux Duo Collag\u00e8ne de Dr Burgener Switzerland !<\/p>\n<p>Avec 1x 30ml de S\u00e9rum Visage Intense Collag\u00e8ne et 1x 50ml de Cr\u00e8me Visage Intense Collag\u00e8ne, votre peau sera plus douce et plus lisse que jamais !<\/p>\n<p>Le s\u00e9rum procure un effet lissant imm\u00e9diat sur les rides et les fines lignes, tandis que la cr\u00e8me, \u00e0 base de collag\u00e8ne marin, forme un film protecteur, nutritif et astringent pour maintenir votre peau nourrie et prot\u00e9g\u00e9e.<\/p>\n<p>Optez pour le Duo Collag\u00e8ne de Dr Burgener Switzerland et profitez du meilleur des deux mondes !<\/p>\n","protected":false},"excerpt":{"rendered":"<p class=\"text-muted my-2\">D\u00e9couvrez la gamme r\u00e9volutionnaire Collagen Intense de Dr Burgener Switzerland.<\/p>\n<p class=\"text-muted my-2\">Notre puissant duo s\u00e9rum et cr\u00e8me laissera votre peau nourrie et revitalis\u00e9e !<\/p>\n<p class=\"text-muted my-2\">Profitez d&rsquo;une peau plus ferme et radieuse gr\u00e2ce \u00e0 la puissance du collag\u00e8ne<\/p>\n<form action=\"https:\/\/yuss.drburgener.com\/fr\/shop\/cart\/update\" method=\"POST\">\n<div class=\"js_product js_main_product mb-3\">\n<div>\n<div class=\"product_price mt-2 mb-3 d-inline-block\"><\/div>\n<\/div>\n<\/div>\n<\/form>\n","protected":false},"featured_media":6982,"template":"","meta":{"_acf_changed":false},"product_brand":[],"product_cat":[254,39,40],"product_tag":[],"class_list":{"0":"post-1102","1":"product","2":"type-product","3":"status-publish","4":"has-post-thumbnail","6":"product_cat-soins-lifting-de-luxe","7":"product_cat-peau-mature","8":"product_cat-peau-sensible","10":"first","11":"instock","12":"taxable","13":"shipping-taxable","14":"purchasable","15":"product-type-simple"},"acf":[],"_links":{"self":[{"href":"https:\/\/yuss.drburgener.com\/fr\/wp-json\/wp\/v2\/product\/1102","targetHints":{"allow":["GET"]}}],"collection":[{"href":"https:\/\/yuss.drburgener.com\/fr\/wp-json\/wp\/v2\/product"}],"about":[{"href":"https:\/\/yuss.drburgener.com\/fr\/wp-json\/wp\/v2\/types\/product"}],"wp:featuredmedia":[{"embeddable":true,"href":"https:\/\/yuss.drburgener.com\/fr\/wp-json\/wp\/v2\/media\/6982"}],"wp:attachment":[{"href":"https:\/\/yuss.drburgener.com\/fr\/wp-json\/wp\/v2\/media?parent=1102"}],"wp:term":[{"taxonomy":"product_brand","embeddable":true,"href":"https:\/\/yuss.drburgener.com\/fr\/wp-json\/wp\/v2\/product_brand?post=1102"},{"taxonomy":"product_cat","embeddable":true,"href":"https:\/\/yuss.drburgener.com\/fr\/wp-json\/wp\/v2\/product_cat?post=1102"},{"taxonomy":"product_tag","embeddable":true,"href":"https:\/\/yuss.drburgener.com\/fr\/wp-json\/wp\/v2\/product_tag?post=1102"}],"curies":[{"name":"wp","href":"https:\/\/api.w.org\/{rel}","templated":true}]}}