{"id":1099,"date":"2024-05-02T15:20:41","date_gmt":"2024-05-02T15:20:41","guid":{"rendered":"https:\/\/evo.drburgener.com\/?product=le-duo-nettoyant"},"modified":"2025-10-17T11:46:22","modified_gmt":"2025-10-17T09:46:22","slug":"le-duo-nettoyant","status":"publish","type":"product","link":"https:\/\/yuss.drburgener.com\/fr\/product\/le-duo-nettoyant\/","title":{"rendered":"Le Duo Nettoyant"},"content":{"rendered":"<p class=\"long-description\"><span data-sheets-root=\"1\">Rafra\u00eechissez et revitalisez votre peau.<\/span><\/p>\n<p class=\"long-description\"><span data-sheets-root=\"1\">Profitez d\u2019un nettoyage rafra\u00eechissant avec le Lait D\u00e9maquillant et la Lotion Florale de Dr Burgener Switzerland, con\u00e7us pour laisser votre peau douce, \u00e9quilibr\u00e9e et revitalis\u00e9e.<\/span><\/p>\n<p>Commencez votre routine de soins en appliquant le Lait D\u00e9maquillant sur votre visage, cou et d\u00e9collet\u00e9 \u00e0 l\u2019aide de vos mains. Cette formule luxueuse dissout d\u00e9licatement le maquillage et les impuret\u00e9s sans priver la peau de son hydratation naturelle. Rincez \u00e0 l\u2019eau ti\u00e8de \u00e0 l\u2019aide d\u2019un chiffon en microfibre pour une sensation de fra\u00eecheur et de propret\u00e9.<\/p>\n<p>Poursuivez avec la Lotion Florale pour un nettoyage suppl\u00e9mentaire. Imbibez un coton de lotion et passez-le d\u00e9licatement sur votre visage. Cette \u00e9tape finalise le d\u00e9maquillage et aide \u00e0 \u00e9quilibrer le pH de votre peau, la laissant revitalis\u00e9e et pr\u00eate pour les prochaines \u00e9tapes de votre routine.<\/p>\n","protected":false},"excerpt":{"rendered":"<p><span data-sheets-root=\"1\">Revitalisez votre peau avec le duo Lait D\u00e9maquillant &amp; Lotion Florale de Dr Burgener Switzerland. <\/span><\/p>\n<p><span data-sheets-root=\"1\">Gr\u00e2ce \u00e0 des ingr\u00e9dients naturels et doux, ce duo nettoie et \u00e9quilibre votre peau pour un teint doux et sain.\u00a0<\/span><\/p>\n","protected":false},"featured_media":7008,"template":"","meta":{"_acf_changed":false},"product_brand":[],"product_cat":[42,35,44,246],"product_tag":[],"class_list":{"0":"post-1099","1":"product","2":"type-product","3":"status-publish","4":"has-post-thumbnail","6":"product_cat-soins-visage-de-luxe","7":"product_cat-tous-les-types-de-peau","8":"product_cat-soins-de-nettoyage-visage","9":"product_cat-les-essentiels","11":"first","12":"instock","13":"taxable","14":"shipping-taxable","15":"purchasable","16":"product-type-simple"},"acf":[],"_links":{"self":[{"href":"https:\/\/yuss.drburgener.com\/fr\/wp-json\/wp\/v2\/product\/1099","targetHints":{"allow":["GET"]}}],"collection":[{"href":"https:\/\/yuss.drburgener.com\/fr\/wp-json\/wp\/v2\/product"}],"about":[{"href":"https:\/\/yuss.drburgener.com\/fr\/wp-json\/wp\/v2\/types\/product"}],"wp:featuredmedia":[{"embeddable":true,"href":"https:\/\/yuss.drburgener.com\/fr\/wp-json\/wp\/v2\/media\/7008"}],"wp:attachment":[{"href":"https:\/\/yuss.drburgener.com\/fr\/wp-json\/wp\/v2\/media?parent=1099"}],"wp:term":[{"taxonomy":"product_brand","embeddable":true,"href":"https:\/\/yuss.drburgener.com\/fr\/wp-json\/wp\/v2\/product_brand?post=1099"},{"taxonomy":"product_cat","embeddable":true,"href":"https:\/\/yuss.drburgener.com\/fr\/wp-json\/wp\/v2\/product_cat?post=1099"},{"taxonomy":"product_tag","embeddable":true,"href":"https:\/\/yuss.drburgener.com\/fr\/wp-json\/wp\/v2\/product_tag?post=1099"}],"curies":[{"name":"wp","href":"https:\/\/api.w.org\/{rel}","templated":true}]}}