{"id":1084,"date":"2024-05-02T15:20:32","date_gmt":"2024-05-02T15:20:32","guid":{"rendered":"https:\/\/evo.drburgener.com\/?product=le-masque-visage-hydra-filler"},"modified":"2025-11-13T09:28:09","modified_gmt":"2025-11-13T08:28:09","slug":"le-masque-visage-hydra-filler","status":"publish","type":"product","link":"https:\/\/yuss.drburgener.com\/fr\/product\/le-masque-visage-hydra-filler\/","title":{"rendered":"Le Masque Visage Hydra-Filler"},"content":{"rendered":"<p><span data-sheets-root=\"1\">D\u00e9couvrez le meilleur de la nature avec le Masque Hydra Filler de Dr Burgener Switzerland ! <\/span><\/p>\n<p><span data-sheets-root=\"1\">Formul\u00e9 avec de l&rsquo;eau de coco ferment\u00e9e, ce masque innovant est compos\u00e9 de fibres bio-cellulosiques qui adh\u00e8rent parfaitement \u00e0 votre peau, offrant une sensation de seconde peau. Profitez des bienfaits apaisants et hydratants du Masque Hydra Filler, con\u00e7u pour restaurer l&rsquo;\u00e9lasticit\u00e9 et l&rsquo;\u00e9clat de votre peau. <\/span><\/p>\n<p><span data-sheets-root=\"1\">Obtenez une peau radieuse en toute simplicit\u00e9 avec la solution de soins premium de Dr Burgener Switzerland.<\/span><\/p>\n","protected":false},"excerpt":{"rendered":"<p><span data-sheets-root=\"1\">Redonnez de l&rsquo;\u00e9clat \u00e0 votre peau avec le Masque Hydra Filler de Dr Burgener Switzerland, un masque apaisant et hydratant con\u00e7u pour rajeunir votre peau. <\/span><\/p>\n<p><span data-sheets-root=\"1\">Cette formule unique, enrichie en eau de coco ferment\u00e9e, acide hyaluronique et collag\u00e8ne marin, offre un teint radieux et flexible, restaurant l&rsquo;\u00e9lasticit\u00e9 et la vitalit\u00e9 de votre peau.<\/span><\/p>\n","protected":false},"featured_media":7431,"template":"","meta":{"_acf_changed":false},"product_brand":[],"product_cat":[42,297,299,300,301,39,258,41,46],"product_tag":[268],"class_list":{"0":"post-1084","1":"product","2":"type-product","3":"status-publish","4":"has-post-thumbnail","6":"product_cat-soins-visage-de-luxe","7":"product_cat-rougeur","8":"product_cat-teint-terne","9":"product_cat-deshydratation","10":"product_cat-hyperpigmentation","11":"product_cat-peau-mature","12":"product_cat-soins-hydratants-de-luxe","13":"product_cat-peau-hyperpigmentee","14":"product_cat-masques-visage-de-luxe","15":"product_tag-la-ligne-hydratante","17":"first","18":"instock","19":"taxable","20":"shipping-taxable","21":"purchasable","22":"product-type-simple"},"acf":[],"_links":{"self":[{"href":"https:\/\/yuss.drburgener.com\/fr\/wp-json\/wp\/v2\/product\/1084","targetHints":{"allow":["GET"]}}],"collection":[{"href":"https:\/\/yuss.drburgener.com\/fr\/wp-json\/wp\/v2\/product"}],"about":[{"href":"https:\/\/yuss.drburgener.com\/fr\/wp-json\/wp\/v2\/types\/product"}],"wp:featuredmedia":[{"embeddable":true,"href":"https:\/\/yuss.drburgener.com\/fr\/wp-json\/wp\/v2\/media\/7431"}],"wp:attachment":[{"href":"https:\/\/yuss.drburgener.com\/fr\/wp-json\/wp\/v2\/media?parent=1084"}],"wp:term":[{"taxonomy":"product_brand","embeddable":true,"href":"https:\/\/yuss.drburgener.com\/fr\/wp-json\/wp\/v2\/product_brand?post=1084"},{"taxonomy":"product_cat","embeddable":true,"href":"https:\/\/yuss.drburgener.com\/fr\/wp-json\/wp\/v2\/product_cat?post=1084"},{"taxonomy":"product_tag","embeddable":true,"href":"https:\/\/yuss.drburgener.com\/fr\/wp-json\/wp\/v2\/product_tag?post=1084"}],"curies":[{"name":"wp","href":"https:\/\/api.w.org\/{rel}","templated":true}]}}