{"id":1081,"date":"2024-05-02T15:20:30","date_gmt":"2024-05-02T15:20:30","guid":{"rendered":"https:\/\/evo.drburgener.com\/?product=le-serum-visage-intense-au-collagene"},"modified":"2025-11-13T09:43:03","modified_gmt":"2025-11-13T08:43:03","slug":"le-serum-visage-intense-au-collagene","status":"publish","type":"product","link":"https:\/\/yuss.drburgener.com\/fr\/product\/le-serum-visage-intense-au-collagene\/","title":{"rendered":"Le S\u00e9rum Visage Intense Collag\u00e8ne"},"content":{"rendered":"<p><span data-sheets-root=\"1\">D\u00e9couvrez les bienfaits transformateurs du S\u00e9rum Visage Intense Collag\u00e8ne Intense de Dr Burgener Switzerland, o\u00f9 la nature rencontre la science anti-\u00e2ge. Cette cr\u00e8me luxueuse est formul\u00e9e avec un m\u00e9lange unique d\u2019ingr\u00e9dients actifs con\u00e7us pour stimuler la production de collag\u00e8ne, r\u00e9duire les rides, et restaurer la fermet\u00e9 et l\u2019hydratation de la peau.<\/span><\/p>\n<p>Formule Avanc\u00e9e : Revitalise les m\u00e9canismes naturels de production de collag\u00e8ne en utilisant des sources naturelles de remplissage marin, le Coll-Peptide, et de l\u2019acide hyaluronique \u00e0 faible poids mol\u00e9culaire (20-50 KDa).<\/p>\n<p>Huiles Nourrissantes : Enrichie en huile d\u2019abricot, huile de jojoba, et squalane d\u2019huile d\u2019olive pour hydrater et nourrir en profondeur votre peau.<\/p>\n<p>Extraits Botaniques : Infus\u00e9e de lavande et de g\u00e9ranium pour des propri\u00e9t\u00e9s apaisantes et un parfum d\u00e9licat.<\/p>\n","protected":false},"excerpt":{"rendered":"<p><span data-sheets-root=\"1\">D\u00e9couvrez le <\/span>S\u00e9rum Visage Intense Collag\u00e8ne <span data-sheets-root=\"1\">de Dr Burgener Switzerland, qui enrichira votre routine de soins de la peau. <\/span><\/p>\n<p><span data-sheets-root=\"1\">Ce s\u00e9rum luxueux poss\u00e8de une texture lact\u00e9e l\u00e9g\u00e8re et est formul\u00e9 avec du plancton marin et un m\u00e9lange unique de trois acides hyaluroniques naturels. <\/span><\/p>\n<p><span data-sheets-root=\"1\">Il nettoie, nourrit et prot\u00e8ge votre peau, offrant une hydratation sup\u00e9rieure et favorisant un teint radieux. <\/span><\/p>\n<p><span data-sheets-root=\"1\">Ressentez les effets lissants imm\u00e9diats sur les rides tout en stimulant la synth\u00e8se de collag\u00e8ne pour un teint rajeuni. Id\u00e9al pour un usage quotidien, ce s\u00e9rum est votre cl\u00e9 pour obtenir un \u00e9clat jeune et maintenir une peau en pleine sant\u00e9.<\/span><\/p>\n","protected":false},"featured_media":7012,"template":"","meta":{"_acf_changed":false},"product_brand":[],"product_cat":[42,296,297,48,254,39,40],"product_tag":[266],"class_list":{"0":"post-1081","1":"product","2":"type-product","3":"status-publish","4":"has-post-thumbnail","6":"product_cat-soins-visage-de-luxe","7":"product_cat-rides-et-ridules","8":"product_cat-rougeur","9":"product_cat-serums-visage-de-luxe","10":"product_cat-soins-lifting-de-luxe","11":"product_cat-peau-mature","12":"product_cat-peau-sensible","13":"product_tag-la-ligne-lifting","15":"first","16":"instock","17":"taxable","18":"shipping-taxable","19":"purchasable","20":"product-type-simple"},"acf":[],"_links":{"self":[{"href":"https:\/\/yuss.drburgener.com\/fr\/wp-json\/wp\/v2\/product\/1081","targetHints":{"allow":["GET"]}}],"collection":[{"href":"https:\/\/yuss.drburgener.com\/fr\/wp-json\/wp\/v2\/product"}],"about":[{"href":"https:\/\/yuss.drburgener.com\/fr\/wp-json\/wp\/v2\/types\/product"}],"wp:featuredmedia":[{"embeddable":true,"href":"https:\/\/yuss.drburgener.com\/fr\/wp-json\/wp\/v2\/media\/7012"}],"wp:attachment":[{"href":"https:\/\/yuss.drburgener.com\/fr\/wp-json\/wp\/v2\/media?parent=1081"}],"wp:term":[{"taxonomy":"product_brand","embeddable":true,"href":"https:\/\/yuss.drburgener.com\/fr\/wp-json\/wp\/v2\/product_brand?post=1081"},{"taxonomy":"product_cat","embeddable":true,"href":"https:\/\/yuss.drburgener.com\/fr\/wp-json\/wp\/v2\/product_cat?post=1081"},{"taxonomy":"product_tag","embeddable":true,"href":"https:\/\/yuss.drburgener.com\/fr\/wp-json\/wp\/v2\/product_tag?post=1081"}],"curies":[{"name":"wp","href":"https:\/\/api.w.org\/{rel}","templated":true}]}}