{"id":1078,"date":"2024-05-02T15:20:29","date_gmt":"2024-05-02T15:20:29","guid":{"rendered":"https:\/\/evo.drburgener.com\/?product=serum-visage-or-grand-cru"},"modified":"2025-11-13T09:42:34","modified_gmt":"2025-11-13T08:42:34","slug":"serum-visage-or-grand-cru","status":"publish","type":"product","link":"https:\/\/yuss.drburgener.com\/fr\/product\/serum-visage-or-grand-cru\/","title":{"rendered":"Le Grand Cru Or S\u00e9rum Visage"},"content":{"rendered":"<p><span data-sheets-root=\"1\">Ce s\u00e9rum anti-\u00e2ge pour le visage est formul\u00e9 avec un m\u00e9lange de vari\u00e9t\u00e9s de raisins nobles, dont Chardonnay, Pinot Noir et Pinot Meunier. Ces extraits naturels sont riches en puissants antioxydants tels que les procyanidines et la vitamine E, qui aident \u00e0 lutter contre le stress oxydatif et les signes de l&rsquo;\u00e2ge.<\/span><\/p>\n<p>Le s\u00e9rum contient \u00e9galement de l&rsquo;extrait de racine d&rsquo;Imperatoria cylindrica, un ingr\u00e9dient puissant qui booste l&rsquo;hydratation. Il est riche en ions potassium, qui agissent en synergie avec les antioxydants pour nourrir et revitaliser la peau.<\/p>\n<p>Le complexe dor\u00e9 luxueux fonctionne comme un syst\u00e8me de diffusion, utilisant des particules d&rsquo;or et un peptide anti-rides pour cibler les ridules et les rides. L&rsquo;acide hyaluronique et les algues rouges forment un v\u00e9ritable film hydratant sur la peau, augmentant l&rsquo;hydratation et la souplesse pour un teint jeune et radieux.<\/p>\n","protected":false},"excerpt":{"rendered":"<p><span data-sheets-root=\"1\">D\u00e9couvrez l&rsquo;ultime indulgence en soins de la peau avec le s\u00e9rum unique de Dr Burgener Switzerland, compos\u00e9 d&rsquo;un m\u00e9lange de raisins luxueux Chardonnay, Pinot Noir et Pinot Meunier. <\/span><\/p>\n<p><span data-sheets-root=\"1\">Ce s\u00e9rum exceptionnel est \u00e9labor\u00e9 avec les meilleurs ingr\u00e9dients naturels, dont les raisins Chardonnay, reconnus pour leurs notes riches et complexes et leurs textures vibrantes ; le Pinot Noir, qui ajoute profondeur et sophistication \u00e0 la formule du s\u00e9rum ; et le Pinot Meunier, qui enrichit le m\u00e9lange unique du s\u00e9rum pour des r\u00e9sultats in\u00e9gal\u00e9s.<\/span><\/p>\n","protected":false},"featured_media":7015,"template":"","meta":{"_acf_changed":false},"product_brand":[],"product_cat":[42,296,300,48,252,39],"product_tag":[265,285],"class_list":{"0":"post-1078","1":"product","2":"type-product","3":"status-publish","4":"has-post-thumbnail","6":"product_cat-soins-visage-de-luxe","7":"product_cat-rides-et-ridules","8":"product_cat-deshydratation","9":"product_cat-serums-visage-de-luxe","10":"product_cat-soins-reparateurs-de-luxe","11":"product_cat-peau-mature","12":"product_tag-la-ligne-reparatrice","13":"product_tag-gift-2024","15":"first","16":"instock","17":"taxable","18":"shipping-taxable","19":"purchasable","20":"product-type-simple"},"acf":[],"_links":{"self":[{"href":"https:\/\/yuss.drburgener.com\/fr\/wp-json\/wp\/v2\/product\/1078","targetHints":{"allow":["GET"]}}],"collection":[{"href":"https:\/\/yuss.drburgener.com\/fr\/wp-json\/wp\/v2\/product"}],"about":[{"href":"https:\/\/yuss.drburgener.com\/fr\/wp-json\/wp\/v2\/types\/product"}],"wp:featuredmedia":[{"embeddable":true,"href":"https:\/\/yuss.drburgener.com\/fr\/wp-json\/wp\/v2\/media\/7015"}],"wp:attachment":[{"href":"https:\/\/yuss.drburgener.com\/fr\/wp-json\/wp\/v2\/media?parent=1078"}],"wp:term":[{"taxonomy":"product_brand","embeddable":true,"href":"https:\/\/yuss.drburgener.com\/fr\/wp-json\/wp\/v2\/product_brand?post=1078"},{"taxonomy":"product_cat","embeddable":true,"href":"https:\/\/yuss.drburgener.com\/fr\/wp-json\/wp\/v2\/product_cat?post=1078"},{"taxonomy":"product_tag","embeddable":true,"href":"https:\/\/yuss.drburgener.com\/fr\/wp-json\/wp\/v2\/product_tag?post=1078"}],"curies":[{"name":"wp","href":"https:\/\/api.w.org\/{rel}","templated":true}]}}