{"id":1075,"date":"2024-05-02T15:20:27","date_gmt":"2024-05-02T15:20:27","guid":{"rendered":"https:\/\/evo.drburgener.com\/?product=la-creme-visage-hydra-balance"},"modified":"2025-11-13T09:24:30","modified_gmt":"2025-11-13T08:24:30","slug":"la-creme-visage-hydra-balance","status":"publish","type":"product","link":"https:\/\/yuss.drburgener.com\/fr\/product\/la-creme-visage-hydra-balance\/","title":{"rendered":"La Cr\u00e8me Visage Hydra-Balance"},"content":{"rendered":"<p class=\"p1\"><span data-sheets-root=\"1\">D\u00e9couvrez le pouvoir des ingr\u00e9dients naturels avec la Cr\u00e8me Visage Hydra Balance de Dr Burgener Switzerland ! <\/span><\/p>\n<p class=\"p1\"><span data-sheets-root=\"1\">Cette formule unique allie probiotiques et pr\u00e9biotiques pour r\u00e9parer la barri\u00e8re naturelle de la peau, tandis que la vitamine B3 et les extraits de plantes alpines suisses r\u00e9duisent l&rsquo;apparence des pores dilat\u00e9s et \u00e9quilibrent la production de s\u00e9bum.<\/span><\/p>\n","protected":false},"excerpt":{"rendered":"<p><span data-sheets-root=\"1\">D\u00e9couvrez une hydratation in\u00e9gal\u00e9e et un \u00e9quilibre parfait de la peau avec la Cr\u00e8me Visage Hydra Balance de Dr Burgener Switzerland. <\/span><\/p>\n<p><span data-sheets-root=\"1\">Cette formule avanc\u00e9e est sp\u00e9cialement con\u00e7ue pour restaurer la barri\u00e8re naturelle de votre peau gr\u00e2ce \u00e0 un puissant m\u00e9lange de probiotiques et de pr\u00e9biotiques.<\/span><\/p>\n","protected":false},"featured_media":6986,"template":"","meta":{"_acf_changed":false},"product_brand":[],"product_cat":[42,295,296,297,299,300,301,36,49,37,258],"product_tag":[143,268],"class_list":{"0":"post-1075","1":"product","2":"type-product","3":"status-publish","4":"has-post-thumbnail","6":"product_cat-soins-visage-de-luxe","7":"product_cat-acne","8":"product_cat-rides-et-ridules","9":"product_cat-rougeur","10":"product_cat-teint-terne","11":"product_cat-deshydratation","12":"product_cat-hyperpigmentation","13":"product_cat-peau-grasse","14":"product_cat-cremes-visage-de-luxe","15":"product_cat-peau-mixte","16":"product_cat-soins-hydratants-de-luxe","17":"product_tag-routine-1","18":"product_tag-la-ligne-hydratante","20":"first","21":"instock","22":"taxable","23":"shipping-taxable","24":"purchasable","25":"product-type-simple"},"acf":[],"_links":{"self":[{"href":"https:\/\/yuss.drburgener.com\/fr\/wp-json\/wp\/v2\/product\/1075","targetHints":{"allow":["GET"]}}],"collection":[{"href":"https:\/\/yuss.drburgener.com\/fr\/wp-json\/wp\/v2\/product"}],"about":[{"href":"https:\/\/yuss.drburgener.com\/fr\/wp-json\/wp\/v2\/types\/product"}],"wp:featuredmedia":[{"embeddable":true,"href":"https:\/\/yuss.drburgener.com\/fr\/wp-json\/wp\/v2\/media\/6986"}],"wp:attachment":[{"href":"https:\/\/yuss.drburgener.com\/fr\/wp-json\/wp\/v2\/media?parent=1075"}],"wp:term":[{"taxonomy":"product_brand","embeddable":true,"href":"https:\/\/yuss.drburgener.com\/fr\/wp-json\/wp\/v2\/product_brand?post=1075"},{"taxonomy":"product_cat","embeddable":true,"href":"https:\/\/yuss.drburgener.com\/fr\/wp-json\/wp\/v2\/product_cat?post=1075"},{"taxonomy":"product_tag","embeddable":true,"href":"https:\/\/yuss.drburgener.com\/fr\/wp-json\/wp\/v2\/product_tag?post=1075"}],"curies":[{"name":"wp","href":"https:\/\/api.w.org\/{rel}","templated":true}]}}