{"id":1072,"date":"2024-05-02T15:20:25","date_gmt":"2024-05-02T15:20:25","guid":{"rendered":"https:\/\/evo.drburgener.com\/?product=le-masque-purete-des-alpes"},"modified":"2025-11-13T09:26:54","modified_gmt":"2025-11-13T08:26:54","slug":"le-masque-purete-des-alpes","status":"publish","type":"product","link":"https:\/\/yuss.drburgener.com\/fr\/product\/le-masque-purete-des-alpes\/","title":{"rendered":"Le Masque Puret\u00e9 des Alpes"},"content":{"rendered":"<p><span data-sheets-root=\"1\">Revitalisez votre peau avec le Masque Alpine Purity de Dr Burgener Switzerland, sp\u00e9cialement con\u00e7u pour les peaux grasses. <\/span><\/p>\n<p><span data-sheets-root=\"1\">Ce masque efficace utilise les propri\u00e9t\u00e9s purifiantes de l&rsquo;argile blanche pour d\u00e9toxifier et remin\u00e9raliser l&rsquo;\u00e9piderme. <\/span><\/p>\n<p><span data-sheets-root=\"1\">Enrichi d&rsquo;un puissant m\u00e9lange de Zinc, d&rsquo;Epilobium et de Niacinamide, il aide \u00e0 r\u00e9duire les imperfections tout en apportant un \u00e9clat radieux \u00e0 votre teint. <\/span><\/p>\n<p><span data-sheets-root=\"1\">D\u00e9couvrez des soins luxueux qui \u00e9quilibrent la production de s\u00e9bum et r\u00e9v\u00e8lent votre beaut\u00e9 naturelle.<\/span><\/p>\n<p>&nbsp;<\/p>\n","protected":false},"excerpt":{"rendered":"<p><span data-sheets-root=\"1\">D\u00e9couvrez le Masque Alpine Purity de Dr Burgener Switzerland, con\u00e7u pour r\u00e9duire les imperfections et favoriser un \u00e9clat naturel et magnifique. <\/span><\/p>\n<p><span data-sheets-root=\"1\">Ce masque luxueux, fabriqu\u00e9 en Suisse, purifie et r\u00e9g\u00e9n\u00e8re efficacement votre teint pour une peau radieuse et en pleine sant\u00e9.<\/span><\/p>\n<p>&nbsp;<\/p>\n","protected":false},"featured_media":6990,"template":"","meta":{"_acf_changed":false},"product_brand":[],"product_cat":[42,295,36,37,260,46],"product_tag":[143,269],"class_list":{"0":"post-1072","1":"product","2":"type-product","3":"status-publish","4":"has-post-thumbnail","6":"product_cat-soins-visage-de-luxe","7":"product_cat-acne","8":"product_cat-peau-grasse","9":"product_cat-peau-mixte","10":"product_cat-soins-purete-de-luxe","11":"product_cat-masques-visage-de-luxe","12":"product_tag-routine-1","13":"product_tag-la-ligne-purete","15":"first","16":"instock","17":"taxable","18":"shipping-taxable","19":"purchasable","20":"product-type-simple"},"acf":[],"_links":{"self":[{"href":"https:\/\/yuss.drburgener.com\/fr\/wp-json\/wp\/v2\/product\/1072","targetHints":{"allow":["GET"]}}],"collection":[{"href":"https:\/\/yuss.drburgener.com\/fr\/wp-json\/wp\/v2\/product"}],"about":[{"href":"https:\/\/yuss.drburgener.com\/fr\/wp-json\/wp\/v2\/types\/product"}],"wp:featuredmedia":[{"embeddable":true,"href":"https:\/\/yuss.drburgener.com\/fr\/wp-json\/wp\/v2\/media\/6990"}],"wp:attachment":[{"href":"https:\/\/yuss.drburgener.com\/fr\/wp-json\/wp\/v2\/media?parent=1072"}],"wp:term":[{"taxonomy":"product_brand","embeddable":true,"href":"https:\/\/yuss.drburgener.com\/fr\/wp-json\/wp\/v2\/product_brand?post=1072"},{"taxonomy":"product_cat","embeddable":true,"href":"https:\/\/yuss.drburgener.com\/fr\/wp-json\/wp\/v2\/product_cat?post=1072"},{"taxonomy":"product_tag","embeddable":true,"href":"https:\/\/yuss.drburgener.com\/fr\/wp-json\/wp\/v2\/product_tag?post=1072"}],"curies":[{"name":"wp","href":"https:\/\/api.w.org\/{rel}","templated":true}]}}