{"id":1069,"date":"2024-05-02T15:20:23","date_gmt":"2024-05-02T15:20:23","guid":{"rendered":"https:\/\/evo.drburgener.com\/?product=le-lait-corps-nutrivital"},"modified":"2025-10-17T11:46:27","modified_gmt":"2025-10-17T09:46:27","slug":"le-lait-corps-nutrivital","status":"publish","type":"product","link":"https:\/\/yuss.drburgener.com\/fr\/product\/le-lait-corps-nutrivital\/","title":{"rendered":"Le Lait Corps Nutrivital"},"content":{"rendered":"<p><span data-sheets-root=\"1\">D\u00e9couvrez le luxe des soins de la peau avec le Nutrivital Body Milk de Dr Burgener Switzerland. Offrez-vous une exp\u00e9rience de soins de luxe ultime avec le Nutrivital Body Milk de Dr Burgener Switzerland. Ce hydratant non gras est parfaitement formul\u00e9 pour nourrir et rajeunir votre peau, la laissant douce, flexible et profond\u00e9ment hydrat\u00e9e. Enrichi en extrait de raisin suisse riche en antioxydants et en beurre de karit\u00e9, notre lait corporel hydratant offre une nutrition quotidienne tout en prot\u00e9geant efficacement votre peau des signes du vieillissement.<\/span><\/p>\n<p>Profitez d&rsquo;une finition soyeuse sans r\u00e9sidu gras, ce qui le rend parfait pour une utilisation quotidienne. Cette formule avanc\u00e9e am\u00e9liore non seulement la qualit\u00e9 de la peau, mais favorise \u00e9galement un \u00e9clat jeunesse, garantissant que votre peau semble et se sente au mieux. Choyez-vous avec le confort luxueux de notre produit de soins suisses, con\u00e7u pour ceux qui appr\u00e9cient des soins corporels de haute qualit\u00e9 et efficaces.<\/p>\n<p>Transformez votre routine de soins avec le Nutrivital Body Milk de Dr Burgener Switzerland\u2014 le choix id\u00e9al pour quiconque cherche \u00e0 obtenir une peau radieuse et en bonne sant\u00e9.<\/p>\n","protected":false},"excerpt":{"rendered":"<p><span data-sheets-root=\"1\">D\u00e9couvrez l&rsquo;ultime luxe en mati\u00e8re de soins de la peau avec le Nutrivital Body Milk de Dr Burgener Switzerland. Ce hydratant non gras est con\u00e7u pour nourrir votre peau, la laissant rafra\u00eechie, douce et flexible. Enrichi en extrait de raisin suisse riche en antioxydants et en beurre de karit\u00e9, notre lait corporel hydratant offre une nutrition quotidienne tout en prot\u00e9geant votre peau des signes de vieillissement. Profitez du confort d&rsquo;une finition soyeuse sans r\u00e9sidu gras. Choyez-vous avec cette formule avanc\u00e9e qui am\u00e9liore la qualit\u00e9 de la peau et favorise un \u00e9clat jeunesse.<\/span><\/p>\n","protected":false},"featured_media":7004,"template":"","meta":{"_acf_changed":false},"product_brand":[],"product_cat":[53,55,38],"product_tag":[262],"class_list":{"0":"post-1069","1":"product","2":"type-product","3":"status-publish","4":"has-post-thumbnail","6":"product_cat-soins-du-corps","7":"product_cat-cremes-corps-de-luxe","8":"product_cat-peau-seche","9":"product_tag-les-essentiels","11":"first","12":"instock","13":"taxable","14":"shipping-taxable","15":"purchasable","16":"product-type-simple"},"acf":[],"_links":{"self":[{"href":"https:\/\/yuss.drburgener.com\/fr\/wp-json\/wp\/v2\/product\/1069","targetHints":{"allow":["GET"]}}],"collection":[{"href":"https:\/\/yuss.drburgener.com\/fr\/wp-json\/wp\/v2\/product"}],"about":[{"href":"https:\/\/yuss.drburgener.com\/fr\/wp-json\/wp\/v2\/types\/product"}],"wp:featuredmedia":[{"embeddable":true,"href":"https:\/\/yuss.drburgener.com\/fr\/wp-json\/wp\/v2\/media\/7004"}],"wp:attachment":[{"href":"https:\/\/yuss.drburgener.com\/fr\/wp-json\/wp\/v2\/media?parent=1069"}],"wp:term":[{"taxonomy":"product_brand","embeddable":true,"href":"https:\/\/yuss.drburgener.com\/fr\/wp-json\/wp\/v2\/product_brand?post=1069"},{"taxonomy":"product_cat","embeddable":true,"href":"https:\/\/yuss.drburgener.com\/fr\/wp-json\/wp\/v2\/product_cat?post=1069"},{"taxonomy":"product_tag","embeddable":true,"href":"https:\/\/yuss.drburgener.com\/fr\/wp-json\/wp\/v2\/product_tag?post=1069"}],"curies":[{"name":"wp","href":"https:\/\/api.w.org\/{rel}","templated":true}]}}