{"id":1066,"date":"2024-05-02T15:20:22","date_gmt":"2024-05-02T15:20:22","guid":{"rendered":"https:\/\/evo.drburgener.com\/?product=le-set-de-7-gants-larges-pack-hebdomadaire"},"modified":"2025-10-17T11:46:28","modified_gmt":"2025-10-17T09:46:28","slug":"le-set-de-7-gants-larges-pack-hebdomadaire","status":"publish","type":"product","link":"https:\/\/yuss.drburgener.com\/fr\/product\/le-set-de-7-gants-larges-pack-hebdomadaire\/","title":{"rendered":"Le Set de 7 Gants Larges, Pack Hebdomadaire"},"content":{"rendered":"<p>D\u00e9couvrez une qualit\u00e9 premium et une douceur luxuriante avec les 7 gants moelleux Dr Burgener Switzerland, Pack Hebdomadaire.<\/p>\n<p>Ces gants offrent une grande zone de couverture avec un design \u00e0 quatre doigts pour un confort et une utilisation ergonomique. La gamme de sept gants est parfaite pour ceux qui pr\u00e9f\u00e8rent utiliser un gant pour toute la semaine.<\/p>\n<p>Tr\u00e8s absorbant et doux, ce gant de d\u00e9maquillage Fluffy est lavable en machine et r\u00e9utilisable jusqu&rsquo;\u00e0 deux ans. Commencez par le Lait Nettoyant R\u00e9hydratant et nettoyez avec le gant mouill\u00e9 pour un nettoyage en profondeur.<\/p>\n<p>Exp\u00e9rimentez la douceur de Dr Burgener Switzerland avec ce lot de 7 grands gants moelleux.<\/p>\n","protected":false},"excerpt":{"rendered":"<p>D\u00e9couvrez les 7 gants de Dr Burgener Switzerland con\u00e7us pour une \u00e9limination facile et efficace du maquillage. La conception ergonomique \u00e0 quatre doigts garantit un maximum de couverture d&rsquo;un seul coup. Obtenez le v\u00f4tre d\u00e8s aujourd&rsquo;hui !<\/p>\n","protected":false},"featured_media":1068,"template":"","meta":{"_acf_changed":false},"product_brand":[],"product_cat":[59,44],"product_tag":[],"class_list":{"0":"post-1066","1":"product","2":"type-product","3":"status-publish","4":"has-post-thumbnail","6":"product_cat-accessories","7":"product_cat-soins-de-nettoyage-visage","9":"first","10":"instock","11":"taxable","12":"shipping-taxable","13":"purchasable","14":"product-type-simple"},"acf":[],"_links":{"self":[{"href":"https:\/\/yuss.drburgener.com\/fr\/wp-json\/wp\/v2\/product\/1066","targetHints":{"allow":["GET"]}}],"collection":[{"href":"https:\/\/yuss.drburgener.com\/fr\/wp-json\/wp\/v2\/product"}],"about":[{"href":"https:\/\/yuss.drburgener.com\/fr\/wp-json\/wp\/v2\/types\/product"}],"wp:featuredmedia":[{"embeddable":true,"href":"https:\/\/yuss.drburgener.com\/fr\/wp-json\/wp\/v2\/media\/1068"}],"wp:attachment":[{"href":"https:\/\/yuss.drburgener.com\/fr\/wp-json\/wp\/v2\/media?parent=1066"}],"wp:term":[{"taxonomy":"product_brand","embeddable":true,"href":"https:\/\/yuss.drburgener.com\/fr\/wp-json\/wp\/v2\/product_brand?post=1066"},{"taxonomy":"product_cat","embeddable":true,"href":"https:\/\/yuss.drburgener.com\/fr\/wp-json\/wp\/v2\/product_cat?post=1066"},{"taxonomy":"product_tag","embeddable":true,"href":"https:\/\/yuss.drburgener.com\/fr\/wp-json\/wp\/v2\/product_tag?post=1066"}],"curies":[{"name":"wp","href":"https:\/\/api.w.org\/{rel}","templated":true}]}}