{"id":1060,"date":"2024-05-02T15:20:16","date_gmt":"2024-05-02T15:20:16","guid":{"rendered":"https:\/\/evo.drburgener.com\/?product=le-kit-gants-decouverte"},"modified":"2025-10-17T11:46:29","modified_gmt":"2025-10-17T09:46:29","slug":"le-kit-gants-decouverte","status":"publish","type":"product","link":"https:\/\/yuss.drburgener.com\/fr\/product\/le-kit-gants-decouverte\/","title":{"rendered":"Le Kit Gants D\u00e9couverte"},"content":{"rendered":"\n\t<section class=\"section\" id=\"section_354465077\">\n\t\t<div class=\"section-bg fill\" >\n\t\t\t\t\t\t\t\t\t\n\t\t\t\n\n\t\t<\/div>\n\n\t\t\n\n\t\t<div class=\"section-content relative\">\n\t\t\t\t\t<\/div>\n\n\t\t\n<style>\n#section_354465077 {\n  padding-top: 30px;\n  padding-bottom: 30px;\n  background-color: rgb(226, 226, 226);\n}\n<\/style>\n\t<\/section>\n\t\n<p>D\u00e9couvrez le moyen parfait de nettoyer et de retirer le maquillage de votre peau avec le pack Discovery Glove de Dr Burgener Switzerland. Ce pack comprend une petite, une grande et une douce gant pour r\u00e9pondre \u00e0 vos besoins individuels. Le gant doux est extr\u00eamement doux et confortable, et les petits et grands gants sont con\u00e7us pour \u00eatre utilis\u00e9s avec deux, trois ou quatre doigts. Tous les gants sont lavables en machine \u00e0 60 \u00b0C afin qu&rsquo;ils restent efficaces jusqu&rsquo;\u00e0 deux ans. Pour la meilleure exp\u00e9rience de nettoyage, utilisez le Lait Nettoyant R\u00e9hydratant et nettoyez ensuite votre peau avec le gant mouill\u00e9. Obtenez l&rsquo;exp\u00e9rience de nettoyage ultime avec le pack Discovery Glove de Dr Burgener Switzerland aujourd&rsquo;hui !<\/p>\n","protected":false},"excerpt":{"rendered":"<p>Les gants de nettoyage ultime de Dr Burgener en Switzerland &#8211; petits, grands et doux &#8211; parfaits pour les d\u00e9placements. Extr\u00eamement souple, lavable en machine et garanti pour durer plus de 2 ans pour un d\u00e9maquillage parfait.<\/p>\n","protected":false},"featured_media":1062,"template":"","meta":{"_acf_changed":false},"product_brand":[],"product_cat":[59,44],"product_tag":[286],"class_list":{"0":"post-1060","1":"product","2":"type-product","3":"status-publish","4":"has-post-thumbnail","6":"product_cat-accessories","7":"product_cat-soins-de-nettoyage-visage","8":"product_tag-accessories-2024","10":"first","11":"instock","12":"taxable","13":"shipping-taxable","14":"purchasable","15":"product-type-simple"},"acf":[],"_links":{"self":[{"href":"https:\/\/yuss.drburgener.com\/fr\/wp-json\/wp\/v2\/product\/1060","targetHints":{"allow":["GET"]}}],"collection":[{"href":"https:\/\/yuss.drburgener.com\/fr\/wp-json\/wp\/v2\/product"}],"about":[{"href":"https:\/\/yuss.drburgener.com\/fr\/wp-json\/wp\/v2\/types\/product"}],"wp:featuredmedia":[{"embeddable":true,"href":"https:\/\/yuss.drburgener.com\/fr\/wp-json\/wp\/v2\/media\/1062"}],"wp:attachment":[{"href":"https:\/\/yuss.drburgener.com\/fr\/wp-json\/wp\/v2\/media?parent=1060"}],"wp:term":[{"taxonomy":"product_brand","embeddable":true,"href":"https:\/\/yuss.drburgener.com\/fr\/wp-json\/wp\/v2\/product_brand?post=1060"},{"taxonomy":"product_cat","embeddable":true,"href":"https:\/\/yuss.drburgener.com\/fr\/wp-json\/wp\/v2\/product_cat?post=1060"},{"taxonomy":"product_tag","embeddable":true,"href":"https:\/\/yuss.drburgener.com\/fr\/wp-json\/wp\/v2\/product_tag?post=1060"}],"curies":[{"name":"wp","href":"https:\/\/api.w.org\/{rel}","templated":true}]}}