{"id":1057,"date":"2024-05-02T15:20:15","date_gmt":"2024-05-02T15:20:15","guid":{"rendered":"https:\/\/evo.drburgener.com\/?product=le-serum-nutriderm"},"modified":"2025-11-13T09:24:02","modified_gmt":"2025-11-13T08:24:02","slug":"le-serum-nutriderm","status":"publish","type":"product","link":"https:\/\/yuss.drburgener.com\/fr\/product\/le-serum-nutriderm\/","title":{"rendered":"Le S\u00e9rum Nutriderm"},"content":{"rendered":"<p><span data-sheets-root=\"1\">D\u00e9verrouillez la v\u00e9ritable beaut\u00e9 avec le S\u00e9rum Nutriderm de Dr Burgener Switzerland. <\/span><\/p>\n<p><span data-sheets-root=\"1\">D\u00e9couvrez le pouvoir de cette formule soigneusement \u00e9labor\u00e9e, combinant huiles essentielles, Omega-6 et puissants actifs botaniques pour nourrir et r\u00e9g\u00e9n\u00e9rer votre peau.<\/span><\/p>\n<p><span data-sheets-root=\"1\">Ressentez les effets transformateurs de ce v\u00e9ritable \u00e9lixir de beaut\u00e9 et profitez d&rsquo;un teint plus \u00e9clatant et raffermi.<\/span><\/p>\n","protected":false},"excerpt":{"rendered":"<p><span data-sheets-root=\"1\">Le S\u00e9rum Nutriderm de Dr Burgener Switzerland est un v\u00e9ritable \u00e9lixir de beaut\u00e9 qui aide \u00e0 obtenir un teint \u00e9clatant et lumineux. <\/span><\/p>\n<p><span data-sheets-root=\"1\">Con\u00e7u avec un m\u00e9lange d&rsquo;huiles essentielles, d&rsquo;om\u00e9ga-6 et d&rsquo;ingr\u00e9dients botaniques actifs puissants, ce s\u00e9rum nourrit et r\u00e9g\u00e9n\u00e8re la peau pour un aspect plus vibrant et tonique. <\/span><\/p>\n<p><span data-sheets-root=\"1\">Il am\u00e9liore la tonicit\u00e9 et l&rsquo;\u00e9lasticit\u00e9 de la peau tout en offrant une action adoucissante.<\/span><\/p>\n","protected":false},"featured_media":7019,"template":"","meta":{"_acf_changed":false},"product_brand":[],"product_cat":[42,296,48,38,271],"product_tag":[270],"class_list":{"0":"post-1057","1":"product","2":"type-product","3":"status-publish","4":"has-post-thumbnail","6":"product_cat-soins-visage-de-luxe","7":"product_cat-rides-et-ridules","8":"product_cat-serums-visage-de-luxe","9":"product_cat-peau-seche","10":"product_cat-soins-nourrissants-de-luxe","11":"product_tag-la-ligne-nourrissante","13":"first","14":"instock","15":"taxable","16":"shipping-taxable","17":"purchasable","18":"product-type-simple"},"acf":[],"_links":{"self":[{"href":"https:\/\/yuss.drburgener.com\/fr\/wp-json\/wp\/v2\/product\/1057","targetHints":{"allow":["GET"]}}],"collection":[{"href":"https:\/\/yuss.drburgener.com\/fr\/wp-json\/wp\/v2\/product"}],"about":[{"href":"https:\/\/yuss.drburgener.com\/fr\/wp-json\/wp\/v2\/types\/product"}],"wp:featuredmedia":[{"embeddable":true,"href":"https:\/\/yuss.drburgener.com\/fr\/wp-json\/wp\/v2\/media\/7019"}],"wp:attachment":[{"href":"https:\/\/yuss.drburgener.com\/fr\/wp-json\/wp\/v2\/media?parent=1057"}],"wp:term":[{"taxonomy":"product_brand","embeddable":true,"href":"https:\/\/yuss.drburgener.com\/fr\/wp-json\/wp\/v2\/product_brand?post=1057"},{"taxonomy":"product_cat","embeddable":true,"href":"https:\/\/yuss.drburgener.com\/fr\/wp-json\/wp\/v2\/product_cat?post=1057"},{"taxonomy":"product_tag","embeddable":true,"href":"https:\/\/yuss.drburgener.com\/fr\/wp-json\/wp\/v2\/product_tag?post=1057"}],"curies":[{"name":"wp","href":"https:\/\/api.w.org\/{rel}","templated":true}]}}