{"id":1054,"date":"2024-05-02T15:20:13","date_gmt":"2024-05-02T15:20:13","guid":{"rendered":"https:\/\/evo.drburgener.com\/?product=la-creme-solaire-visage-spf-50"},"modified":"2025-11-13T09:25:18","modified_gmt":"2025-11-13T08:25:18","slug":"la-creme-solaire-visage-spf-50","status":"publish","type":"product","link":"https:\/\/yuss.drburgener.com\/fr\/product\/la-creme-solaire-visage-spf-50\/","title":{"rendered":"La Cr\u00e8me Solaire Visage SPF 50+"},"content":{"rendered":"<p class=\"p1\"><span data-sheets-root=\"1\">Prot\u00e9gez votre peau des rayons solaires nocifs et des dommages environnementaux urbains avec la Cr\u00e8me Solaire Visage SPF 50+ de Dr Burgener Switzerland. Ce \u00e9cran solaire \u00e0 large spectre offre une protection \u00e9lev\u00e9e contre les rayons UVA et UVB, garantissant que votre peau reste en s\u00e9curit\u00e9 et en bonne sant\u00e9 tout au long de l&rsquo;ann\u00e9e. Enrichi en ingr\u00e9dients nourrissants, cet \u00e9cran solaire prot\u00e8ge tout en hydratant votre peau, la laissant douce et revitalis\u00e9e.<\/span><\/p>\n<p>Veuillez noter que ce produit n&rsquo;est actuellement pas disponible aux \u00c9tats-Unis et au Canada.<\/p>\n","protected":false},"excerpt":{"rendered":"<p><span data-sheets-root=\"1\">Prot\u00e9gez votre peau des rayons solaires nocifs et des dommages environnementaux urbains avec la Cr\u00e8me Solaire Visage SPF 50+ de Dr Burgener Switzerland. <\/span><\/p>\n<p><span data-sheets-root=\"1\">Ce \u00e9cran solaire \u00e0 large spectre offre une protection \u00e9lev\u00e9e contre les rayons UVA et UVB, garantissant que votre peau reste en s\u00e9curit\u00e9 et en bonne sant\u00e9 tout au long de l&rsquo;ann\u00e9e. <\/span><\/p>\n<p><span data-sheets-root=\"1\">Enrichi en ingr\u00e9dients nourrissants, cet \u00e9cran solaire prot\u00e8ge tout en hydratant votre peau, la laissant douce et revitalis\u00e9e.<\/span><\/p>\n<p>Veuillez noter que ce produit n&rsquo;est actuellement pas disponible aux \u00c9tats-Unis et au Canada.<\/p>\n","protected":false},"featured_media":7021,"template":"","meta":{"_acf_changed":false},"product_brand":[],"product_cat":[42,295,296,297,299,300,301,35,51],"product_tag":[143],"class_list":{"0":"post-1054","1":"product","2":"type-product","3":"status-publish","4":"has-post-thumbnail","6":"product_cat-soins-visage-de-luxe","7":"product_cat-acne","8":"product_cat-rides-et-ridules","9":"product_cat-rougeur","10":"product_cat-teint-terne","11":"product_cat-deshydratation","12":"product_cat-hyperpigmentation","13":"product_cat-tous-les-types-de-peau","14":"product_cat-soins-solaires-de-luxe","15":"product_tag-routine-1","17":"first","18":"instock","19":"taxable","20":"shipping-taxable","21":"purchasable","22":"product-type-simple"},"acf":[],"_links":{"self":[{"href":"https:\/\/yuss.drburgener.com\/fr\/wp-json\/wp\/v2\/product\/1054","targetHints":{"allow":["GET"]}}],"collection":[{"href":"https:\/\/yuss.drburgener.com\/fr\/wp-json\/wp\/v2\/product"}],"about":[{"href":"https:\/\/yuss.drburgener.com\/fr\/wp-json\/wp\/v2\/types\/product"}],"wp:featuredmedia":[{"embeddable":true,"href":"https:\/\/yuss.drburgener.com\/fr\/wp-json\/wp\/v2\/media\/7021"}],"wp:attachment":[{"href":"https:\/\/yuss.drburgener.com\/fr\/wp-json\/wp\/v2\/media?parent=1054"}],"wp:term":[{"taxonomy":"product_brand","embeddable":true,"href":"https:\/\/yuss.drburgener.com\/fr\/wp-json\/wp\/v2\/product_brand?post=1054"},{"taxonomy":"product_cat","embeddable":true,"href":"https:\/\/yuss.drburgener.com\/fr\/wp-json\/wp\/v2\/product_cat?post=1054"},{"taxonomy":"product_tag","embeddable":true,"href":"https:\/\/yuss.drburgener.com\/fr\/wp-json\/wp\/v2\/product_tag?post=1054"}],"curies":[{"name":"wp","href":"https:\/\/api.w.org\/{rel}","templated":true}]}}