{"id":1051,"date":"2024-05-02T15:20:12","date_gmt":"2024-05-02T15:20:12","guid":{"rendered":"https:\/\/evo.drburgener.com\/?product=le-masque-gelee-royale"},"modified":"2025-11-13T09:27:26","modified_gmt":"2025-11-13T08:27:26","slug":"le-masque-royale","status":"publish","type":"product","link":"https:\/\/yuss.drburgener.com\/fr\/product\/le-masque-royale\/","title":{"rendered":"Le Masque Royale"},"content":{"rendered":"<p><span data-sheets-root=\"1\">D\u00e9couvrez le pouvoir rajeunissant du Masque Gel\u00e9e Royale de Dr Burgener Switzerland.<\/span><\/p>\n<p><span data-sheets-root=\"1\">Lib\u00e9rez le plein potentiel de votre peau avec le Masque Gel\u00e9e Royale de Dr Burgener Switzerland, un soin luxueux con\u00e7u pour nourrir et revitaliser votre teint. Ce masque exceptionnel est riche en gel\u00e9e royale et en extrait de miel, offrant un m\u00e9lange incroyable de vitamines, min\u00e9raux, prot\u00e9ines et sucres naturels qui hydratent en profondeur et rajeunissent votre peau.<\/span><\/p>\n","protected":false},"excerpt":{"rendered":"<p><span data-sheets-root=\"1\">Nourrissez votre peau avec le Masque Gel\u00e9e Royale de Dr Burgener Switzerland.<\/span><\/p>\n<p><span data-sheets-root=\"1\">Transformez votre routine de soins avec le Masque Gel\u00e9e Royale de Dr Burgener Switzerland, un traitement luxueux con\u00e7u pour nourrir et rajeunir votre peau en profondeur. <\/span><\/p>\n<p><span data-sheets-root=\"1\">Enrichi en gel\u00e9e royale et extrait de miel, ce masque apporte des vitamines, min\u00e9raux, prot\u00e9ines et sucres naturels essentiels pour renforcer la barri\u00e8re cutan\u00e9e et am\u00e9liorer sa capacit\u00e9 \u00e0 se prot\u00e9ger contre les agressions ext\u00e9rieures.<\/span><\/p>\n","protected":false},"featured_media":6988,"template":"","meta":{"_acf_changed":false},"product_brand":[],"product_cat":[42,296,297,300,38,271,46],"product_tag":[270],"class_list":{"0":"post-1051","1":"product","2":"type-product","3":"status-publish","4":"has-post-thumbnail","6":"product_cat-soins-visage-de-luxe","7":"product_cat-rides-et-ridules","8":"product_cat-rougeur","9":"product_cat-deshydratation","10":"product_cat-peau-seche","11":"product_cat-soins-nourrissants-de-luxe","12":"product_cat-masques-visage-de-luxe","13":"product_tag-la-ligne-nourrissante","15":"first","16":"instock","17":"taxable","18":"shipping-taxable","19":"purchasable","20":"product-type-simple"},"acf":[],"_links":{"self":[{"href":"https:\/\/yuss.drburgener.com\/fr\/wp-json\/wp\/v2\/product\/1051","targetHints":{"allow":["GET"]}}],"collection":[{"href":"https:\/\/yuss.drburgener.com\/fr\/wp-json\/wp\/v2\/product"}],"about":[{"href":"https:\/\/yuss.drburgener.com\/fr\/wp-json\/wp\/v2\/types\/product"}],"wp:featuredmedia":[{"embeddable":true,"href":"https:\/\/yuss.drburgener.com\/fr\/wp-json\/wp\/v2\/media\/6988"}],"wp:attachment":[{"href":"https:\/\/yuss.drburgener.com\/fr\/wp-json\/wp\/v2\/media?parent=1051"}],"wp:term":[{"taxonomy":"product_brand","embeddable":true,"href":"https:\/\/yuss.drburgener.com\/fr\/wp-json\/wp\/v2\/product_brand?post=1051"},{"taxonomy":"product_cat","embeddable":true,"href":"https:\/\/yuss.drburgener.com\/fr\/wp-json\/wp\/v2\/product_cat?post=1051"},{"taxonomy":"product_tag","embeddable":true,"href":"https:\/\/yuss.drburgener.com\/fr\/wp-json\/wp\/v2\/product_tag?post=1051"}],"curies":[{"name":"wp","href":"https:\/\/api.w.org\/{rel}","templated":true}]}}