{"id":1048,"date":"2024-05-02T15:20:10","date_gmt":"2024-05-02T15:20:10","guid":{"rendered":"https:\/\/evo.drburgener.com\/?product=la-lotion-purete"},"modified":"2025-11-13T09:22:23","modified_gmt":"2025-11-13T08:22:23","slug":"la-lotion-purete","status":"publish","type":"product","link":"https:\/\/yuss.drburgener.com\/fr\/product\/la-lotion-purete\/","title":{"rendered":"La Lotion Puret\u00e9"},"content":{"rendered":"<p><span data-sheets-root=\"1\">Notre Lotion Puret\u00e9 est soigneusement formul\u00e9e pour exfolier, purifier et lisser votre peau, lui offrant une sensation de fra\u00eecheur et d&rsquo;\u00e9quilibre. Enrichie d\u2019ingr\u00e9dients naturels tels que l&rsquo;acide salicylique, le camphre, et la plante alpine suisse Epilobium fleischeri, cette lotion puissante aide \u00e0 r\u00e9guler la production de s\u00e9bum, r\u00e9duire les imperfections, et r\u00e9\u00e9quilibrer le film hydrolipidique de la peau.<\/span><\/p>\n<p>Compos\u00e9e d&rsquo;huiles essentielles de lavande, pamplemousse et g\u00e9ranium, ainsi que d\u2019hydrolats bio, la Lotion Puret\u00e9 de Dr Burgener Switzerland offre une exp\u00e9rience de soin luxueuse et naturelle. Pour l\u2019utiliser, appliquez simplement sur une peau nettoy\u00e9e et s\u00e8che ou directement sur les imperfections, en \u00e9vitant les l\u00e8vres et le contour des yeux.<\/p>\n<p>Optez pour la Lotion Puret\u00e9 de Dr Burgener Switzerland, une solution naturelle et efficace qui am\u00e9liore la sant\u00e9 et l\u2019\u00e9clat de votre peau. R\u00e9v\u00e9lez votre plus belle peau avec le pouvoir purifiant de la nature !<\/p>\n","protected":false},"excerpt":{"rendered":"<p><span data-sheets-root=\"1\">D\u00e9couvrez une peau lisse et purifi\u00e9e avec la lotion exfoliante de Dr Burgener Switzerland. Ses ingr\u00e9dients naturels \u00e9liminent d\u00e9licatement les impuret\u00e9s, laissant votre peau \u00e9clatante, jeune et pleine de vitalit\u00e9.<\/span><\/p>\n","protected":false},"featured_media":6997,"template":"","meta":{"_acf_changed":false},"product_brand":[],"product_cat":[42,295,36,260,47],"product_tag":[],"class_list":{"0":"post-1048","1":"product","2":"type-product","3":"status-publish","4":"has-post-thumbnail","6":"product_cat-soins-visage-de-luxe","7":"product_cat-acne","8":"product_cat-peau-grasse","9":"product_cat-soins-purete-de-luxe","10":"product_cat-lotions-visage-de-luxe","12":"first","13":"instock","14":"taxable","15":"shipping-taxable","16":"purchasable","17":"product-type-simple"},"acf":[],"_links":{"self":[{"href":"https:\/\/yuss.drburgener.com\/fr\/wp-json\/wp\/v2\/product\/1048","targetHints":{"allow":["GET"]}}],"collection":[{"href":"https:\/\/yuss.drburgener.com\/fr\/wp-json\/wp\/v2\/product"}],"about":[{"href":"https:\/\/yuss.drburgener.com\/fr\/wp-json\/wp\/v2\/types\/product"}],"wp:featuredmedia":[{"embeddable":true,"href":"https:\/\/yuss.drburgener.com\/fr\/wp-json\/wp\/v2\/media\/6997"}],"wp:attachment":[{"href":"https:\/\/yuss.drburgener.com\/fr\/wp-json\/wp\/v2\/media?parent=1048"}],"wp:term":[{"taxonomy":"product_brand","embeddable":true,"href":"https:\/\/yuss.drburgener.com\/fr\/wp-json\/wp\/v2\/product_brand?post=1048"},{"taxonomy":"product_cat","embeddable":true,"href":"https:\/\/yuss.drburgener.com\/fr\/wp-json\/wp\/v2\/product_cat?post=1048"},{"taxonomy":"product_tag","embeddable":true,"href":"https:\/\/yuss.drburgener.com\/fr\/wp-json\/wp\/v2\/product_tag?post=1048"}],"curies":[{"name":"wp","href":"https:\/\/api.w.org\/{rel}","templated":true}]}}