{"id":1045,"date":"2024-05-02T15:20:08","date_gmt":"2024-05-02T15:20:08","guid":{"rendered":"https:\/\/evo.drburgener.com\/?product=la-lotion-florale"},"modified":"2025-11-13T09:22:00","modified_gmt":"2025-11-13T08:22:00","slug":"la-lotion-florale","status":"publish","type":"product","link":"https:\/\/yuss.drburgener.com\/fr\/product\/la-lotion-florale\/","title":{"rendered":"La Lotion Florale"},"content":{"rendered":"<p><span data-sheets-root=\"1\">Chez Dr Burgener Switzerland, nous savons que la v\u00e9ritable beaut\u00e9 vient de l&rsquo;int\u00e9rieur. Notre Tonique Floral est sp\u00e9cialement formul\u00e9 pour am\u00e9liorer le d\u00e9maquillage et \u00e9quilibrer le teint de votre peau. Ce tonique exceptionnel associe des eaux florales biologiques de rose, de lavande et de g\u00e9ranium \u00e0 de l&rsquo;acide hyaluronique et des pr\u00e9biotiques, en faisant un \u00e9l\u00e9ment essentiel de votre routine quotidienne de soins de la peau.<\/span><\/p>\n<p>D\u00e9couvrez le parfum d\u00e9licat de notre fragrance de rose 100% naturelle, qui ajoute une touche luxueuse \u00e0 votre rituel de nettoyage. Le Tonique Floral purifie et rafra\u00eechit non seulement la peau, mais l&rsquo;adoucit \u00e9galement, favorisant un teint \u00e9clatant.<\/p>\n","protected":false},"excerpt":{"rendered":"<p><span data-sheets-root=\"1\">Le d\u00e9maquillant Dr Burgener Switzerland est la solution ultime pour \u00e9liminer efficacement le maquillage tout en pr\u00e9servant la complexion naturelle de votre peau. Obtenez le teint propre et \u00e9clatant que vous souhaitez gr\u00e2ce \u00e0 cette formule douce mais puissante, adapt\u00e9e \u00e0 tous les types de peau.<\/span><\/p>\n","protected":false},"featured_media":6995,"template":"","meta":{"_acf_changed":false},"product_brand":[],"product_cat":[42,301,295,296,299,300,37,38,39,40,41,246,47],"product_tag":[262],"class_list":{"0":"post-1045","1":"product","2":"type-product","3":"status-publish","4":"has-post-thumbnail","6":"product_cat-soins-visage-de-luxe","7":"product_cat-hyperpigmentation","8":"product_cat-acne","9":"product_cat-rides-et-ridules","10":"product_cat-teint-terne","11":"product_cat-deshydratation","12":"product_cat-peau-mixte","13":"product_cat-peau-seche","14":"product_cat-peau-mature","15":"product_cat-peau-sensible","16":"product_cat-peau-hyperpigmentee","17":"product_cat-les-essentiels","18":"product_cat-lotions-visage-de-luxe","19":"product_tag-les-essentiels","21":"first","22":"instock","23":"taxable","24":"shipping-taxable","25":"purchasable","26":"product-type-simple"},"acf":[],"_links":{"self":[{"href":"https:\/\/yuss.drburgener.com\/fr\/wp-json\/wp\/v2\/product\/1045","targetHints":{"allow":["GET"]}}],"collection":[{"href":"https:\/\/yuss.drburgener.com\/fr\/wp-json\/wp\/v2\/product"}],"about":[{"href":"https:\/\/yuss.drburgener.com\/fr\/wp-json\/wp\/v2\/types\/product"}],"wp:featuredmedia":[{"embeddable":true,"href":"https:\/\/yuss.drburgener.com\/fr\/wp-json\/wp\/v2\/media\/6995"}],"wp:attachment":[{"href":"https:\/\/yuss.drburgener.com\/fr\/wp-json\/wp\/v2\/media?parent=1045"}],"wp:term":[{"taxonomy":"product_brand","embeddable":true,"href":"https:\/\/yuss.drburgener.com\/fr\/wp-json\/wp\/v2\/product_brand?post=1045"},{"taxonomy":"product_cat","embeddable":true,"href":"https:\/\/yuss.drburgener.com\/fr\/wp-json\/wp\/v2\/product_cat?post=1045"},{"taxonomy":"product_tag","embeddable":true,"href":"https:\/\/yuss.drburgener.com\/fr\/wp-json\/wp\/v2\/product_tag?post=1045"}],"curies":[{"name":"wp","href":"https:\/\/api.w.org\/{rel}","templated":true}]}}