{"id":1042,"date":"2024-05-02T15:20:07","date_gmt":"2024-05-02T15:20:07","guid":{"rendered":"https:\/\/evo.drburgener.com\/?product=le-lait-demaquillant"},"modified":"2025-11-13T09:19:48","modified_gmt":"2025-11-13T08:19:48","slug":"le-lait-demaquillant","status":"publish","type":"product","link":"https:\/\/yuss.drburgener.com\/fr\/product\/le-lait-demaquillant\/","title":{"rendered":"Le Lait D\u00e9maquillant"},"content":{"rendered":"<div>Offrez-vous une exp\u00e9rience sensorielle inspir\u00e9e de la Provence avec le Lait D\u00e9maquillant de Dr Burgener Switzerland, formul\u00e9 avec des huiles essentielles et de l\u2019eau florale de Lavande. Ce lait d\u00e9maquillant luxueux est l&rsquo;\u00e9tape incontournable de votre routine de d\u00e9maquillage, nettoyant et tonifiant efficacement votre peau pour un \u00e9clat radieux avant le coucher.<\/div>\n<div><\/div>\n<div>Nettoyage doux : Le Lait D\u00e9maquillant \u00e9limine d\u00e9licatement le maquillage et les impuret\u00e9s tout en pr\u00e9servant la barri\u00e8re d\u2019hydratation naturelle de votre peau.<\/div>\n<div><\/div>\n<div>Hydratation : Enrichi en ingr\u00e9dients nourrissants comme l\u2019huile d\u2019amande douce, l\u2019hydrolat de lavande, des pr\u00e9biotiques, de la niacinamide (vitamine B3) et du miel suisse ferment\u00e9, cette formule hydrate et r\u00e9g\u00e9n\u00e8re votre peau.<\/div>\n<div><\/div>\n<div>Tonifiant : Le Lait D\u00e9maquillant apporte un effet tonifiant, laissant votre peau fra\u00eeche et revitalis\u00e9e.<\/div>\n","protected":false},"excerpt":{"rendered":"<p><span data-sheets-root=\"1\">D\u00e9couvrez un nettoyage revitalisant et nourrissant avec le Lait D\u00e9maquillant Dr Burgener Switzerland. <\/span><\/p>\n<p><span data-sheets-root=\"1\">Ce lait d\u00e9maquillant luxueux, enrichi en huiles essentielles et en eau florale de rose, offre une formule unique qui chouchoute et rafra\u00eechit votre peau.<\/span><\/p>\n","protected":false},"featured_media":7006,"template":"","meta":{"_acf_changed":false},"product_brand":[],"product_cat":[42,295,296,297,299,300,301,35,44,246],"product_tag":[143],"class_list":{"0":"post-1042","1":"product","2":"type-product","3":"status-publish","4":"has-post-thumbnail","6":"product_cat-soins-visage-de-luxe","7":"product_cat-acne","8":"product_cat-rides-et-ridules","9":"product_cat-rougeur","10":"product_cat-teint-terne","11":"product_cat-deshydratation","12":"product_cat-hyperpigmentation","13":"product_cat-tous-les-types-de-peau","14":"product_cat-soins-de-nettoyage-visage","15":"product_cat-les-essentiels","16":"product_tag-routine-1","18":"first","19":"instock","20":"taxable","21":"shipping-taxable","22":"purchasable","23":"product-type-simple"},"acf":[],"_links":{"self":[{"href":"https:\/\/yuss.drburgener.com\/fr\/wp-json\/wp\/v2\/product\/1042","targetHints":{"allow":["GET"]}}],"collection":[{"href":"https:\/\/yuss.drburgener.com\/fr\/wp-json\/wp\/v2\/product"}],"about":[{"href":"https:\/\/yuss.drburgener.com\/fr\/wp-json\/wp\/v2\/types\/product"}],"wp:featuredmedia":[{"embeddable":true,"href":"https:\/\/yuss.drburgener.com\/fr\/wp-json\/wp\/v2\/media\/7006"}],"wp:attachment":[{"href":"https:\/\/yuss.drburgener.com\/fr\/wp-json\/wp\/v2\/media?parent=1042"}],"wp:term":[{"taxonomy":"product_brand","embeddable":true,"href":"https:\/\/yuss.drburgener.com\/fr\/wp-json\/wp\/v2\/product_brand?post=1042"},{"taxonomy":"product_cat","embeddable":true,"href":"https:\/\/yuss.drburgener.com\/fr\/wp-json\/wp\/v2\/product_cat?post=1042"},{"taxonomy":"product_tag","embeddable":true,"href":"https:\/\/yuss.drburgener.com\/fr\/wp-json\/wp\/v2\/product_tag?post=1042"}],"curies":[{"name":"wp","href":"https:\/\/api.w.org\/{rel}","templated":true}]}}