{"id":1039,"date":"2024-05-02T15:20:05","date_gmt":"2024-05-02T15:20:05","guid":{"rendered":"https:\/\/evo.drburgener.com\/?product=le-skin-gold"},"modified":"2025-10-17T11:46:32","modified_gmt":"2025-10-17T09:46:32","slug":"le-skin-gold","status":"publish","type":"product","link":"https:\/\/yuss.drburgener.com\/fr\/product\/le-skin-gold\/","title":{"rendered":"Le Skin Gold"},"content":{"rendered":"<p><span data-sheets-root=\"1\">D\u00e9couvrez le pouvoir transformateur de la nature avec le Skin Gold de Dr Burgener Switzerland ! Ce compl\u00e9ment alimentaire exceptionnel contient un m\u00e9lange unique d\u2019huiles v\u00e9g\u00e9tales con\u00e7u pour offrir une hydratation sup\u00e9rieure et favoriser un teint \u00e9clatant. Formul\u00e9 scientifiquement avec de l&rsquo;acide gamma-linol\u00e9nique (AGL), de la vitamine E, de l&rsquo;huile d&rsquo;onagre et de l&rsquo;huile de bourrache, Skin Gold a prouv\u00e9 son efficacit\u00e9 pour :<\/span><\/p>\n<p>R\u00e9duire la perte d&rsquo;eau trans\u00e9pidermique<br \/>\nMinimiser les rougeurs de la peau<br \/>\nAm\u00e9liorer la fermet\u00e9 de la peau<br \/>\nRenforcer l&rsquo;\u00e9lasticit\u00e9<br \/>\nId\u00e9al pour toute personne \u00e0 la recherche d&rsquo;une apparence plus saine et \u00e9clatante, Skin Gold soutient la beaut\u00e9 naturelle de votre peau. Prenez simplement 3 capsules chaque matin avec un verre d&rsquo;eau pour commencer votre voyage vers une peau lumineuse.<\/p>\n","protected":false},"excerpt":{"rendered":"<p><span data-sheets-root=\"1\">Scientifiquement prouv\u00e9, ce m\u00e9lange unique de deux huiles v\u00e9g\u00e9tales offre une hydratation sup\u00e9rieure, r\u00e9duit la perte en eau, minimise les rougeurs, am\u00e9liore la fermet\u00e9 et renforce l&rsquo;\u00e9lasticit\u00e9 de la peau. Enrichi en acide gamma-linol\u00e9nique, vitamine E, huile d&rsquo;onagre et huile de bourrache, Skin Gold est la cl\u00e9 pour un teint plus sain et \u00e9clatant. Profitez de ce parcours vers une peau radieuse avec seulement 3 capsules le matin accompagn\u00e9es d\u2019un verre d&rsquo;eau. <\/span><\/p>\n<p><span data-sheets-root=\"1\">Veuillez noter que nos compl\u00e9ments nutritionnels ne peuvent pas \u00eatre livr\u00e9s aux \u00c9tats-Unis.<\/span><\/p>\n","protected":false},"featured_media":1041,"template":"","meta":{"_acf_changed":false},"product_brand":[],"product_cat":[56],"product_tag":[],"class_list":{"0":"post-1039","1":"product","2":"type-product","3":"status-publish","4":"has-post-thumbnail","6":"product_cat-complements-nutritionnels-de-luxe","8":"first","9":"instock","10":"taxable","11":"shipping-taxable","12":"purchasable","13":"product-type-simple"},"acf":[],"_links":{"self":[{"href":"https:\/\/yuss.drburgener.com\/fr\/wp-json\/wp\/v2\/product\/1039","targetHints":{"allow":["GET"]}}],"collection":[{"href":"https:\/\/yuss.drburgener.com\/fr\/wp-json\/wp\/v2\/product"}],"about":[{"href":"https:\/\/yuss.drburgener.com\/fr\/wp-json\/wp\/v2\/types\/product"}],"wp:featuredmedia":[{"embeddable":true,"href":"https:\/\/yuss.drburgener.com\/fr\/wp-json\/wp\/v2\/media\/1041"}],"wp:attachment":[{"href":"https:\/\/yuss.drburgener.com\/fr\/wp-json\/wp\/v2\/media?parent=1039"}],"wp:term":[{"taxonomy":"product_brand","embeddable":true,"href":"https:\/\/yuss.drburgener.com\/fr\/wp-json\/wp\/v2\/product_brand?post=1039"},{"taxonomy":"product_cat","embeddable":true,"href":"https:\/\/yuss.drburgener.com\/fr\/wp-json\/wp\/v2\/product_cat?post=1039"},{"taxonomy":"product_tag","embeddable":true,"href":"https:\/\/yuss.drburgener.com\/fr\/wp-json\/wp\/v2\/product_tag?post=1039"}],"curies":[{"name":"wp","href":"https:\/\/api.w.org\/{rel}","templated":true}]}}