{"id":1033,"date":"2024-05-02T15:20:00","date_gmt":"2024-05-02T15:20:00","guid":{"rendered":"https:\/\/evo.drburgener.com\/?product=le-concentre-glycopeel"},"modified":"2025-11-13T09:32:32","modified_gmt":"2025-11-13T08:32:32","slug":"le-concentre-glycopeel","status":"publish","type":"product","link":"https:\/\/yuss.drburgener.com\/fr\/product\/le-concentre-glycopeel\/","title":{"rendered":"Le Concentr\u00e9 Glycopeel"},"content":{"rendered":"<p><span data-sheets-root=\"1\">R\u00e9v\u00e9lez la beaut\u00e9 radieuse de votre peau avec notre lotion r\u00e9volutionnaire \u00e0 l&rsquo;acide glycolique AHA. Formul\u00e9e avec un maximum de 10 % d&rsquo;AHA, conform\u00e9ment aux r\u00e9glementations de l&rsquo;UE, cette lotion acide pr\u00e9sente un pH respectueux de la peau de 3,5, id\u00e9al pour une utilisation nocturne.<\/span><\/p>\n<p>Enrichie en acide glycolique et en extraits de fruits nourrissants, elle att\u00e9nue les ridules et les rides, r\u00e9v\u00e9lant un teint plus lisse et plus jeune. En r\u00e9novant les couches superficielles de la peau, elle affine la texture pour un \u00e9clat enviable.<\/p>\n<p>Exfolie et stimule le renouvellement cellulaire pour un aspect frais et revitalis\u00e9<br \/>\nCombat la pigmentation et les dommages caus\u00e9s par le soleil pour un teint uniforme et impeccable<br \/>\nEnrichie en acide glycolique et en extraits de fruits pour r\u00e9duire les signes de l&rsquo;\u00e2ge.<\/p>\n","protected":false},"excerpt":{"rendered":"<p><span data-sheets-root=\"1\">D\u00e9couvrez le pouvoir transformateur de la Lotion AHA 10 % de Dr Burgener Switzerland. Cette lotion luxueuse et profond\u00e9ment hydratante utilise des acides naturels pour une exfoliation douce, r\u00e9v\u00e9lant une peau plus douce et plus lisse. <\/span><\/p>\n<p><span data-sheets-root=\"1\">Formul\u00e9e avec des AHA, elle purifie et renouvelle efficacement tout en hydratant en profondeur pour un teint \u00e9clatant. Am\u00e9liorez votre routine de soins avec la Lotion AHA 10 % de Dr Burgener pour une texture et une clart\u00e9 de la peau visiblement am\u00e9lior\u00e9es.<\/span><\/p>\n","protected":false},"featured_media":7517,"template":"","meta":{"_acf_changed":false},"product_brand":[],"product_cat":[299,301,48,256,41,45],"product_tag":[267],"class_list":{"0":"post-1033","1":"product","2":"type-product","3":"status-publish","4":"has-post-thumbnail","6":"product_cat-teint-terne","7":"product_cat-hyperpigmentation","8":"product_cat-serums-visage-de-luxe","9":"product_cat-soins-eclat-a-la-vitamine-c-de-luxe","10":"product_cat-peau-hyperpigmentee","11":"product_cat-peelings-visage-de-luxe","12":"product_tag-la-ligne-eclat-a-la-vitamine-c","14":"first","15":"instock","16":"taxable","17":"shipping-taxable","18":"purchasable","19":"product-type-simple"},"acf":[],"_links":{"self":[{"href":"https:\/\/yuss.drburgener.com\/fr\/wp-json\/wp\/v2\/product\/1033","targetHints":{"allow":["GET"]}}],"collection":[{"href":"https:\/\/yuss.drburgener.com\/fr\/wp-json\/wp\/v2\/product"}],"about":[{"href":"https:\/\/yuss.drburgener.com\/fr\/wp-json\/wp\/v2\/types\/product"}],"wp:featuredmedia":[{"embeddable":true,"href":"https:\/\/yuss.drburgener.com\/fr\/wp-json\/wp\/v2\/media\/7517"}],"wp:attachment":[{"href":"https:\/\/yuss.drburgener.com\/fr\/wp-json\/wp\/v2\/media?parent=1033"}],"wp:term":[{"taxonomy":"product_brand","embeddable":true,"href":"https:\/\/yuss.drburgener.com\/fr\/wp-json\/wp\/v2\/product_brand?post=1033"},{"taxonomy":"product_cat","embeddable":true,"href":"https:\/\/yuss.drburgener.com\/fr\/wp-json\/wp\/v2\/product_cat?post=1033"},{"taxonomy":"product_tag","embeddable":true,"href":"https:\/\/yuss.drburgener.com\/fr\/wp-json\/wp\/v2\/product_tag?post=1033"}],"curies":[{"name":"wp","href":"https:\/\/api.w.org\/{rel}","templated":true}]}}