{"id":1030,"date":"2024-05-02T15:19:58","date_gmt":"2024-05-02T15:19:58","guid":{"rendered":"https:\/\/evo.drburgener.com\/?product=le-serum-visage-ha-xpress"},"modified":"2025-11-13T09:32:09","modified_gmt":"2025-11-13T08:32:09","slug":"le-serum-visage-ha-xpress","status":"publish","type":"product","link":"https:\/\/yuss.drburgener.com\/fr\/product\/le-serum-visage-ha-xpress\/","title":{"rendered":"Le S\u00e9rum Visage HA-Xpress"},"content":{"rendered":"<p><span data-sheets-root=\"1\">D\u00e9couvrez le S\u00e9rum Visage HA-Xpress de Dr Burgener Switzerland, votre solution ultime pour une peau instantan\u00e9ment hydrat\u00e9e et des rides visiblement r\u00e9duites ! Ce s\u00e9rum puissant est formul\u00e9 avec des ingr\u00e9dients cl\u00e9s tels que l\u2019acide hyaluronique HA, le sodium hyaluronate, le Liftonin-Xpress et l\u2019acide lactique, ce qui en fait un compagnon exceptionnel pour notre Masque au Collag\u00e8ne pour des r\u00e9sultats am\u00e9lior\u00e9s.<\/span><\/p>\n<p>&#8211; Hydratation instantan\u00e9e : Profitez d&rsquo;une hydratation profonde qui revitalise votre peau, la laissant repulp\u00e9e et \u00e9clatante.<br \/>\n&#8211; R\u00e9duction des rides : Obtenez jusqu&rsquo;\u00e0 74 % de r\u00e9duction du volume des rides en seulement une heure, notamment autour des yeux, du front et des mains.<br \/>\n&#8211; Application facile : Appliquez le s\u00e9rum deux fois par jour sur une peau nettoy\u00e9e du visage, du cou, du d\u00e9collet\u00e9, des mains et du contour des yeux pour des r\u00e9sultats optimaux.<br \/>\n&#8211; Conseils d&rsquo;utilisation : Secouez bien avant emploi et conservez dans un endroit frais et sec, \u00e0 l&rsquo;abri de la lumi\u00e8re directe du soleil.<\/p>\n","protected":false},"excerpt":{"rendered":"<p><span data-sheets-root=\"1\">Dr Burgener Switzerland propose une solution de soin unique, con\u00e7ue pour offrir une hydratation intense et r\u00e9duire consid\u00e9rablement les rides, favorisant un teint jeune et lisse. <\/span><\/p>\n<p><span data-sheets-root=\"1\">Le S\u00e9rum Visage HA-Xpress est particuli\u00e8rement remarquable, car il utilise une formule sp\u00e9ciale qui allie des techniques d&rsquo;hydratation avanc\u00e9es \u00e0 des propri\u00e9t\u00e9s anti-\u00e2ge efficaces.<\/span><\/p>\n<p><span data-sheets-root=\"1\"> Ce s\u00e9rum est id\u00e9al pour les personnes cherchant une peau plus saine et un aspect revitalis\u00e9.<\/span><\/p>\n","protected":false},"featured_media":7522,"template":"","meta":{"_acf_changed":false},"product_brand":[],"product_cat":[58,295,296,300,48,36,37,40,258],"product_tag":[268],"class_list":{"0":"post-1030","1":"product","2":"type-product","3":"status-publish","4":"has-post-thumbnail","6":"product_cat-coffret","7":"product_cat-acne","8":"product_cat-rides-et-ridules","9":"product_cat-deshydratation","10":"product_cat-serums-visage-de-luxe","11":"product_cat-peau-grasse","12":"product_cat-peau-mixte","13":"product_cat-peau-sensible","14":"product_cat-soins-hydratants-de-luxe","15":"product_tag-la-ligne-hydratante","17":"first","18":"instock","19":"taxable","20":"shipping-taxable","21":"purchasable","22":"product-type-simple"},"acf":[],"_links":{"self":[{"href":"https:\/\/yuss.drburgener.com\/fr\/wp-json\/wp\/v2\/product\/1030","targetHints":{"allow":["GET"]}}],"collection":[{"href":"https:\/\/yuss.drburgener.com\/fr\/wp-json\/wp\/v2\/product"}],"about":[{"href":"https:\/\/yuss.drburgener.com\/fr\/wp-json\/wp\/v2\/types\/product"}],"wp:featuredmedia":[{"embeddable":true,"href":"https:\/\/yuss.drburgener.com\/fr\/wp-json\/wp\/v2\/media\/7522"}],"wp:attachment":[{"href":"https:\/\/yuss.drburgener.com\/fr\/wp-json\/wp\/v2\/media?parent=1030"}],"wp:term":[{"taxonomy":"product_brand","embeddable":true,"href":"https:\/\/yuss.drburgener.com\/fr\/wp-json\/wp\/v2\/product_brand?post=1030"},{"taxonomy":"product_cat","embeddable":true,"href":"https:\/\/yuss.drburgener.com\/fr\/wp-json\/wp\/v2\/product_cat?post=1030"},{"taxonomy":"product_tag","embeddable":true,"href":"https:\/\/yuss.drburgener.com\/fr\/wp-json\/wp\/v2\/product_tag?post=1030"}],"curies":[{"name":"wp","href":"https:\/\/api.w.org\/{rel}","templated":true}]}}