{"id":1027,"date":"2024-05-02T15:19:56","date_gmt":"2024-05-02T15:19:56","guid":{"rendered":"https:\/\/evo.drburgener.com\/?product=le-patch-yeux-regard-radieux"},"modified":"2025-11-13T09:31:45","modified_gmt":"2025-11-13T08:31:45","slug":"le-patch-yeux-regard-radieux","status":"publish","type":"product","link":"https:\/\/yuss.drburgener.com\/fr\/product\/le-patch-yeux-regard-radieux\/","title":{"rendered":"Le Patch Yeux Regard Radieux"},"content":{"rendered":"<p><span data-sheets-root=\"1\">D\u00e9couvrez le masque pour les yeux en bio-cellulose de Dr Burgener Switzerland, \u00e9labor\u00e9 gr\u00e2ce \u00e0 la fermentation naturelle de l&rsquo;eau de coco. Ce masque innovant offre une sensation de seconde peau remarquable, \u00e9pousant parfaitement le contour de vos yeux pour une exp\u00e9rience indulgente qui revitalise et chouchoute les yeux fatigu\u00e9s.<\/span><\/p>\n<p>La structure unique du masque assure une diffusion optimale de son s\u00e9rum actif, enrichi d&rsquo;un puissant m\u00e9lange d&rsquo;Actiflow et d&rsquo;extrait de Hamamelis. Ces ingr\u00e9dients agissent en synergie pour combattre les signes de fatigue, r\u00e9duisant les poches et les cernes tout en offrant un \u00e9clat de confort et de tranquillit\u00e9.<\/p>\n<p>Offrez-vous ce traitement r\u00e9parateur pour observer une transformation de votre contour des yeux. Dites adieu \u00e0 la fatigue et adoptez un regard rajeuni et d\u00e9tendu qui rayonne de confiance. D\u00e9couvrez l&rsquo;ultime soin des yeux avec le masque en bio-cellulose de Dr Burgener, con\u00e7u pour rafra\u00eechir et illuminer votre regard.<\/p>\n","protected":false},"excerpt":{"rendered":"<p><span data-sheets-root=\"1\">Le Patch Yeux Regard Radieux de Dr Burgener Switzerland offre une exp\u00e9rience luxueuse et revitalisante pour la zone d\u00e9licate du contour des yeux. Con\u00e7u avec des fibres bio-cellulosiques d\u00e9riv\u00e9es de la fermentation de l&rsquo;eau de coco naturelle, ce masque assure une adh\u00e9sion parfaite et une sensation de seconde peau.<\/span><\/p>\n<p><span data-sheets-root=\"1\"> Le patch est impr\u00e9gn\u00e9 d&rsquo;un s\u00e9rum puissant qui r\u00e9duit efficacement les poches et les cernes tout en apportant une hydratation profonde pour lisser le contour des yeux. <\/span><\/p>\n<p><span data-sheets-root=\"1\">Des ingr\u00e9dients tels que l\u2019actiflow et l&rsquo;extrait de hamam\u00e9lis agissent en synergie pour d\u00e9congestionner, apaiser et minimiser l&rsquo;apparence des sacs sous les yeux et des d\u00e9colorations.<\/span><\/p>\n","protected":false},"featured_media":7440,"template":"","meta":{"_acf_changed":false},"product_brand":[],"product_cat":[42,298,248,50,38,43],"product_tag":[263],"class_list":{"0":"post-1027","1":"product","2":"type-product","3":"status-publish","4":"has-post-thumbnail","6":"product_cat-soins-visage-de-luxe","7":"product_cat-cernes","8":"product_cat-la-ligne-contour-des-yeux","9":"product_cat-patchs","10":"product_cat-peau-seche","11":"product_cat-contour-des-yeux","12":"product_tag-la-ligne-contour-des-yeux","14":"first","15":"instock","16":"taxable","17":"shipping-taxable","18":"purchasable","19":"product-type-simple"},"acf":[],"_links":{"self":[{"href":"https:\/\/yuss.drburgener.com\/fr\/wp-json\/wp\/v2\/product\/1027","targetHints":{"allow":["GET"]}}],"collection":[{"href":"https:\/\/yuss.drburgener.com\/fr\/wp-json\/wp\/v2\/product"}],"about":[{"href":"https:\/\/yuss.drburgener.com\/fr\/wp-json\/wp\/v2\/types\/product"}],"wp:featuredmedia":[{"embeddable":true,"href":"https:\/\/yuss.drburgener.com\/fr\/wp-json\/wp\/v2\/media\/7440"}],"wp:attachment":[{"href":"https:\/\/yuss.drburgener.com\/fr\/wp-json\/wp\/v2\/media?parent=1027"}],"wp:term":[{"taxonomy":"product_brand","embeddable":true,"href":"https:\/\/yuss.drburgener.com\/fr\/wp-json\/wp\/v2\/product_brand?post=1027"},{"taxonomy":"product_cat","embeddable":true,"href":"https:\/\/yuss.drburgener.com\/fr\/wp-json\/wp\/v2\/product_cat?post=1027"},{"taxonomy":"product_tag","embeddable":true,"href":"https:\/\/yuss.drburgener.com\/fr\/wp-json\/wp\/v2\/product_tag?post=1027"}],"curies":[{"name":"wp","href":"https:\/\/api.w.org\/{rel}","templated":true}]}}