{"id":1012,"date":"2024-05-02T15:19:41","date_gmt":"2024-05-02T15:19:41","guid":{"rendered":"https:\/\/evo.drburgener.com\/?product=exfoliant-visage-perle-noire"},"modified":"2025-11-13T09:26:04","modified_gmt":"2025-11-13T08:26:04","slug":"exfoliant-visage-perle-noire","status":"publish","type":"product","link":"https:\/\/yuss.drburgener.com\/fr\/product\/exfoliant-visage-perle-noire\/","title":{"rendered":"L&rsquo;Exfoliant Visage Perle Noire"},"content":{"rendered":"<p class=\"p1\"><span data-sheets-root=\"1\">D\u00e9couvrez le pouvoir transformateur de notre gommage visage aux perles noires, con\u00e7u pour d\u00e9toxifier et purifier votre peau en absorbant efficacement les toxines et les impuret\u00e9s. Cette m\u00e9thode d&rsquo;exfoliation unique garantit que les ingr\u00e9dients actifs sont pr\u00e9serv\u00e9s et lib\u00e9r\u00e9s uniquement lors de l&rsquo;application, offrant ainsi une approche novatrice des soins de la peau. \u00c0 chaque utilisation, votre peau est profond\u00e9ment d\u00e9toxifi\u00e9e, retrouvant sa radiance naturelle pour un \u00e9clat sain et durable. Id\u00e9al pour ceux qui recherchent un moyen doux mais efficace de revitaliser leur teint, ce gommage favorise une peau claire et \u00e9clatante.<\/span><\/p>\n","protected":false},"excerpt":{"rendered":"<p><span data-sheets-root=\"1\">D\u00e9couvrez une peau \u00e9clatante avec le Peeling Visage Perle Noire de Dr Burgener Switzerland. Ce gommage exfoliant unique, formul\u00e9 avec de v\u00e9ritables perles noires naturelles, \u00e9limine en douceur les cellules mortes et les impuret\u00e9s, r\u00e9v\u00e9lant un teint plus lisse et lumineux. Profitez d&rsquo;un nettoyage en profondeur et d&rsquo;une d\u00e9toxification tout en minimisant les pores et en am\u00e9liorant la texture de votre peau. Sublimez votre routine de soins et r\u00e9v\u00e9lez une peau resplendissante !<\/span><\/p>\n","protected":false},"featured_media":6957,"template":"","meta":{"_acf_changed":false},"product_brand":[],"product_cat":[42,299,301,295,36,250,37,39,41,45],"product_tag":[264],"class_list":{"0":"post-1012","1":"product","2":"type-product","3":"status-publish","4":"has-post-thumbnail","6":"product_cat-soins-visage-de-luxe","7":"product_cat-teint-terne","8":"product_cat-hyperpigmentation","9":"product_cat-acne","10":"product_cat-peau-grasse","11":"product_cat-exfoliants-de-luxe","12":"product_cat-peau-mixte","13":"product_cat-peau-mature","14":"product_cat-peau-hyperpigmentee","15":"product_cat-peelings-visage-de-luxe","16":"product_tag-les-exfoliants","18":"first","19":"instock","20":"taxable","21":"shipping-taxable","22":"purchasable","23":"product-type-simple"},"acf":[],"_links":{"self":[{"href":"https:\/\/yuss.drburgener.com\/fr\/wp-json\/wp\/v2\/product\/1012","targetHints":{"allow":["GET"]}}],"collection":[{"href":"https:\/\/yuss.drburgener.com\/fr\/wp-json\/wp\/v2\/product"}],"about":[{"href":"https:\/\/yuss.drburgener.com\/fr\/wp-json\/wp\/v2\/types\/product"}],"wp:featuredmedia":[{"embeddable":true,"href":"https:\/\/yuss.drburgener.com\/fr\/wp-json\/wp\/v2\/media\/6957"}],"wp:attachment":[{"href":"https:\/\/yuss.drburgener.com\/fr\/wp-json\/wp\/v2\/media?parent=1012"}],"wp:term":[{"taxonomy":"product_brand","embeddable":true,"href":"https:\/\/yuss.drburgener.com\/fr\/wp-json\/wp\/v2\/product_brand?post=1012"},{"taxonomy":"product_cat","embeddable":true,"href":"https:\/\/yuss.drburgener.com\/fr\/wp-json\/wp\/v2\/product_cat?post=1012"},{"taxonomy":"product_tag","embeddable":true,"href":"https:\/\/yuss.drburgener.com\/fr\/wp-json\/wp\/v2\/product_tag?post=1012"}],"curies":[{"name":"wp","href":"https:\/\/api.w.org\/{rel}","templated":true}]}}