{"id":1006,"date":"2024-05-02T15:19:29","date_gmt":"2024-05-02T15:19:29","guid":{"rendered":"https:\/\/evo.drburgener.com\/?product=le-gommage-visage-glacier-blanc"},"modified":"2025-11-13T09:26:32","modified_gmt":"2025-11-13T08:26:32","slug":"le-gommage-visage-glacier-blanc","status":"publish","type":"product","link":"https:\/\/yuss.drburgener.com\/fr\/product\/le-gommage-visage-glacier-blanc\/","title":{"rendered":"Le Gommage Visage Glacier Blanc"},"content":{"rendered":"<p><span data-sheets-root=\"1\">D\u00e9couvrez le pouvoir r\u00e9g\u00e9n\u00e9rant du \u00ab White Glacier Face Peeling \u00bb de Dr Burgener Switzerland. Ce gel luxuriant, \u00e0 la texture gel\u00e9e \u00e9voquant la neige alpine, est \u00e9labor\u00e9 avec de l&rsquo;eau pure des glaciers suisses et enrichi en poudre d&rsquo;algues de neige. Il \u00e9voque la beaut\u00e9 sereine des pentes hivernales des Alpes suisses. Sa texture fra\u00eeche et douce offre un confort extr\u00eame tout en nettoyant et exfoliant d\u00e9licatement votre peau, r\u00e9v\u00e9lant un teint doux et lumineux.<\/span><\/p>\n<p>Non seulement cette formule innovante nettoie et exfolie, mais elle r\u00e9g\u00e9n\u00e8re et prot\u00e8ge \u00e9galement votre peau au niveau cellulaire, assurant une vitalit\u00e9 et une radiance durables. Rafra\u00eechissez votre routine de soins avec l&rsquo;essence de la neige alpine et offrez \u00e0 votre peau le summum du bien-\u00eatre.<\/p>\n","protected":false},"excerpt":{"rendered":"<p>Rafra\u00eechissez votre peau comme en hiver avec le luxueux \u00ab\u00a0White Glacier Face Peeling\u00a0\u00bb de Dr Burgener Switzerland. Ce gel \u00e9mulsifi\u00e9, inspir\u00e9 par les chutes de neige alpines, apporte une touche glaciale \u00e0 votre peau, la laissant fra\u00eeche et revitalis\u00e9e.<\/p>\n","protected":false},"featured_media":6959,"template":"","meta":{"_acf_changed":false},"product_brand":[],"product_cat":[42,297,300,296,36,250,38,40,45],"product_tag":[143,264],"class_list":{"0":"post-1006","1":"product","2":"type-product","3":"status-publish","4":"has-post-thumbnail","6":"product_cat-soins-visage-de-luxe","7":"product_cat-rougeur","8":"product_cat-deshydratation","9":"product_cat-rides-et-ridules","10":"product_cat-peau-grasse","11":"product_cat-exfoliants-de-luxe","12":"product_cat-peau-seche","13":"product_cat-peau-sensible","14":"product_cat-peelings-visage-de-luxe","15":"product_tag-routine-1","16":"product_tag-les-exfoliants","18":"first","19":"instock","20":"taxable","21":"shipping-taxable","22":"purchasable","23":"product-type-simple"},"acf":[],"_links":{"self":[{"href":"https:\/\/yuss.drburgener.com\/fr\/wp-json\/wp\/v2\/product\/1006","targetHints":{"allow":["GET"]}}],"collection":[{"href":"https:\/\/yuss.drburgener.com\/fr\/wp-json\/wp\/v2\/product"}],"about":[{"href":"https:\/\/yuss.drburgener.com\/fr\/wp-json\/wp\/v2\/types\/product"}],"wp:featuredmedia":[{"embeddable":true,"href":"https:\/\/yuss.drburgener.com\/fr\/wp-json\/wp\/v2\/media\/6959"}],"wp:attachment":[{"href":"https:\/\/yuss.drburgener.com\/fr\/wp-json\/wp\/v2\/media?parent=1006"}],"wp:term":[{"taxonomy":"product_brand","embeddable":true,"href":"https:\/\/yuss.drburgener.com\/fr\/wp-json\/wp\/v2\/product_brand?post=1006"},{"taxonomy":"product_cat","embeddable":true,"href":"https:\/\/yuss.drburgener.com\/fr\/wp-json\/wp\/v2\/product_cat?post=1006"},{"taxonomy":"product_tag","embeddable":true,"href":"https:\/\/yuss.drburgener.com\/fr\/wp-json\/wp\/v2\/product_tag?post=1006"}],"curies":[{"name":"wp","href":"https:\/\/api.w.org\/{rel}","templated":true}]}}