{"id":1003,"date":"2024-05-02T15:17:33","date_gmt":"2024-05-02T15:17:33","guid":{"rendered":"https:\/\/evo.drburgener.com\/?product=le-oligo-oxi"},"modified":"2025-01-21T13:19:17","modified_gmt":"2025-01-21T12:19:17","slug":"le-oligo-oxi","status":"publish","type":"product","link":"https:\/\/yuss.drburgener.com\/fr\/product\/le-oligo-oxi\/","title":{"rendered":"Le Oligo-Oxi +"},"content":{"rendered":"<p><span data-sheets-root=\"1\">Oligo-Oxi+ par Dr Burgener Switzerland<\/span><\/p>\n<p>D\u00e9couvrez Oligo-Oxi+, un puissant compl\u00e9ment alimentaire con\u00e7u pour soutenir la sant\u00e9 et la vitalit\u00e9 de votre peau. Chaque flacon contient 90 capsules (65,9g net) d&rsquo;huile de bourrache de qualit\u00e9 sup\u00e9rieure, riche en acide gamma-linol\u00e9nique (AGL), qui aide \u00e0 maintenir la souplesse de la peau et pr\u00e9serve la barri\u00e8re cutan\u00e9e.<\/p>\n<p>D\u00e9couvrez les bienfaits luxueux d&rsquo;Oligo-Oxi+ de Dr Burgener Switzerland et prot\u00e9gez votre corps des effets n\u00e9fastes du stress oxydatif, \u00e9tablissant ainsi une nouvelle r\u00e9f\u00e9rence en mati\u00e8re de soins de la peau.<\/p>\n<p>&nbsp;<\/p>\n<p>&nbsp;<\/p>\n","protected":false},"excerpt":{"rendered":"<p><span data-sheets-root=\"1\">Oligo-Oxi + par Dr Burgener Switzerland<\/span><\/p>\n<p>D\u00e9couvrez la puissance de l&rsquo;Oligo-Oxi +, un compl\u00e9ment alimentaire haut de gamme \u00e0 base d&rsquo;huile de bourrache, pr\u00e9sent\u00e9 en flacons pratiques de 90 capsules. Formul\u00e9 pour maintenir votre peau douce, souple et hydrat\u00e9e, ce produit innovant est riche en acide gamma-linol\u00e9nique (AGL) et en vitamines essentielles C, B2, ainsi qu&rsquo;en s\u00e9l\u00e9nium. Ces ingr\u00e9dients actifs agissent en synergie pour stimuler la production de collag\u00e8ne, lutter contre le stress oxydatif et pr\u00e9server la barri\u00e8re naturelle de la peau.<\/p>\n<p>Veuillez noter que ces compl\u00e9ments nutritionnels ne peuvent pas \u00eatre livr\u00e9s aux \u00c9tats-Unis.<\/p>\n","protected":false},"featured_media":1002,"template":"","meta":{"_acf_changed":false},"product_brand":[],"product_cat":[56],"product_tag":[],"class_list":{"0":"post-1003","1":"product","2":"type-product","3":"status-publish","4":"has-post-thumbnail","6":"product_cat-complements-nutritionnels-de-luxe","8":"first","9":"onbackorder","10":"purchasable","11":"product-type-simple"},"acf":[],"_links":{"self":[{"href":"https:\/\/yuss.drburgener.com\/fr\/wp-json\/wp\/v2\/product\/1003","targetHints":{"allow":["GET"]}}],"collection":[{"href":"https:\/\/yuss.drburgener.com\/fr\/wp-json\/wp\/v2\/product"}],"about":[{"href":"https:\/\/yuss.drburgener.com\/fr\/wp-json\/wp\/v2\/types\/product"}],"wp:featuredmedia":[{"embeddable":true,"href":"https:\/\/yuss.drburgener.com\/fr\/wp-json\/wp\/v2\/media\/1002"}],"wp:attachment":[{"href":"https:\/\/yuss.drburgener.com\/fr\/wp-json\/wp\/v2\/media?parent=1003"}],"wp:term":[{"taxonomy":"product_brand","embeddable":true,"href":"https:\/\/yuss.drburgener.com\/fr\/wp-json\/wp\/v2\/product_brand?post=1003"},{"taxonomy":"product_cat","embeddable":true,"href":"https:\/\/yuss.drburgener.com\/fr\/wp-json\/wp\/v2\/product_cat?post=1003"},{"taxonomy":"product_tag","embeddable":true,"href":"https:\/\/yuss.drburgener.com\/fr\/wp-json\/wp\/v2\/product_tag?post=1003"}],"curies":[{"name":"wp","href":"https:\/\/api.w.org\/{rel}","templated":true}]}}