{"id":81,"date":"2024-04-16T17:53:41","date_gmt":"2024-04-16T15:53:41","guid":{"rendered":"https:\/\/evo.drburgener.com\/?page_id=81"},"modified":"2024-05-13T10:36:27","modified_gmt":"2024-05-13T08:36:27","slug":"presse","status":"publish","type":"page","link":"https:\/\/yuss.drburgener.com\/fr\/presse\/","title":{"rendered":"Presse"},"content":{"rendered":"\n\n  <div class=\"banner has-hover\" id=\"banner-1980901031\">\n          <div class=\"banner-inner fill\">\n        <div class=\"banner-bg fill\" >\n            <img loading=\"lazy\" decoding=\"async\" width=\"1920\" height=\"1080\" src=\"https:\/\/yuss.drburgener.com\/wp-content\/uploads\/2024\/04\/untitled_5.jpg\" class=\"bg attachment-original size-original\" alt=\"\" \/>                                    \n                    <\/div>\n\t\t\n        <div class=\"banner-layers container\">\n            <div class=\"fill banner-link\"><\/div>            \n\n   <div id=\"text-box-1561142060\" class=\"text-box banner-layer x50 md-x50 lg-x50 y95 md-y90 lg-y90 res-text\">\n                                <div class=\"text-box-content text \">\n              \n              <div class=\"text-inner text-left\">\n                  \n\n\t<div id=\"text-2725870431\" class=\"text\">\n\t\t\n\n<h3 class=\"uppercase\">PRESSE<\/h3>\n<p>Consultez notre rubrique Presse pour les derni\u00e8res apparitions m\u00e9diatiques de Dr Burgener Switzerland. D\u00e9couvrez ce que disent les experts \u00e0 notre sujet.<\/p>\n\t\t\n<style>\n#text-2725870431 {\n  font-size: 1.2rem;\n  text-align: center;\n  color: rgb(255, 255, 255);\n}\n#text-2725870431 > * {\n  color: rgb(255, 255, 255);\n}\n<\/style>\n\t<\/div>\n\t\n\n              <\/div>\n           <\/div>\n                            \n<style>\n#text-box-1561142060 .text-inner {\n  padding: 30px 30px 30px 30px;\n}\n#text-box-1561142060 {\n  width: 90%;\n}\n#text-box-1561142060 .text-box-content {\n  font-size: 100%;\n}\n@media (min-width:550px) {\n  #text-box-1561142060 {\n    width: 44%;\n  }\n}\n<\/style>\n    <\/div>\n \n\n        <\/div>\n      <\/div>\n\n            \n<style>\n#banner-1980901031 {\n  padding-top: 350px;\n}\n#banner-1980901031 .banner-bg img {\n  object-position: 62% 60%;\n}\n<\/style>\n  <\/div>\n\n\n\n\t<section class=\"section\" id=\"section_1526974199\">\n\t\t<div class=\"section-bg fill\" >\n\t\t\t\t\t\t\t\t\t<div class=\"section-bg-overlay absolute fill\"><\/div>\n\t\t\t\n\t<div class=\"is-border\"\n\t\tstyle=\"border-width:1px 0px 1px 0px;\">\n\t<\/div>\n\n\t\t<\/div>\n\n\t\t\n\n\t\t<div class=\"section-content relative\">\n\t\t\t\n\n<div class=\"row row-large align-middle\"  id=\"row-194451366\">\n\n\n\t<div id=\"col-795073993\" class=\"col small-12 large-12\"  >\n\t\t\t\t<div class=\"col-inner\"  >\n\t\t\t\n\t\t\t\n\n\t<div class=\"img has-hover x md-x lg-x y md-y lg-y\" id=\"image_1939053200\">\n\t\t\t\t\t\t\t\t<div class=\"img-inner box-shadow-2 dark\" >\n\t\t\t<img loading=\"lazy\" decoding=\"async\" width=\"1020\" height=\"510\" src=\"https:\/\/yuss.drburgener.com\/wp-content\/uploads\/2024\/04\/Slide_burgener_02-1024x512.png\" class=\"attachment-large size-large\" alt=\"\" srcset=\"https:\/\/yuss.drburgener.com\/wp-content\/uploads\/2024\/04\/Slide_burgener_02-1024x512.png 1024w, https:\/\/yuss.drburgener.com\/wp-content\/uploads\/2024\/04\/Slide_burgener_02-300x150.png 300w, https:\/\/yuss.drburgener.com\/wp-content\/uploads\/2024\/04\/Slide_burgener_02-768x384.png 768w, https:\/\/yuss.drburgener.com\/wp-content\/uploads\/2024\/04\/Slide_burgener_02-1536x768.png 1536w, https:\/\/yuss.drburgener.com\/wp-content\/uploads\/2024\/04\/Slide_burgener_02-510x255.png 510w, https:\/\/yuss.drburgener.com\/wp-content\/uploads\/2024\/04\/Slide_burgener_02.png 1600w\" sizes=\"auto, (max-width: 1020px) 100vw, 1020px\" \/>\t\t\t\t\t\t\n\t\t\t\t\t<\/div>\n\t\t\t\t\t\t\t\t\n<style>\n#image_1939053200 {\n  width: 100%;\n}\n<\/style>\n\t<\/div>\n\t\n\n\t\t<div id=\"ux-relay-1486654571\" class=\"ux-relay ux-relay--load-more\" data-flatsome-relay=\"{&quot;postType&quot;:&quot;post&quot;,&quot;tag&quot;:&quot;blog_posts&quot;,&quot;atts&quot;:{&quot;style&quot;:&quot;normal&quot;,&quot;type&quot;:&quot;row&quot;,&quot;columns&quot;:&quot;3&quot;,&quot;columns__md&quot;:&quot;1&quot;,&quot;relay&quot;:&quot;load-more&quot;,&quot;posts&quot;:&quot;9&quot;,&quot;image_height&quot;:&quot;56.25%&quot;},&quot;currentPage&quot;:&quot;1&quot;,&quot;totalPages&quot;:6,&quot;totalPosts&quot;:53,&quot;postCount&quot;:9}\">\n\t\t\n  \n    <div class=\"row large-columns-3 medium-columns-1 small-columns-1\" >\n  <div class=\"col post-item\" >\n\t\t\t<div class=\"col-inner\">\n\t\t\t\t<div class=\"box box-normal box-text-bottom box-blog-post has-hover\">\n            \t\t\t\t\t<div class=\"box-image\" >\n  \t\t\t\t\t\t<div class=\"image-cover\" style=\"padding-top:56.25%;\">\n\t\t\t\t\t\t\t<a href=\"https:\/\/yuss.drburgener.com\/fr\/2024\/05\/23\/journal-des-palaces-dr-burgener-switzerland-x-lhotel-carlton-cannes-imaginent-deux-soins-a-lor-24-carats-pour-le-festival\/\" class=\"plain\" aria-label=\"Journal des Palaces : DR BURGENER SWITZERLAND X L&rsquo;H\u00d4TEL CARLTON CANNES IMAGINENT DEUX SOINS \u00c0 L&rsquo;OR 24 CARATS POUR LE FESTIVAL\">\n\t\t\t\t\t\t\t\t<img loading=\"lazy\" decoding=\"async\" width=\"208\" height=\"300\" src=\"https:\/\/yuss.drburgener.com\/wp-content\/uploads\/2024\/05\/Capture-decran-2024-05-23-a-00.07.59-208x300.png\" class=\"attachment-medium size-medium wp-post-image\" alt=\"\" srcset=\"https:\/\/yuss.drburgener.com\/wp-content\/uploads\/2024\/05\/Capture-decran-2024-05-23-a-00.07.59-208x300.png 208w, https:\/\/yuss.drburgener.com\/wp-content\/uploads\/2024\/05\/Capture-decran-2024-05-23-a-00.07.59-711x1024.png 711w, https:\/\/yuss.drburgener.com\/wp-content\/uploads\/2024\/05\/Capture-decran-2024-05-23-a-00.07.59-768x1106.png 768w, https:\/\/yuss.drburgener.com\/wp-content\/uploads\/2024\/05\/Capture-decran-2024-05-23-a-00.07.59-510x735.png 510w, https:\/\/yuss.drburgener.com\/wp-content\/uploads\/2024\/05\/Capture-decran-2024-05-23-a-00.07.59.png 876w\" sizes=\"auto, (max-width: 208px) 100vw, 208px\" \/>\t\t\t\t\t\t\t<\/a>\n  \t\t\t\t\t\t\t  \t\t\t\t\t\t\t  \t\t\t\t\t\t<\/div>\n  \t\t\t\t\t\t  \t\t\t\t\t<\/div>\n          \t\t\t\t\t<div class=\"box-text text-center\" >\n\t\t\t\t\t<div class=\"box-text-inner blog-post-inner\">\n\n\t\t\t\t\t\n\t\t\t\t\t\t\t\t\t\t<h5 class=\"post-title is-large \">\n\t\t\t\t\t\t<a href=\"https:\/\/yuss.drburgener.com\/fr\/2024\/05\/23\/journal-des-palaces-dr-burgener-switzerland-x-lhotel-carlton-cannes-imaginent-deux-soins-a-lor-24-carats-pour-le-festival\/\" class=\"plain\">Journal des Palaces : DR BURGENER SWITZERLAND X L&rsquo;H\u00d4TEL CARLTON CANNES IMAGINENT DEUX SOINS \u00c0 L&rsquo;OR 24 CARATS POUR LE FESTIVAL<\/a>\n\t\t\t\t\t<\/h5>\n\t\t\t\t\t\t\t\t\t\t<div class=\"is-divider\"><\/div>\n\t\t\t\t\t\t\t\t\t\t<p class=\"from_the_blog_excerpt \">\n\t\t\t\t\t\t\t\t\t\t\t<\/p>\n\t\t\t\t\t                    \n\t\t\t\t\t\n\t\t\t\t\t\n\t\t\t\t\t<\/div>\n\t\t\t\t\t<\/div>\n\t\t\t\t\t\t\t\t\t\t\t\t\t\t\t\t<div class=\"badge absolute top post-date badge-outline\">\n\t\t\t\t\t\t\t<div class=\"badge-inner\">\n\t\t\t\t\t\t\t\t<span class=\"post-date-day\">23<\/span><br>\n\t\t\t\t\t\t\t\t<span class=\"post-date-month is-xsmall\">Mai<\/span>\n\t\t\t\t\t\t\t<\/div>\n\t\t\t\t\t\t<\/div>\n\t\t\t\t\t\t\t\t\t<\/div>\n\t\t\t<\/div>\n\t\t<\/div><div class=\"col post-item\" >\n\t\t\t<div class=\"col-inner\">\n\t\t\t\t<div class=\"box box-normal box-text-bottom box-blog-post has-hover\">\n            \t\t\t\t\t<div class=\"box-image\" >\n  \t\t\t\t\t\t<div class=\"image-cover\" style=\"padding-top:56.25%;\">\n\t\t\t\t\t\t\t<a href=\"https:\/\/yuss.drburgener.com\/fr\/2024\/05\/21\/festival-de-cannes-2024-les-lieux-les-plus-cools-ou-il-faut-etre-sur-la-croisette\/\" class=\"plain\" aria-label=\"GRAZIA: Festival de Cannes 2024 : les lieux les plus cools o\u00f9 il faut \u00eatre sur la Croisette\">\n\t\t\t\t\t\t\t\t<img loading=\"lazy\" decoding=\"async\" width=\"300\" height=\"169\" src=\"https:\/\/yuss.drburgener.com\/wp-content\/uploads\/2024\/05\/Screenshot-2024-05-21-at-11.22.14\u202fam-300x169.png\" class=\"attachment-medium size-medium wp-post-image\" alt=\"\" srcset=\"https:\/\/yuss.drburgener.com\/wp-content\/uploads\/2024\/05\/Screenshot-2024-05-21-at-11.22.14\u202fam-300x169.png 300w, https:\/\/yuss.drburgener.com\/wp-content\/uploads\/2024\/05\/Screenshot-2024-05-21-at-11.22.14\u202fam-1024x576.png 1024w, https:\/\/yuss.drburgener.com\/wp-content\/uploads\/2024\/05\/Screenshot-2024-05-21-at-11.22.14\u202fam-768x432.png 768w, https:\/\/yuss.drburgener.com\/wp-content\/uploads\/2024\/05\/Screenshot-2024-05-21-at-11.22.14\u202fam-510x287.png 510w, https:\/\/yuss.drburgener.com\/wp-content\/uploads\/2024\/05\/Screenshot-2024-05-21-at-11.22.14\u202fam.png 1366w\" sizes=\"auto, (max-width: 300px) 100vw, 300px\" \/>\t\t\t\t\t\t\t<\/a>\n  \t\t\t\t\t\t\t  \t\t\t\t\t\t\t  \t\t\t\t\t\t<\/div>\n  \t\t\t\t\t\t  \t\t\t\t\t<\/div>\n          \t\t\t\t\t<div class=\"box-text text-center\" >\n\t\t\t\t\t<div class=\"box-text-inner blog-post-inner\">\n\n\t\t\t\t\t\n\t\t\t\t\t\t\t\t\t\t<h5 class=\"post-title is-large \">\n\t\t\t\t\t\t<a href=\"https:\/\/yuss.drburgener.com\/fr\/2024\/05\/21\/festival-de-cannes-2024-les-lieux-les-plus-cools-ou-il-faut-etre-sur-la-croisette\/\" class=\"plain\">GRAZIA: Festival de Cannes 2024 : les lieux les plus cools o\u00f9 il faut \u00eatre sur la Croisette<\/a>\n\t\t\t\t\t<\/h5>\n\t\t\t\t\t\t\t\t\t\t<div class=\"is-divider\"><\/div>\n\t\t\t\t\t\t\t\t\t\t<p class=\"from_the_blog_excerpt \">\n\t\t\t\t\t\t\t\t\t\t\t<\/p>\n\t\t\t\t\t                    \n\t\t\t\t\t\n\t\t\t\t\t\n\t\t\t\t\t<\/div>\n\t\t\t\t\t<\/div>\n\t\t\t\t\t\t\t\t\t\t\t\t\t\t\t\t<div class=\"badge absolute top post-date badge-outline\">\n\t\t\t\t\t\t\t<div class=\"badge-inner\">\n\t\t\t\t\t\t\t\t<span class=\"post-date-day\">21<\/span><br>\n\t\t\t\t\t\t\t\t<span class=\"post-date-month is-xsmall\">Mai<\/span>\n\t\t\t\t\t\t\t<\/div>\n\t\t\t\t\t\t<\/div>\n\t\t\t\t\t\t\t\t\t<\/div>\n\t\t\t<\/div>\n\t\t<\/div><div class=\"col post-item\" >\n\t\t\t<div class=\"col-inner\">\n\t\t\t\t<div class=\"box box-normal box-text-bottom box-blog-post has-hover\">\n          \t\t\t\t\t<div class=\"box-text text-center\" >\n\t\t\t\t\t<div class=\"box-text-inner blog-post-inner\">\n\n\t\t\t\t\t\n\t\t\t\t\t\t\t\t\t\t<h5 class=\"post-title is-large \">\n\t\t\t\t\t\t<a href=\"https:\/\/yuss.drburgener.com\/fr\/2024\/05\/20\/5561\/\" class=\"plain\">Le Mag du Festival: Une Star des Massages pour Chouchouter les C\u00e9l\u00e9brit\u00e9s<\/a>\n\t\t\t\t\t<\/h5>\n\t\t\t\t\t<div class=\"post-meta is-small op-8\">20 mai 2024<\/div>\t\t\t\t\t<div class=\"is-divider\"><\/div>\n\t\t\t\t\t\t\t\t\t\t<p class=\"from_the_blog_excerpt \">\n\t\t\t\t\t\t\t\t\t\t\t<\/p>\n\t\t\t\t\t                                            <p class=\"from_the_blog_comments uppercase is-xsmall\">\n                            2 Commentaires                        <\/p>\n                    \n\t\t\t\t\t\n\t\t\t\t\t\n\t\t\t\t\t<\/div>\n\t\t\t\t\t<\/div>\n\t\t\t\t\t\t\t\t\t<\/div>\n\t\t\t<\/div>\n\t\t<\/div><div class=\"col post-item\" >\n\t\t\t<div class=\"col-inner\">\n\t\t\t\t<div class=\"box box-normal box-text-bottom box-blog-post has-hover\">\n          \t\t\t\t\t<div class=\"box-text text-center\" >\n\t\t\t\t\t<div class=\"box-text-inner blog-post-inner\">\n\n\t\t\t\t\t\n\t\t\t\t\t\t\t\t\t\t<h5 class=\"post-title is-large \">\n\t\t\t\t\t\t<a href=\"https:\/\/yuss.drburgener.com\/fr\/2024\/05\/19\/gala-c-club-bien-etre-au-carlton\/\" class=\"plain\">Gala : \u00ab\u00a0C CLUB, BIEN-\u00caTRE AU CARLTON\u00a0\u00bb<\/a>\n\t\t\t\t\t<\/h5>\n\t\t\t\t\t<div class=\"post-meta is-small op-8\">19 mai 2024<\/div>\t\t\t\t\t<div class=\"is-divider\"><\/div>\n\t\t\t\t\t\t\t\t\t\t<p class=\"from_the_blog_excerpt \">\n\t\t\t\t\t\tFESTIVAL DE CANNES\t\t\t\t\t<\/p>\n\t\t\t\t\t                    \n\t\t\t\t\t\n\t\t\t\t\t\n\t\t\t\t\t<\/div>\n\t\t\t\t\t<\/div>\n\t\t\t\t\t\t\t\t\t<\/div>\n\t\t\t<\/div>\n\t\t<\/div><div class=\"col post-item\" >\n\t\t\t<div class=\"col-inner\">\n\t\t\t\t<div class=\"box box-normal box-text-bottom box-blog-post has-hover\">\n            \t\t\t\t\t<div class=\"box-image\" >\n  \t\t\t\t\t\t<div class=\"image-cover\" style=\"padding-top:56.25%;\">\n\t\t\t\t\t\t\t<a href=\"https:\/\/yuss.drburgener.com\/fr\/2024\/03\/20\/gala-france-tenues-dapparat\/\" class=\"plain\" aria-label=\"Gala France: \u00ab\u00a0TENUES D\u2019APPARAT\u00a0\u00bb\">\n\t\t\t\t\t\t\t\t<img loading=\"lazy\" decoding=\"async\" width=\"300\" height=\"131\" src=\"https:\/\/yuss.drburgener.com\/wp-content\/uploads\/2024\/05\/Screenshot202024032020at201.34.37E280AFpm.png\" class=\"attachment-medium size-medium wp-post-image\" alt=\"\" \/>\t\t\t\t\t\t\t<\/a>\n  \t\t\t\t\t\t\t  \t\t\t\t\t\t\t  \t\t\t\t\t\t<\/div>\n  \t\t\t\t\t\t  \t\t\t\t\t<\/div>\n          \t\t\t\t\t<div class=\"box-text text-center\" >\n\t\t\t\t\t<div class=\"box-text-inner blog-post-inner\">\n\n\t\t\t\t\t\n\t\t\t\t\t\t\t\t\t\t<h5 class=\"post-title is-large \">\n\t\t\t\t\t\t<a href=\"https:\/\/yuss.drburgener.com\/fr\/2024\/03\/20\/gala-france-tenues-dapparat\/\" class=\"plain\">Gala France: \u00ab\u00a0TENUES D\u2019APPARAT\u00a0\u00bb<\/a>\n\t\t\t\t\t<\/h5>\n\t\t\t\t\t\t\t\t\t\t<div class=\"is-divider\"><\/div>\n\t\t\t\t\t\t\t\t\t\t<p class=\"from_the_blog_excerpt \">\n\t\t\t\t\t\tDiscover an extract of the article below featuring\u00a0Dr Burgener Switzerland&rsquo;s Haute Couture Program\u00a0in \u00ab\u00a0Gala\u00a0\u00bb: 12 [...]\t\t\t\t\t<\/p>\n\t\t\t\t\t                    \n\t\t\t\t\t\n\t\t\t\t\t\n\t\t\t\t\t<\/div>\n\t\t\t\t\t<\/div>\n\t\t\t\t\t\t\t\t\t\t\t\t\t\t\t\t<div class=\"badge absolute top post-date badge-outline\">\n\t\t\t\t\t\t\t<div class=\"badge-inner\">\n\t\t\t\t\t\t\t\t<span class=\"post-date-day\">20<\/span><br>\n\t\t\t\t\t\t\t\t<span class=\"post-date-month is-xsmall\">Mar<\/span>\n\t\t\t\t\t\t\t<\/div>\n\t\t\t\t\t\t<\/div>\n\t\t\t\t\t\t\t\t\t<\/div>\n\t\t\t<\/div>\n\t\t<\/div><div class=\"col post-item\" >\n\t\t\t<div class=\"col-inner\">\n\t\t\t\t<div class=\"box box-normal box-text-bottom box-blog-post has-hover\">\n            \t\t\t\t\t<div class=\"box-image\" >\n  \t\t\t\t\t\t<div class=\"image-cover\" style=\"padding-top:56.25%;\">\n\t\t\t\t\t\t\t<a href=\"https:\/\/yuss.drburgener.com\/fr\/2024\/03\/20\/lofficiel-ou-skier-a-noel\/\" class=\"plain\" aria-label=\"L&rsquo;Officiel: \u00ab\u00a0O\u00f9 skier \u00e0 No\u00ebl ?\u00a0\u00bb\">\n\t\t\t\t\t\t\t\t<img loading=\"lazy\" decoding=\"async\" width=\"300\" height=\"200\" src=\"https:\/\/yuss.drburgener.com\/wp-content\/uploads\/2024\/05\/Screenshot202024032020at201.18.25E280AFpm.png\" class=\"attachment-medium size-medium wp-post-image\" alt=\"\" \/>\t\t\t\t\t\t\t<\/a>\n  \t\t\t\t\t\t\t  \t\t\t\t\t\t\t  \t\t\t\t\t\t<\/div>\n  \t\t\t\t\t\t  \t\t\t\t\t<\/div>\n          \t\t\t\t\t<div class=\"box-text text-center\" >\n\t\t\t\t\t<div class=\"box-text-inner blog-post-inner\">\n\n\t\t\t\t\t\n\t\t\t\t\t\t\t\t\t\t<h5 class=\"post-title is-large \">\n\t\t\t\t\t\t<a href=\"https:\/\/yuss.drburgener.com\/fr\/2024\/03\/20\/lofficiel-ou-skier-a-noel\/\" class=\"plain\">L&rsquo;Officiel: \u00ab\u00a0O\u00f9 skier \u00e0 No\u00ebl ?\u00a0\u00bb<\/a>\n\t\t\t\t\t<\/h5>\n\t\t\t\t\t\t\t\t\t\t<div class=\"is-divider\"><\/div>\n\t\t\t\t\t\t\t\t\t\t<p class=\"from_the_blog_excerpt \">\n\t\t\t\t\t\tD\u00e9couvrez un extrait de l&rsquo;article ci-dessous pr\u00e9sentant les traitements de Dr Burgener Switzerland au W [...]\t\t\t\t\t<\/p>\n\t\t\t\t\t                    \n\t\t\t\t\t\n\t\t\t\t\t\n\t\t\t\t\t<\/div>\n\t\t\t\t\t<\/div>\n\t\t\t\t\t\t\t\t\t\t\t\t\t\t\t\t<div class=\"badge absolute top post-date badge-outline\">\n\t\t\t\t\t\t\t<div class=\"badge-inner\">\n\t\t\t\t\t\t\t\t<span class=\"post-date-day\">20<\/span><br>\n\t\t\t\t\t\t\t\t<span class=\"post-date-month is-xsmall\">Mar<\/span>\n\t\t\t\t\t\t\t<\/div>\n\t\t\t\t\t\t<\/div>\n\t\t\t\t\t\t\t\t\t<\/div>\n\t\t\t<\/div>\n\t\t<\/div><div class=\"col post-item\" >\n\t\t\t<div class=\"col-inner\">\n\t\t\t\t<div class=\"box box-normal box-text-bottom box-blog-post has-hover\">\n            \t\t\t\t\t<div class=\"box-image\" >\n  \t\t\t\t\t\t<div class=\"image-cover\" style=\"padding-top:56.25%;\">\n\t\t\t\t\t\t\t<a href=\"https:\/\/yuss.drburgener.com\/fr\/2024\/03\/12\/yonder-le-w-verbier-dix-ans-de-design-alpin-audacieux\/\" class=\"plain\" aria-label=\"Yonder: \u00ab\u00a0Le W Verbier, dix ans de design alpin audacieux\u00a0\u00bb\">\n\t\t\t\t\t\t\t\t<img loading=\"lazy\" decoding=\"async\" width=\"300\" height=\"200\" src=\"https:\/\/yuss.drburgener.com\/wp-content\/uploads\/2024\/05\/W20Verbier2020RoomsWow20Suite2020view.jpg\" class=\"attachment-medium size-medium wp-post-image\" alt=\"\" \/>\t\t\t\t\t\t\t<\/a>\n  \t\t\t\t\t\t\t  \t\t\t\t\t\t\t  \t\t\t\t\t\t<\/div>\n  \t\t\t\t\t\t  \t\t\t\t\t<\/div>\n          \t\t\t\t\t<div class=\"box-text text-center\" >\n\t\t\t\t\t<div class=\"box-text-inner blog-post-inner\">\n\n\t\t\t\t\t\n\t\t\t\t\t\t\t\t\t\t<h5 class=\"post-title is-large \">\n\t\t\t\t\t\t<a href=\"https:\/\/yuss.drburgener.com\/fr\/2024\/03\/12\/yonder-le-w-verbier-dix-ans-de-design-alpin-audacieux\/\" class=\"plain\">Yonder: \u00ab\u00a0Le W Verbier, dix ans de design alpin audacieux\u00a0\u00bb<\/a>\n\t\t\t\t\t<\/h5>\n\t\t\t\t\t\t\t\t\t\t<div class=\"is-divider\"><\/div>\n\t\t\t\t\t\t\t\t\t\t<p class=\"from_the_blog_excerpt \">\n\t\t\t\t\t\tD\u00e9couvrez un extrait de l&rsquo;article ci-dessous pr\u00e9sentant les traitements de Dr Burgener Switzerland au W [...]\t\t\t\t\t<\/p>\n\t\t\t\t\t                    \n\t\t\t\t\t\n\t\t\t\t\t\n\t\t\t\t\t<\/div>\n\t\t\t\t\t<\/div>\n\t\t\t\t\t\t\t\t\t\t\t\t\t\t\t\t<div class=\"badge absolute top post-date badge-outline\">\n\t\t\t\t\t\t\t<div class=\"badge-inner\">\n\t\t\t\t\t\t\t\t<span class=\"post-date-day\">12<\/span><br>\n\t\t\t\t\t\t\t\t<span class=\"post-date-month is-xsmall\">Mar<\/span>\n\t\t\t\t\t\t\t<\/div>\n\t\t\t\t\t\t<\/div>\n\t\t\t\t\t\t\t\t\t<\/div>\n\t\t\t<\/div>\n\t\t<\/div><div class=\"col post-item\" >\n\t\t\t<div class=\"col-inner\">\n\t\t\t\t<div class=\"box box-normal box-text-bottom box-blog-post has-hover\">\n            \t\t\t\t\t<div class=\"box-image\" >\n  \t\t\t\t\t\t<div class=\"image-cover\" style=\"padding-top:56.25%;\">\n\t\t\t\t\t\t\t<a href=\"https:\/\/yuss.drburgener.com\/fr\/2024\/03\/12\/yonder-les-plus-beaux-hotels-avec-spa-de-verbier\/\" class=\"plain\" aria-label=\"Yonder: \u00ab\u00a0Les plus beaux h\u00f4tels avec spa de Verbier\u00a0\u00bb\">\n\t\t\t\t\t\t\t\t<img loading=\"lazy\" decoding=\"async\" width=\"284\" height=\"300\" src=\"https:\/\/yuss.drburgener.com\/wp-content\/uploads\/2024\/05\/Screenshot202024031220at2010.22.19E280AFam.png\" class=\"attachment-medium size-medium wp-post-image\" alt=\"\" \/>\t\t\t\t\t\t\t<\/a>\n  \t\t\t\t\t\t\t  \t\t\t\t\t\t\t  \t\t\t\t\t\t<\/div>\n  \t\t\t\t\t\t  \t\t\t\t\t<\/div>\n          \t\t\t\t\t<div class=\"box-text text-center\" >\n\t\t\t\t\t<div class=\"box-text-inner blog-post-inner\">\n\n\t\t\t\t\t\n\t\t\t\t\t\t\t\t\t\t<h5 class=\"post-title is-large \">\n\t\t\t\t\t\t<a href=\"https:\/\/yuss.drburgener.com\/fr\/2024\/03\/12\/yonder-les-plus-beaux-hotels-avec-spa-de-verbier\/\" class=\"plain\">Yonder: \u00ab\u00a0Les plus beaux h\u00f4tels avec spa de Verbier\u00a0\u00bb<\/a>\n\t\t\t\t\t<\/h5>\n\t\t\t\t\t\t\t\t\t\t<div class=\"is-divider\"><\/div>\n\t\t\t\t\t\t\t\t\t\t<p class=\"from_the_blog_excerpt \">\n\t\t\t\t\t\tD\u00e9couvrez un extrait de l&rsquo;article ci-dessous mettant en vedette les traitements de Dr Burgener Switzerland [...]\t\t\t\t\t<\/p>\n\t\t\t\t\t                    \n\t\t\t\t\t\n\t\t\t\t\t\n\t\t\t\t\t<\/div>\n\t\t\t\t\t<\/div>\n\t\t\t\t\t\t\t\t\t\t\t\t\t\t\t\t<div class=\"badge absolute top post-date badge-outline\">\n\t\t\t\t\t\t\t<div class=\"badge-inner\">\n\t\t\t\t\t\t\t\t<span class=\"post-date-day\">12<\/span><br>\n\t\t\t\t\t\t\t\t<span class=\"post-date-month is-xsmall\">Mar<\/span>\n\t\t\t\t\t\t\t<\/div>\n\t\t\t\t\t\t<\/div>\n\t\t\t\t\t\t\t\t\t<\/div>\n\t\t\t<\/div>\n\t\t<\/div><div class=\"col post-item\" >\n\t\t\t<div class=\"col-inner\">\n\t\t\t\t<div class=\"box box-normal box-text-bottom box-blog-post has-hover\">\n            \t\t\t\t\t<div class=\"box-image\" >\n  \t\t\t\t\t\t<div class=\"image-cover\" style=\"padding-top:56.25%;\">\n\t\t\t\t\t\t\t<a href=\"https:\/\/yuss.drburgener.com\/fr\/2024\/03\/12\/yonder-on-a-teste-le-spa-six-senses-de-lalpina-gstaad\/\" class=\"plain\" aria-label=\"Yonder: \u00ab\u00a0On a test\u00e9 le spa Six Senses de l\u2019Alpina Gstaad\u00a0\u00bb\">\n\t\t\t\t\t\t\t\t<img loading=\"lazy\" decoding=\"async\" width=\"300\" height=\"200\" src=\"https:\/\/yuss.drburgener.com\/wp-content\/uploads\/2024\/05\/The20Alpina20Gstaad_Six20Senses20Spa_09.jpg\" class=\"attachment-medium size-medium wp-post-image\" alt=\"\" \/>\t\t\t\t\t\t\t<\/a>\n  \t\t\t\t\t\t\t  \t\t\t\t\t\t\t  \t\t\t\t\t\t<\/div>\n  \t\t\t\t\t\t  \t\t\t\t\t<\/div>\n          \t\t\t\t\t<div class=\"box-text text-center\" >\n\t\t\t\t\t<div class=\"box-text-inner blog-post-inner\">\n\n\t\t\t\t\t\n\t\t\t\t\t\t\t\t\t\t<h5 class=\"post-title is-large \">\n\t\t\t\t\t\t<a href=\"https:\/\/yuss.drburgener.com\/fr\/2024\/03\/12\/yonder-on-a-teste-le-spa-six-senses-de-lalpina-gstaad\/\" class=\"plain\">Yonder: \u00ab\u00a0On a test\u00e9 le spa Six Senses de l\u2019Alpina Gstaad\u00a0\u00bb<\/a>\n\t\t\t\t\t<\/h5>\n\t\t\t\t\t\t\t\t\t\t<div class=\"is-divider\"><\/div>\n\t\t\t\t\t\t\t\t\t\t<p class=\"from_the_blog_excerpt \">\n\t\t\t\t\t\tD\u00e9couvrez un extrait de l&rsquo;article ci-dessous mettant en vedette les traitements de Dr Burgener Switzerland [...]\t\t\t\t\t<\/p>\n\t\t\t\t\t                    \n\t\t\t\t\t\n\t\t\t\t\t\n\t\t\t\t\t<\/div>\n\t\t\t\t\t<\/div>\n\t\t\t\t\t\t\t\t\t\t\t\t\t\t\t\t<div class=\"badge absolute top post-date badge-outline\">\n\t\t\t\t\t\t\t<div class=\"badge-inner\">\n\t\t\t\t\t\t\t\t<span class=\"post-date-day\">12<\/span><br>\n\t\t\t\t\t\t\t\t<span class=\"post-date-month is-xsmall\">Mar<\/span>\n\t\t\t\t\t\t\t<\/div>\n\t\t\t\t\t\t<\/div>\n\t\t\t\t\t\t\t\t\t<\/div>\n\t\t\t<\/div>\n\t\t<\/div><\/div>\t\t<div class=\"ux-relay__control ux-relay__control--bottom container pb-half text-center\">\n\t\t\t\t\t\t\t<button class=\"ux-relay__button ux-relay__load-more-button button primary mb-0\">\n\t\t\t\t\tCharger plus\t\t\t\t\t<span class=\"ux-relay__result-count\">(<span class=\"ux-relay__current-count\">9<\/span> \/ 53)<\/span>\t\t\t\t<\/button>\n\t\t\t\t\t\t<\/div>\n\t\t\t\t<\/div>\n\t\t\n\n\n\t\t<\/div>\n\t\t\t\t\t<\/div>\n\n\t\n\n<\/div>\n\n\t\t<\/div>\n\n\t\t\n<style>\n#section_1526974199 {\n  padding-top: 60px;\n  padding-bottom: 60px;\n  background-color: rgb(193, 193, 193);\n}\n#section_1526974199 .section-bg-overlay {\n  background-color: rgba(255, 255, 255, 0.85);\n}\n<\/style>\n\t<\/section>\n\t\n<div class=\"message-box relative dark\" style=\"padding-top:50px;padding-bottom:50px;\"><div class=\"message-box-bg-image bg-fill fill\" ><\/div><div class=\"message-box-bg-overlay bg-fill fill\" ><\/div><div class=\"container relative\"><div class=\"inner last-reset\">\n\n<div class=\"row align-middle align-center\"  id=\"row-21033505\">\n\n\n\t<div id=\"col-1309515713\" class=\"col medium-8 small-12 large-8\"  >\n\t\t\t\t<div class=\"col-inner\"  >\n\t\t\t\n\t\t\t\n\n<h3><span style=\"font-size: 120%;\"><b>D\u00e9couvrez-en Plus Dans Notre e-Shop<\/b><\/span><\/h3>\n<p>Visitez l'e-Shop et trouvez tous les produits pour les rituels<\/p>\n\n\t\t<\/div>\n\t\t\t\t\t<\/div>\n\n\t\n\n\t<div id=\"col-88262819\" class=\"col medium-3 small-12 large-3\"  >\n\t\t\t\t<div class=\"col-inner text-center\"  >\n\t\t\t\n\t\t\t\n\n\t<div id=\"gap-867540258\" class=\"gap-element clearfix show-for-small\" style=\"display:block; height:auto;\">\n\t\t\n<style>\n#gap-867540258 {\n  padding-top: 30px;\n}\n<\/style>\n\t<\/div>\n\t\n\n<a data-animate=\"fadeInLeft\" href=\"https:\/\/yuss.drburgener.com\/boutique\/\" class=\"button white is-bevel\" style=\"border-radius:15px;\">\n\t\t<span>En savoir plus<\/span>\n\t<\/a>\n\n\n\n\t\t<\/div>\n\t\t\t\t\t<\/div>\n\n\t\n\n<\/div>\n\n<\/div><\/div><\/div>\n\n\n","protected":false},"excerpt":{"rendered":"","protected":false},"author":2018,"featured_media":0,"parent":0,"menu_order":0,"comment_status":"closed","ping_status":"closed","template":"page-blank.php","meta":{"_acf_changed":false,"footnotes":""},"class_list":["post-81","page","type-page","status-publish","hentry"],"acf":[],"_links":{"self":[{"href":"https:\/\/yuss.drburgener.com\/fr\/wp-json\/wp\/v2\/pages\/81","targetHints":{"allow":["GET"]}}],"collection":[{"href":"https:\/\/yuss.drburgener.com\/fr\/wp-json\/wp\/v2\/pages"}],"about":[{"href":"https:\/\/yuss.drburgener.com\/fr\/wp-json\/wp\/v2\/types\/page"}],"author":[{"embeddable":true,"href":"https:\/\/yuss.drburgener.com\/fr\/wp-json\/wp\/v2\/users\/2018"}],"replies":[{"embeddable":true,"href":"https:\/\/yuss.drburgener.com\/fr\/wp-json\/wp\/v2\/comments?post=81"}],"version-history":[{"count":5,"href":"https:\/\/yuss.drburgener.com\/fr\/wp-json\/wp\/v2\/pages\/81\/revisions"}],"predecessor-version":[{"id":5107,"href":"https:\/\/yuss.drburgener.com\/fr\/wp-json\/wp\/v2\/pages\/81\/revisions\/5107"}],"wp:attachment":[{"href":"https:\/\/yuss.drburgener.com\/fr\/wp-json\/wp\/v2\/media?parent=81"}],"curies":[{"name":"wp","href":"https:\/\/api.w.org\/{rel}","templated":true}]}}