{"id":320,"date":"2024-04-17T01:42:22","date_gmt":"2024-04-16T23:42:22","guid":{"rendered":"https:\/\/evo.drburgener.com\/?page_id=320"},"modified":"2024-05-20T15:37:06","modified_gmt":"2024-05-20T13:37:06","slug":"notre-laboratoire","status":"publish","type":"page","link":"https:\/\/yuss.drburgener.com\/fr\/notre-laboratoire\/","title":{"rendered":"Notre laboratoire"},"content":{"rendered":"\n\n  <div class=\"banner has-hover\" id=\"banner-960996429\">\n          <div class=\"banner-inner fill\">\n        <div class=\"banner-bg fill\" >\n            <img loading=\"lazy\" decoding=\"async\" width=\"1200\" height=\"800\" src=\"https:\/\/yuss.drburgener.com\/wp-content\/uploads\/2024\/05\/Unknown-2.jpeg\" class=\"bg attachment-original size-original\" alt=\"\" \/>                        <div class=\"overlay\"><\/div>            \n                    <\/div>\n\t\t\n        <div class=\"banner-layers container\">\n            <div class=\"fill banner-link\"><\/div>            \n\n   <div id=\"text-box-323678807\" class=\"text-box banner-layer x50 md-x50 lg-x50 y95 md-y50 lg-y50 res-text\">\n                     <div data-animate=\"fadeInLeft\">           <div class=\"text-box-content text dark\">\n              \n              <div class=\"text-inner text-left\">\n                  \n\n<h1 class=\"uppercase\" style=\"text-align: center;\">Notre laboratoire<\/h1>\n<p style=\"text-align: center;\">Le laboratoire Dr Burgener Switzerland suit les traces de Dr Marc Burgener, qui, en 1960, avait fond\u00e9 la marque Lynell pour les traitements post-chirurgicaux.<\/p>\n\n              <\/div>\n           <\/div>\n       <\/div>                     \n<style>\n#text-box-323678807 .text-inner {\n  padding: 30px 30px 30px 30px;\n}\n#text-box-323678807 {\n  width: 90%;\n}\n#text-box-323678807 .text-box-content {\n  font-size: 100%;\n}\n@media (min-width:550px) {\n  #text-box-323678807 {\n    width: 49%;\n  }\n}\n<\/style>\n    <\/div>\n \n\n        <\/div>\n      <\/div>\n\n            \n<style>\n#banner-960996429 {\n  padding-top: 637px;\n}\n#banner-960996429 .overlay {\n  background-color: rgba(0, 0, 0, 0.227);\n}\n#banner-960996429 .banner-bg img {\n  object-position: 62% 60%;\n}\n<\/style>\n  <\/div>\n\n\n\n\t<section class=\"section\" id=\"section_340645711\">\n\t\t<div class=\"section-bg fill\" >\n\t\t\t\t\t\t\t\t\t<div class=\"section-bg-overlay absolute fill\"><\/div>\n\t\t\t\n\t<div class=\"is-border\"\n\t\tstyle=\"border-width:1px 0px 1px 0px;\">\n\t<\/div>\n\n\t\t<\/div>\n\n\t\t\n\n\t\t<div class=\"section-content relative\">\n\t\t\t\n\n<div class=\"row row-large align-middle\"  id=\"row-780899172\">\n\n\n\t<div id=\"col-1892534240\" class=\"col medium-6 small-12 large-6\"  >\n\t\t\t\t<div class=\"col-inner text-left\"  >\n\t\t\t\n\t\t\t\n\n<h2 class=\"uppercase\">Laboratoire Dr Burgener SWITZERLAND<\/h2>\n<p><span style=\"font-size: 14.4px;\">Le laboratoire Dr Burgener Switzerland suit les traces de Dr Marc Burgener, qui, en 1960, avait fond\u00e9 la marque Lynell pour les traitements post-chirurgicaux. L\u2019origine m\u00e9dicale de la marque se retrouve dans nos formules, avec des actifs tr\u00e8s pointus issus du monde de la m\u00e9decine esth\u00e9tique tels que les acides hyaluroniques fragment\u00e9s, les peptides, les vitamines, les AHAs, ou le collag\u00e8ne. Nos ingr\u00e9dients sont rigoureusement s\u00e9lectionn\u00e9s pour leur efficacit\u00e9, leur technicit\u00e9 et leur grande qualit\u00e9.<\/span><\/p>\n\n\t\t<\/div>\n\t\t\t\t\n<style>\n#col-1892534240 > .col-inner {\n  padding: 30px 30px 30px 30px;\n}\n<\/style>\n\t<\/div>\n\n\t\n\n\t<div id=\"col-132537445\" class=\"col medium-6 small-12 large-6\"  >\n\t\t\t\t<div class=\"col-inner\"  >\n\t\t\t\n\t\t\t\n\n\t<div class=\"img has-hover x md-x lg-x y md-y lg-y\" id=\"image_1380239608\">\n\t\t\t\t\t\t\t\t<div class=\"img-inner box-shadow-2 dark\" >\n\t\t\t<img loading=\"lazy\" decoding=\"async\" width=\"600\" height=\"900\" src=\"https:\/\/yuss.drburgener.com\/wp-content\/uploads\/2024\/05\/download-14.jpg\" class=\"attachment-large size-large\" alt=\"\" srcset=\"https:\/\/yuss.drburgener.com\/wp-content\/uploads\/2024\/05\/download-14.jpg 600w, https:\/\/yuss.drburgener.com\/wp-content\/uploads\/2024\/05\/download-14-510x765.jpg 510w, https:\/\/yuss.drburgener.com\/wp-content\/uploads\/2024\/05\/download-14-200x300.jpg 200w\" sizes=\"auto, (max-width: 600px) 100vw, 600px\" \/>\t\t\t\t\t\t\n\t\t\t\t\t<\/div>\n\t\t\t\t\t\t\t\t\n<style>\n#image_1380239608 {\n  width: 100%;\n}\n<\/style>\n\t<\/div>\n\t\n\n\n\t\t<\/div>\n\t\t\t\t\n<style>\n#col-132537445 > .col-inner {\n  padding: 30px 30px 30px 30px;\n}\n<\/style>\n\t<\/div>\n\n\t\n\n<\/div>\n\n\t\t<\/div>\n\n\t\t\n<style>\n#section_340645711 {\n  padding-top: 60px;\n  padding-bottom: 60px;\n  background-color: rgb(193, 193, 193);\n}\n#section_340645711 .section-bg-overlay {\n  background-color: rgba(255, 255, 255, 0.85);\n}\n<\/style>\n\t<\/section>\n\t\n\n\t<section class=\"section\" id=\"section_1091333787\">\n\t\t<div class=\"section-bg fill\" >\n\t\t\t\t\t\t\t\t\t<div class=\"section-bg-overlay absolute fill\"><\/div>\n\t\t\t\n\n\t\t<\/div>\n\n\t\t\n\n\t\t<div class=\"section-content relative\">\n\t\t\t\n\n<div class=\"row row-large align-middle\"  id=\"row-804322142\">\n\n\n\t<div id=\"col-710405052\" class=\"col medium-3 small-12 large-3\"  >\n\t\t\t\t<div class=\"col-inner text-left\"  >\n\t\t\t\n\t\t\t\n\n\n\t\t<div class=\"icon-box featured-box icon-box-top text-left\"  >\n\t\t\t\t<div class=\"icon-box-text last-reset\">\n\t\t\t\t\t\t\t\t\t\n\n<h3 style=\"text-align: center;\">\u00c9tape 1<\/h3>\n<p style=\"text-align: center;\">Nos produits sont imagin\u00e9s avec passion et exigence dans notre propre laboratoire de R&amp;D en Suisse, avec nos \u00e9quipes de cosm\u00e9tologues, pharmaciens, dermatologues et m\u00e9decins.<\/p>\n\n\t\t<\/div>\n\t<\/div>\n\t\n\t\n\n\t\t<\/div>\n\t\t\t\t\t<\/div>\n\n\t\n\n\t<div id=\"col-1384041755\" class=\"col medium-3 small-12 large-3\"  >\n\t\t\t\t<div class=\"col-inner text-left\"  >\n\t\t\t\n\t\t\t\n\n<h3 style=\"text-align: center;\">\u00c9tape 2<\/h3>\n<p style=\"text-align: center;\">Nos formules prennent vie majoritairement gr\u00e2ce aux ingr\u00e9dients naturels, qui sont respectueux de la peau et de l\u2019environnement. Dans la conception, nous privil\u00e9gions toujours les circuits courts et locaux.<\/p>\n\n\t\t<\/div>\n\t\t\t\t\t<\/div>\n\n\t\n\n\t<div id=\"col-93133853\" class=\"col medium-3 small-12 large-3\"  >\n\t\t\t\t<div class=\"col-inner text-left\"  >\n\t\t\t\n\t\t\t\n\n<h3 style=\"text-align: center;\">\u00c9tape 3<\/h3>\n<p style=\"text-align: center;\">Ces formules sont ensuite v\u00e9rifi\u00e9es par un toxicologue, puis partent en test dans des laboratoires ind\u00e9pendants avant d\u2019\u00eatre produits dans notre laboratoire en Suisse.<\/p>\n\n\t\t<\/div>\n\t\t\t\t\t<\/div>\n\n\t\n\n\t<div id=\"col-110608673\" class=\"col medium-3 small-12 large-3\"  >\n\t\t\t\t<div class=\"col-inner text-left\"  >\n\t\t\t\n\t\t\t\n\n<h3 style=\"text-align: center;\">\u00c9tape 4<\/h3>\n<p style=\"text-align: center;\">Les formules cr\u00e9\u00e9es passent ensuite entre les mains expertes de nos th\u00e9rapeutes, qui vont jouer avec les textures et les gestuels afin de cr\u00e9er des protocoles de soin \u00e0 l\u2019efficacit\u00e9 remarquable.<\/p>\n\n\t\t<\/div>\n\t\t\t\t\t<\/div>\n\n\t\n\n<\/div>\n\n\t\t<\/div>\n\n\t\t\n<style>\n#section_1091333787 {\n  padding-top: 60px;\n  padding-bottom: 60px;\n  background-color: rgb(255, 255, 255);\n}\n#section_1091333787 .section-bg-overlay {\n  background-color: rgba(255, 255, 255, 0.85);\n}\n<\/style>\n\t<\/section>\n\t\n\n\t<section class=\"section\" id=\"section_761067005\">\n\t\t<div class=\"section-bg fill\" >\n\t\t\t\t\t\t\t\t\t<div class=\"section-bg-overlay absolute fill\"><\/div>\n\t\t\t\n\t<div class=\"is-border\"\n\t\tstyle=\"border-width:1px 0px 1px 0px;\">\n\t<\/div>\n\n\t\t<\/div>\n\n\t\t\n\n\t\t<div class=\"section-content relative\">\n\t\t\t\n\n<div class=\"row row-large align-middle\"  id=\"row-1021621955\">\n\n\n\t<div id=\"col-1463035239\" class=\"col medium-6 small-12 large-6\"  >\n\t\t\t\t<div class=\"col-inner text-left\"  >\n\t\t\t\n\t\t\t\n\n<h2 class=\"uppercase\">L&rsquo;\u00e9quipe laboratoire<\/h2>\n<p><span style=\"font-size: 14.4px;\">L\u2019\u00e9quipe du laboratoire incarne les valeurs de Dr Burgener Switzerland. Nous sommes persuad\u00e9s que la nature au service de la science permet la mise au point de formules hautement efficaces, sans composants inutiles. Nous sommes passionn\u00e9s par l\u2019approche \u00e0 la fois holistique et tr\u00e8s scientifique, qui nous accompagne dans la cr\u00e9ation de nos produits cosm\u00e9tiques.<\/span><\/p>\n\n\t\t<\/div>\n\t\t\t\t\n<style>\n#col-1463035239 > .col-inner {\n  padding: 30px 30px 30px 30px;\n}\n<\/style>\n\t<\/div>\n\n\t\n\n\t<div id=\"col-1127932288\" class=\"col medium-6 small-12 large-6\"  >\n\t\t\t\t<div class=\"col-inner\"  >\n\t\t\t\n\t\t\t\n\n\t<div class=\"img has-hover x md-x lg-x y md-y lg-y\" id=\"image_1025829717\">\n\t\t\t\t\t\t\t\t<div class=\"img-inner box-shadow-2 dark\" >\n\t\t\t<img loading=\"lazy\" decoding=\"async\" width=\"690\" height=\"460\" src=\"https:\/\/yuss.drburgener.com\/wp-content\/uploads\/2024\/05\/download-13.jpg\" class=\"attachment-large size-large\" alt=\"\" srcset=\"https:\/\/yuss.drburgener.com\/wp-content\/uploads\/2024\/05\/download-13.jpg 690w, https:\/\/yuss.drburgener.com\/wp-content\/uploads\/2024\/05\/download-13-510x340.jpg 510w, https:\/\/yuss.drburgener.com\/wp-content\/uploads\/2024\/05\/download-13-300x200.jpg 300w\" sizes=\"auto, (max-width: 690px) 100vw, 690px\" \/>\t\t\t\t\t\t\n\t\t\t\t\t<\/div>\n\t\t\t\t\t\t\t\t\n<style>\n#image_1025829717 {\n  width: 100%;\n}\n<\/style>\n\t<\/div>\n\t\n\n\n\t\t<\/div>\n\t\t\t\t\n<style>\n#col-1127932288 > .col-inner {\n  padding: 30px 30px 30px 30px;\n}\n<\/style>\n\t<\/div>\n\n\t\n\n<\/div>\n\n\t\t<\/div>\n\n\t\t\n<style>\n#section_761067005 {\n  padding-top: 60px;\n  padding-bottom: 60px;\n  background-color: rgb(193, 193, 193);\n}\n#section_761067005 .section-bg-overlay {\n  background-color: rgba(255, 255, 255, 0.85);\n}\n<\/style>\n\t<\/section>\n\t\n\n","protected":false},"excerpt":{"rendered":"","protected":false},"author":2018,"featured_media":0,"parent":0,"menu_order":0,"comment_status":"closed","ping_status":"closed","template":"page-blank.php","meta":{"_acf_changed":false,"footnotes":""},"class_list":["post-320","page","type-page","status-publish","hentry"],"acf":[],"_links":{"self":[{"href":"https:\/\/yuss.drburgener.com\/fr\/wp-json\/wp\/v2\/pages\/320","targetHints":{"allow":["GET"]}}],"collection":[{"href":"https:\/\/yuss.drburgener.com\/fr\/wp-json\/wp\/v2\/pages"}],"about":[{"href":"https:\/\/yuss.drburgener.com\/fr\/wp-json\/wp\/v2\/types\/page"}],"author":[{"embeddable":true,"href":"https:\/\/yuss.drburgener.com\/fr\/wp-json\/wp\/v2\/users\/2018"}],"replies":[{"embeddable":true,"href":"https:\/\/yuss.drburgener.com\/fr\/wp-json\/wp\/v2\/comments?post=320"}],"version-history":[{"count":5,"href":"https:\/\/yuss.drburgener.com\/fr\/wp-json\/wp\/v2\/pages\/320\/revisions"}],"predecessor-version":[{"id":5578,"href":"https:\/\/yuss.drburgener.com\/fr\/wp-json\/wp\/v2\/pages\/320\/revisions\/5578"}],"wp:attachment":[{"href":"https:\/\/yuss.drburgener.com\/fr\/wp-json\/wp\/v2\/media?parent=320"}],"curies":[{"name":"wp","href":"https:\/\/api.w.org\/{rel}","templated":true}]}}