{"id":316,"date":"2024-04-17T01:41:16","date_gmt":"2024-04-16T23:41:16","guid":{"rendered":"https:\/\/evo.drburgener.com\/?page_id=316"},"modified":"2024-05-13T01:22:38","modified_gmt":"2024-05-12T23:22:38","slug":"nos-valeurs","status":"publish","type":"page","link":"https:\/\/yuss.drburgener.com\/fr\/nos-valeurs\/","title":{"rendered":"Nos valeurs"},"content":{"rendered":"\n\n  <div class=\"banner has-hover\" id=\"banner-297700096\">\n          <div class=\"banner-inner fill\">\n        <div class=\"banner-bg fill\" >\n            <img loading=\"lazy\" decoding=\"async\" width=\"1920\" height=\"1280\" src=\"https:\/\/yuss.drburgener.com\/wp-content\/uploads\/2024\/04\/Analyse20de20peau20Haute20Couture2028129.jpg\" class=\"bg attachment-original size-original\" alt=\"\" \/>                        <div class=\"overlay\"><\/div>            \n                    <\/div>\n\t\t\n        <div class=\"banner-layers container\">\n            <div class=\"fill banner-link\"><\/div>            \n\n   <div id=\"text-box-1417315046\" class=\"text-box banner-layer x50 md-x50 lg-x50 y95 md-y75 lg-y75 res-text\">\n                     <div data-animate=\"fadeInLeft\">           <div class=\"text-box-content text dark\">\n              \n              <div class=\"text-inner text-left\">\n                  \n\n<h1 class=\"uppercase\" style=\"text-align: center;\">NOS VALEURS<\/h1>\n\n              <\/div>\n           <\/div>\n       <\/div>                     \n<style>\n#text-box-1417315046 .text-inner {\n  padding: 30px 30px 30px 30px;\n}\n#text-box-1417315046 {\n  width: 90%;\n}\n#text-box-1417315046 .text-box-content {\n  font-size: 100%;\n}\n@media (min-width:550px) {\n  #text-box-1417315046 {\n    width: 49%;\n  }\n}\n<\/style>\n    <\/div>\n \n\n        <\/div>\n      <\/div>\n\n            \n<style>\n#banner-297700096 {\n  padding-top: 637px;\n}\n#banner-297700096 .overlay {\n  background-color: rgba(0, 0, 0, 0.157);\n}\n#banner-297700096 .banner-bg img {\n  object-position: 62% 60%;\n}\n<\/style>\n  <\/div>\n\n\n<div class=\"row\"  id=\"row-1313867485\">\n\n\n\t<div id=\"col-1539862362\" class=\"col small-12 large-12\"  >\n\t\t\t\t<div class=\"col-inner\"  >\n\t\t\t\n\t\t\t\n\n<p style=\"text-align: center;\">Guid\u00e9e par une volont\u00e9 d\u2019atteindre l\u2019excellence, Dr Burgener <br \/>Switzerland s\u2019engage \u00e0 \u0153uvrer pour\u00a0<br \/>une beaut\u00e9 responsable en minimisant son impact sur la nature, tout <br \/>en offrant des soins de qualit\u00e9 Swiss\u00a0<br \/>Made et en visant un monde plus \u00e9quitable.\u00a0<\/p>\n\n\t\t<\/div>\n\t\t\t\t\t<\/div>\n\n\t\n\n<\/div>\n\n\t<section class=\"section\" id=\"section_1212679086\">\n\t\t<div class=\"section-bg fill\" >\n\t\t\t\t\t\t\t\t\t<div class=\"section-bg-overlay absolute fill\"><\/div>\n\t\t\t\n\t<div class=\"is-border\"\n\t\tstyle=\"border-width:1px 0px 1px 0px;\">\n\t<\/div>\n\n\t\t<\/div>\n\n\t\t\n\n\t\t<div class=\"section-content relative\">\n\t\t\t\n\n<div class=\"row row-large align-middle\"  id=\"row-886071152\">\n\n\n\t<div id=\"col-1143142857\" class=\"col medium-7 small-12 large-7\"  >\n\t\t\t\t<div class=\"col-inner text-left\"  >\n\t\t\t\n\t\t\t\n\n<h2 class=\"uppercase\">Excellence : notre patrimoine suisse<\/h2>\n<p>L\u2019excellence est la valeur fondamentale de la marque depuis ses premiers pas il y a plus de 60 ans. Avec une longue histoire familiale et une passion pour la science et la beaut\u00e9, la marque de luxe a d\u00e9velopp\u00e9 une approche technologique, maximisant l\u2019efficacit\u00e9 et la personnalisation des produits et des soins. Issus d\u2019une clinique m\u00e9dicale et de laboratoires lausannois, les produits de soin les plus scientifiques et les plus naturels ont \u00e9t\u00e9 d\u00e9velopp\u00e9s par Dr Pauline Burgener pour les besoins d\u2019aujourd\u2019hui. Une combinaison de recherche, d\u2019innovation et de soutien de m\u00e9decins et d\u2019experts de la sant\u00e9 permet \u00e0 Dr Burgener Switzerland de viser la plus haute qualit\u00e9 de produits et de services.<\/p>\n\n\t\t<\/div>\n\t\t\t\t\n<style>\n#col-1143142857 > .col-inner {\n  padding: 30px 30px 30px 30px;\n}\n<\/style>\n\t<\/div>\n\n\t\n\n\t<div id=\"col-537692714\" class=\"col medium-5 small-12 large-5\"  >\n\t\t\t\t<div class=\"col-inner\"  >\n\t\t\t\n\t\t\t\n\n\t<div class=\"img has-hover x md-x lg-x y md-y lg-y\" id=\"image_1473719688\">\n\t\t\t\t\t\t\t\t<div class=\"img-inner box-shadow-2 dark\" >\n\t\t\t<img loading=\"lazy\" decoding=\"async\" width=\"768\" height=\"1008\" src=\"https:\/\/yuss.drburgener.com\/wp-content\/uploads\/2024\/04\/MICROSCOPIC-VIEW-OF-LAVENDER-1-e1626425151731-768x1008-1.png\" class=\"attachment-large size-large\" alt=\"\" srcset=\"https:\/\/yuss.drburgener.com\/wp-content\/uploads\/2024\/04\/MICROSCOPIC-VIEW-OF-LAVENDER-1-e1626425151731-768x1008-1.png 768w, https:\/\/yuss.drburgener.com\/wp-content\/uploads\/2024\/04\/MICROSCOPIC-VIEW-OF-LAVENDER-1-e1626425151731-768x1008-1-510x669.png 510w, https:\/\/yuss.drburgener.com\/wp-content\/uploads\/2024\/04\/MICROSCOPIC-VIEW-OF-LAVENDER-1-e1626425151731-768x1008-1-229x300.png 229w\" sizes=\"auto, (max-width: 768px) 100vw, 768px\" \/>\t\t\t\t\t\t\n\t\t\t\t\t<\/div>\n\t\t\t\t\t\t\t\t\n<style>\n#image_1473719688 {\n  width: 100%;\n}\n<\/style>\n\t<\/div>\n\t\n\n\n\t\t<\/div>\n\t\t\t\t\n<style>\n#col-537692714 > .col-inner {\n  padding: 30px 30px 30px 30px;\n}\n<\/style>\n\t<\/div>\n\n\t\n\n<\/div>\n\n\t\t<\/div>\n\n\t\t\n<style>\n#section_1212679086 {\n  padding-top: 60px;\n  padding-bottom: 60px;\n  background-color: rgb(193, 193, 193);\n}\n#section_1212679086 .section-bg-overlay {\n  background-color: rgba(255, 255, 255, 0.85);\n}\n<\/style>\n\t<\/section>\n\t\n\n\t<section class=\"section\" id=\"section_1157365192\">\n\t\t<div class=\"section-bg fill\" >\n\t\t\t\t\t\t\t\t\t<div class=\"section-bg-overlay absolute fill\"><\/div>\n\t\t\t\n\n\t\t<\/div>\n\n\t\t\n\n\t\t<div class=\"section-content relative\">\n\t\t\t\n\n<div class=\"row row-large align-middle\"  id=\"row-625558689\">\n\n\n\t<div id=\"col-202401756\" class=\"col medium-5 small-12 large-5\"  >\n\t\t\t\t<div class=\"col-inner text-center\"  >\n\t\t\t\n\t\t\t\n\n\t<div class=\"img has-hover x md-x lg-x y md-y lg-y\" id=\"image_1988893576\">\n\t\t\t\t\t\t\t\t<div class=\"img-inner box-shadow-2 dark\" >\n\t\t\t<img loading=\"lazy\" decoding=\"async\" width=\"690\" height=\"690\" src=\"https:\/\/yuss.drburgener.com\/wp-content\/uploads\/2024\/04\/367.jpg\" class=\"attachment-large size-large\" alt=\"\" srcset=\"https:\/\/yuss.drburgener.com\/wp-content\/uploads\/2024\/04\/367.jpg 690w, https:\/\/yuss.drburgener.com\/wp-content\/uploads\/2024\/04\/367-247x247.jpg 247w, https:\/\/yuss.drburgener.com\/wp-content\/uploads\/2024\/04\/367-100x100.jpg 100w, https:\/\/yuss.drburgener.com\/wp-content\/uploads\/2024\/04\/367-510x510.jpg 510w, https:\/\/yuss.drburgener.com\/wp-content\/uploads\/2024\/04\/367-300x300.jpg 300w, https:\/\/yuss.drburgener.com\/wp-content\/uploads\/2024\/04\/367-150x150.jpg 150w\" sizes=\"auto, (max-width: 690px) 100vw, 690px\" \/>\t\t\t\t\t\t\n\t\t\t\t\t<\/div>\n\t\t\t\t\t\t\t\t\n<style>\n#image_1988893576 {\n  width: 100%;\n}\n<\/style>\n\t<\/div>\n\t\n\n\n\t\t<\/div>\n\t\t\t\t\t<\/div>\n\n\t\n\n\t<div id=\"col-1599861449\" class=\"col medium-7 small-12 large-7\"  >\n\t\t\t\t<div class=\"col-inner text-left\"  >\n\t\t\t\n\t\t\t\n\n<h2 class=\"uppercase\">Responsabilit\u00e9 sociale : Apporter la lumi\u00e8re aux personnes en situation d&rsquo;handicap<\/h2>\n<p>Il y a une lumi\u00e8re qui apporte de la joie dans la vie des personnes, et en particulier dans la vie d\u2019une personne en situation d\u2019handicap. C\u2019est la lumi\u00e8re de l\u2019espoir. L\u2019espoir de vivre une vie en se d\u00e9passant, et en \u00e9tant capable d\u2019accomplir ce que l\u2019on veut, malgr\u00e9 tout handicap. Aidez-nous \u00e0 faire de cette flamme le feu prot\u00e9geant l\u2019Association No Difference.<br \/>\u00a0<br \/>Dr Burgener Switzerland fera don des b\u00e9n\u00e9fices g\u00e9n\u00e9r\u00e9s par cette bougie \u00e0 l\u2019Association No Difference, cr\u00e9ant ensemble l\u2019espoir et le courage qui transformeront leurs diff\u00e9rences en leurs forces.<\/p>\n\n\t\t<\/div>\n\t\t\t\t\n<style>\n#col-1599861449 > .col-inner {\n  padding: 30px 30px 30px 30px;\n}\n<\/style>\n\t<\/div>\n\n\t\n\n<\/div>\n\n\t\t<\/div>\n\n\t\t\n<style>\n#section_1157365192 {\n  padding-top: 60px;\n  padding-bottom: 60px;\n  background-color: rgb(255, 255, 255);\n}\n#section_1157365192 .section-bg-overlay {\n  background-color: rgba(255, 255, 255, 0.85);\n}\n<\/style>\n\t<\/section>\n\t\n\n\t<section class=\"section\" id=\"section_2019044025\">\n\t\t<div class=\"section-bg fill\" >\n\t\t\t\t\t\t\t\t\t<div class=\"section-bg-overlay absolute fill\"><\/div>\n\t\t\t\n\t<div class=\"is-border\"\n\t\tstyle=\"border-width:1px 0px 1px 0px;\">\n\t<\/div>\n\n\t\t<\/div>\n\n\t\t\n\n\t\t<div class=\"section-content relative\">\n\t\t\t\n\n<div class=\"row row-large align-middle\"  id=\"row-1013990407\">\n\n\n\t<div id=\"col-2013383422\" class=\"col medium-7 small-12 large-7\"  >\n\t\t\t\t<div class=\"col-inner text-left\"  >\n\t\t\t\n\t\t\t\n\n<h2 class=\"uppercase\">Durabilit\u00e9: vers le vert une \u00e9tape \u00e0 la fois<\/h2>\n<p><span class=\"text-o-color-1\">L\u2019une de nos missions est de prot\u00e9ger la Terre et ses ressources afin qu\u2019elle nous accueille le plus longtemps possible. Pour aider \u00e0 r\u00e9duire la quantit\u00e9 d\u2019emballages jetables, nous avons d\u00e9cid\u00e9 de remplacer nos bo\u00eetes en carton par des sacs multi-usage en microfibre et d\u2019imprimer nos modes d\u2019utilisation sur du papier eucalyptus 100% recycl\u00e9. Dans la mesure du possible, nous privil\u00e9gions les mati\u00e8res premi\u00e8res d\u2019origine locale et avec des cha\u00eenes de production courtes pour nos cosm\u00e9tiques.<\/span><\/p>\n\n\t\t<\/div>\n\t\t\t\t\n<style>\n#col-2013383422 > .col-inner {\n  padding: 30px 30px 30px 30px;\n}\n<\/style>\n\t<\/div>\n\n\t\n\n\t<div id=\"col-638532623\" class=\"col medium-5 small-12 large-5\"  >\n\t\t\t\t<div class=\"col-inner\"  >\n\t\t\t\n\t\t\t\n\n\t<div class=\"img has-hover x md-x lg-x y md-y lg-y\" id=\"image_1023490720\">\n\t\t\t\t\t\t\t\t<div class=\"img-inner box-shadow-2 dark\" >\n\t\t\t<img loading=\"lazy\" decoding=\"async\" width=\"600\" height=\"900\" src=\"https:\/\/yuss.drburgener.com\/wp-content\/uploads\/2024\/04\/liubov-ilchuk-_6rR_iP06p4-unsplash-scaled-1-600x900-1.jpg\" class=\"attachment-large size-large\" alt=\"\" srcset=\"https:\/\/yuss.drburgener.com\/wp-content\/uploads\/2024\/04\/liubov-ilchuk-_6rR_iP06p4-unsplash-scaled-1-600x900-1.jpg 600w, https:\/\/yuss.drburgener.com\/wp-content\/uploads\/2024\/04\/liubov-ilchuk-_6rR_iP06p4-unsplash-scaled-1-600x900-1-510x765.jpg 510w, https:\/\/yuss.drburgener.com\/wp-content\/uploads\/2024\/04\/liubov-ilchuk-_6rR_iP06p4-unsplash-scaled-1-600x900-1-200x300.jpg 200w\" sizes=\"auto, (max-width: 600px) 100vw, 600px\" \/>\t\t\t\t\t\t\n\t\t\t\t\t<\/div>\n\t\t\t\t\t\t\t\t\n<style>\n#image_1023490720 {\n  width: 100%;\n}\n<\/style>\n\t<\/div>\n\t\n\n\n\t\t<\/div>\n\t\t\t\t\n<style>\n#col-638532623 > .col-inner {\n  padding: 30px 30px 30px 30px;\n}\n<\/style>\n\t<\/div>\n\n\t\n\n<\/div>\n\n\t\t<\/div>\n\n\t\t\n<style>\n#section_2019044025 {\n  padding-top: 60px;\n  padding-bottom: 60px;\n  background-color: rgb(193, 193, 193);\n}\n#section_2019044025 .section-bg-overlay {\n  background-color: rgba(255, 255, 255, 0.85);\n}\n<\/style>\n\t<\/section>\n\t\n\n\t<section class=\"section\" id=\"section_295917928\">\n\t\t<div class=\"section-bg fill\" >\n\t\t\t\t\t\t\t\t\t<div class=\"section-bg-overlay absolute fill\"><\/div>\n\t\t\t\n\n\t\t<\/div>\n\n\t\t\n\n\t\t<div class=\"section-content relative\">\n\t\t\t\n\n<div class=\"row row-large align-middle\"  id=\"row-1618633111\">\n\n\n\t<div id=\"col-115097725\" class=\"col medium-4 small-12 large-4\"  >\n\t\t\t\t<div class=\"col-inner text-center\"  >\n\t\t\t\n\t\t\t\n\n\t<div class=\"img has-hover x md-x lg-x y md-y lg-y\" id=\"image_1487337469\">\n\t\t\t\t\t\t\t\t<div class=\"img-inner box-shadow-2 dark\" >\n\t\t\t<img loading=\"lazy\" decoding=\"async\" width=\"600\" height=\"900\" src=\"https:\/\/yuss.drburgener.com\/wp-content\/uploads\/2024\/04\/EC_-2123-600x900-1.jpg\" class=\"attachment-large size-large\" alt=\"\" srcset=\"https:\/\/yuss.drburgener.com\/wp-content\/uploads\/2024\/04\/EC_-2123-600x900-1.jpg 600w, https:\/\/yuss.drburgener.com\/wp-content\/uploads\/2024\/04\/EC_-2123-600x900-1-510x765.jpg 510w, https:\/\/yuss.drburgener.com\/wp-content\/uploads\/2024\/04\/EC_-2123-600x900-1-200x300.jpg 200w\" sizes=\"auto, (max-width: 600px) 100vw, 600px\" \/>\t\t\t\t\t\t\n\t\t\t\t\t<\/div>\n\t\t\t\t\t\t\t\t\n<style>\n#image_1487337469 {\n  width: 80%;\n}\n<\/style>\n\t<\/div>\n\t\n\n\n\t\t<\/div>\n\t\t\t\t\t<\/div>\n\n\t\n\n\t<div id=\"col-1897022754\" class=\"col medium-8 small-12 large-8\"  >\n\t\t\t\t<div class=\"col-inner text-left\"  >\n\t\t\t\n\t\t\t\n\n<h2 class=\"uppercase\">Femme pour femmes: au-del\u00e0 d&rsquo;un emploi, nous donnons une ligne de vie<\/h2>\n<p>Tout au long de sa carri\u00e8re, Dr Pauline Burgener a accompagn\u00e9 les femmes dans leur voie vers l\u2019ind\u00e9pendance professionnelle et financi\u00e8re, par l\u2019\u00e9ducation et la formation. Nos pochettes en microfibre ainsi que nos gants exfoliants tiss\u00e9s \u00e0 la main sont fabriqu\u00e9s par des femmes d\u00e9favoris\u00e9es au Liban.<\/p>\n<p>Dr Burgener Switzerland est \u00e9galement fier de soutenir un atelier de couture g\u00e9r\u00e9 par des jeunes femmes \u00e0 Bodhgaya, en Inde. Ici, nous apprenons aux jeunes femmes \u00e0 produire des articles artisanaux \u00e0 utiliser dans les spas et lors des soins de la peau. Au-del\u00e0 d\u2019un travail, nous donnons \u00e0 ces femmes une lueur d\u2019espoir.<\/p>\n\n\t\t<\/div>\n\t\t\t\t\n<style>\n#col-1897022754 > .col-inner {\n  padding: 30px 30px 30px 30px;\n}\n<\/style>\n\t<\/div>\n\n\t\n\n<\/div>\n\n\t\t<\/div>\n\n\t\t\n<style>\n#section_295917928 {\n  padding-top: 60px;\n  padding-bottom: 60px;\n  background-color: rgb(255, 255, 255);\n}\n#section_295917928 .section-bg-overlay {\n  background-color: rgba(255, 255, 255, 0.85);\n}\n<\/style>\n\t<\/section>\n\t\n\n","protected":false},"excerpt":{"rendered":"","protected":false},"author":2018,"featured_media":0,"parent":0,"menu_order":0,"comment_status":"closed","ping_status":"closed","template":"page-blank.php","meta":{"_acf_changed":false,"footnotes":""},"class_list":["post-316","page","type-page","status-publish","hentry"],"acf":[],"_links":{"self":[{"href":"https:\/\/yuss.drburgener.com\/fr\/wp-json\/wp\/v2\/pages\/316","targetHints":{"allow":["GET"]}}],"collection":[{"href":"https:\/\/yuss.drburgener.com\/fr\/wp-json\/wp\/v2\/pages"}],"about":[{"href":"https:\/\/yuss.drburgener.com\/fr\/wp-json\/wp\/v2\/types\/page"}],"author":[{"embeddable":true,"href":"https:\/\/yuss.drburgener.com\/fr\/wp-json\/wp\/v2\/users\/2018"}],"replies":[{"embeddable":true,"href":"https:\/\/yuss.drburgener.com\/fr\/wp-json\/wp\/v2\/comments?post=316"}],"version-history":[{"count":5,"href":"https:\/\/yuss.drburgener.com\/fr\/wp-json\/wp\/v2\/pages\/316\/revisions"}],"predecessor-version":[{"id":4804,"href":"https:\/\/yuss.drburgener.com\/fr\/wp-json\/wp\/v2\/pages\/316\/revisions\/4804"}],"wp:attachment":[{"href":"https:\/\/yuss.drburgener.com\/fr\/wp-json\/wp\/v2\/media?parent=316"}],"curies":[{"name":"wp","href":"https:\/\/api.w.org\/{rel}","templated":true}]}}