{"id":29,"date":"2024-05-10T18:14:55","date_gmt":"2024-05-10T16:14:55","guid":{"rendered":"https:\/\/evo.drburgener.com\/?page_id=29"},"modified":"2025-08-05T09:11:33","modified_gmt":"2025-08-05T07:11:33","slug":"remboursements_retours","status":"publish","type":"page","link":"https:\/\/yuss.drburgener.com\/fr\/remboursements_retours\/","title":{"rendered":"Politique de confidentialit\u00e9s"},"content":{"rendered":"\n  <div id=\"page-header-805422367\" class=\"page-header-wrapper\">\n  <div class=\"page-title light normal-title\">\n\n    \n    <div class=\"page-title-inner container align-center text-center flex-row-col medium-flex-wrap\" >\n              <div class=\"title-wrapper flex-col\">\n          <h1 class=\"entry-title mb-0\">\n            Politique de confidentialit\u00e9s          <\/h1>\n        <\/div>\n                    <div class=\"title-content flex-col\">\n        <div class=\"title-breadcrumbs pb-half pt-half\"><nav class=\"woocommerce-breadcrumb breadcrumbs uppercase\" aria-label=\"Breadcrumb\">Accueil<\/nav><\/div>      <\/div>\n    <\/div>\n\n       <\/div>\n    <\/div>\n  \n\n\n\t<section class=\"section\" id=\"section_684220903\">\n\t\t<div class=\"section-bg fill\" >\n\t\t\t\t\t\t\t\t\t<div class=\"section-bg-overlay absolute fill\"><\/div>\n\t\t\t\n\t<div class=\"is-border\"\n\t\tstyle=\"border-width:1px 0px 1px 0px;\">\n\t<\/div>\n\n\t\t<\/div>\n\n\t\t\n\n\t\t<div class=\"section-content relative\">\n\t\t\t\n\n<div class=\"row row-large align-middle align-center\"  id=\"row-1369998225\">\n\n\n\t<div id=\"col-1875017939\" class=\"col medium-8 small-12 large-8\"  >\n\t\t\t\t<div class=\"col-inner text-left\"  >\n\t\t\t\n\t\t\t\n\n<h2>POLITIQUE DE CONFIDENTIALIT\u00c9<\/h2>\n<p>Dr Burgener<\/p>\n<p>DERNI\u00c8RE MISE \u00c0 JOUR 14 MARS 2019<\/p>\n<p>Votre utilisation continue de www.drburgener.com sera soumise aux conditions de notre politique de confidentialit\u00e9 mise \u00e0 jour. Cette d\u00e9claration de confidentialit\u00e9 d\u00e9crit les pratiques de confidentialit\u00e9 pour les donn\u00e9es des \u00ab Services en ligne \u00bb que nous collectons sur ce site web, nos pages de m\u00e9dias sociaux, les ordinateurs et les appareils mobiles (Apps), les messages \u00e9lectroniques au format HTML que nous vous envoyons et qui contiennent un lien vers cette d\u00e9claration de confidentialit\u00e9, par le biais de vos communications avec nous, ou lorsque vous visitez l&rsquo;un de nos sites ou toute autre interaction.<\/p>\n<p>Le groupe Dr Burgener accorde une grande importance \u00e0 la protection de votre vie priv\u00e9e. Nous avons \u00e9tabli et mis en \u0153uvre des pratiques de traitement de l&rsquo;information pour www.drburgener.com (\u00ab site \u00bb) que nous estimons conformes aux normes et pratiques des organisations d&rsquo;accueil qui font des affaires sur Internet. Cette politique de confidentialit\u00e9 d\u00e9crit les pratiques qui s&rsquo;appliquent \u00e0 notre site, y compris, en particulier, les informations que nous recueillons \u00e0 votre sujet, quand et comment nous recueillons et traitons ces informations. Nous avons pr\u00e9par\u00e9 une politique d\u00e9taill\u00e9e afin que vous puissiez prendre une d\u00e9cision \u00e9clair\u00e9e sur la mesure dans laquelle vous fournissez vos informations \u00e0 notre site.<\/p>\n<p>Conform\u00e9ment \u00e0 l\u2019article 62 de la loi anti-gaspillage pour une \u00e9conomie circulaire (loi AGEC), notre soci\u00e9t\u00e9 d\u00e9tient un identifiant unique, attestant de notre adh\u00e9sion \u00e0 un \u00e9co-organisme charg\u00e9 de la gestion des d\u00e9chets issus de nos produits. Cet identifiant est : FR455072_01GNQI<\/p>\n<p>VEUILLEZ NE PAS UTILISER NOS SERVICES EN LIGNE SI VOUS N&rsquo;\u00caTES PAS D&rsquo;ACCORD AVEC CETTE POLITIQUE DE CONFIDENTIALIT\u00c9.<\/p>\n<p>CONTEXTE<\/p>\n<p>1. Nous ne collecterons pas d&rsquo;informations personnelles identifiables (IPI) telles que votre nom, votre adresse \u00e9lectronique, votre adresse postale ou votre num\u00e9ro de t\u00e9l\u00e9phone (\u00ab informations personnelles \u00bb) d&rsquo;une mani\u00e8re incompatible avec la pr\u00e9sente politique ;<\/p>\n<p>2. Nous ne divulguerons pas vos informations personnelles \u00e0 des tiers.<\/p>\n\n\n\t\t<\/div>\n\t\t\t\t\t<\/div>\n\n\t\n\n\t<div id=\"col-632544843\" class=\"col medium-6 small-12 large-6\"  >\n\t\t\t\t<div class=\"col-inner\"  >\n\t\t\t\n\t\t\t\n\n\t<div class=\"img has-hover x md-x lg-x y md-y lg-y\" id=\"image_615483220\">\n\t\t\t\t\t\t\t\t<div class=\"img-inner box-shadow-2 dark\" >\n\t\t\t<img loading=\"lazy\" decoding=\"async\" width=\"1020\" height=\"510\" src=\"https:\/\/yuss.drburgener.com\/wp-content\/uploads\/2024\/04\/Slide_burgener_02-1024x512.png\" class=\"attachment-large size-large\" alt=\"\" srcset=\"https:\/\/yuss.drburgener.com\/wp-content\/uploads\/2024\/04\/Slide_burgener_02-1024x512.png 1024w, https:\/\/yuss.drburgener.com\/wp-content\/uploads\/2024\/04\/Slide_burgener_02-300x150.png 300w, https:\/\/yuss.drburgener.com\/wp-content\/uploads\/2024\/04\/Slide_burgener_02-768x384.png 768w, https:\/\/yuss.drburgener.com\/wp-content\/uploads\/2024\/04\/Slide_burgener_02-1536x768.png 1536w, https:\/\/yuss.drburgener.com\/wp-content\/uploads\/2024\/04\/Slide_burgener_02-510x255.png 510w, https:\/\/yuss.drburgener.com\/wp-content\/uploads\/2024\/04\/Slide_burgener_02.png 1600w\" sizes=\"auto, (max-width: 1020px) 100vw, 1020px\" \/>\t\t\t\t\t\t\n\t\t\t\t\t<\/div>\n\t\t\t\t\t\t\t\t\n<style>\n#image_615483220 {\n  width: 100%;\n}\n<\/style>\n\t<\/div>\n\t\n\n\n\t\t<\/div>\n\t\t\t\t\t<\/div>\n\n\t\n\n<\/div>\n\n\t\t<\/div>\n\n\t\t\n<style>\n#section_684220903 {\n  padding-top: 60px;\n  padding-bottom: 60px;\n  background-color: rgb(193, 193, 193);\n}\n#section_684220903 .section-bg-overlay {\n  background-color: rgba(255, 255, 255, 0.85);\n}\n<\/style>\n\t<\/section>\n\t\n\n","protected":false},"excerpt":{"rendered":"","protected":false},"author":2018,"featured_media":0,"parent":0,"menu_order":0,"comment_status":"closed","ping_status":"closed","template":"page-blank.php","meta":{"_acf_changed":false,"footnotes":""},"class_list":["post-29","page","type-page","status-publish","hentry"],"acf":[],"_links":{"self":[{"href":"https:\/\/yuss.drburgener.com\/fr\/wp-json\/wp\/v2\/pages\/29","targetHints":{"allow":["GET"]}}],"collection":[{"href":"https:\/\/yuss.drburgener.com\/fr\/wp-json\/wp\/v2\/pages"}],"about":[{"href":"https:\/\/yuss.drburgener.com\/fr\/wp-json\/wp\/v2\/types\/page"}],"author":[{"embeddable":true,"href":"https:\/\/yuss.drburgener.com\/fr\/wp-json\/wp\/v2\/users\/2018"}],"replies":[{"embeddable":true,"href":"https:\/\/yuss.drburgener.com\/fr\/wp-json\/wp\/v2\/comments?post=29"}],"version-history":[{"count":5,"href":"https:\/\/yuss.drburgener.com\/fr\/wp-json\/wp\/v2\/pages\/29\/revisions"}],"predecessor-version":[{"id":7979,"href":"https:\/\/yuss.drburgener.com\/fr\/wp-json\/wp\/v2\/pages\/29\/revisions\/7979"}],"wp:attachment":[{"href":"https:\/\/yuss.drburgener.com\/fr\/wp-json\/wp\/v2\/media?parent=29"}],"curies":[{"name":"wp","href":"https:\/\/api.w.org\/{rel}","templated":true}]}}