{"id":192,"date":"2024-04-16T23:10:24","date_gmt":"2024-04-16T21:10:24","guid":{"rendered":"https:\/\/evo.drburgener.com\/?page_id=192"},"modified":"2024-05-13T01:21:43","modified_gmt":"2024-05-12T23:21:43","slug":"contact","status":"publish","type":"page","link":"https:\/\/yuss.drburgener.com\/fr\/contact\/","title":{"rendered":"Contact"},"content":{"rendered":"\n\n  <div class=\"banner has-hover\" id=\"banner-1054791794\">\n          <div class=\"banner-inner fill\">\n        <div class=\"banner-bg fill\" >\n            <img loading=\"lazy\" decoding=\"async\" width=\"1710\" height=\"2560\" src=\"https:\/\/yuss.drburgener.com\/wp-content\/uploads\/2024\/05\/CliniqueBurgener-4-1-scaled.jpg\" class=\"bg attachment-original size-original\" alt=\"\" \/>                        <div class=\"overlay\"><\/div>            \n                    <\/div>\n\t\t\n        <div class=\"banner-layers container\">\n            <div class=\"fill banner-link\"><\/div>            \n\n   <div id=\"text-box-1696874351\" class=\"text-box banner-layer x50 md-x50 lg-x50 y95 md-y50 lg-y50 res-text\">\n                                <div class=\"text-box-content text \">\n              \n              <div class=\"text-inner text-left\">\n                  \n\n\t<div id=\"text-1641414941\" class=\"text\">\n\t\t\n\n<h3 class=\"uppercase\"><strong>CONTACTEZ-NOUS<\/strong><\/h3>\n\t\t\n<style>\n#text-1641414941 {\n  text-align: center;\n  color: rgb(255,255,255);\n}\n#text-1641414941 > * {\n  color: rgb(255,255,255);\n}\n<\/style>\n\t<\/div>\n\t\n\n              <\/div>\n           <\/div>\n                            \n<style>\n#text-box-1696874351 .text-inner {\n  padding: 30px 30px 30px 30px;\n}\n#text-box-1696874351 {\n  width: 90%;\n}\n#text-box-1696874351 .text-box-content {\n  font-size: 100%;\n}\n@media (min-width:550px) {\n  #text-box-1696874351 {\n    width: 44%;\n  }\n}\n<\/style>\n    <\/div>\n \n\n        <\/div>\n      <\/div>\n\n            \n<style>\n#banner-1054791794 {\n  padding-top: 200px;\n}\n#banner-1054791794 .overlay {\n  background-color: rgba(0, 0, 0, 0.227);\n}\n#banner-1054791794 .banner-bg img {\n  object-position: 57% 50%;\n}\n<\/style>\n  <\/div>\n\n\n\n\t<section class=\"section\" id=\"section_1389502035\">\n\t\t<div class=\"section-bg fill\" >\n\t\t\t\t\t\t\t\t\t<div class=\"section-bg-overlay absolute fill\"><\/div>\n\t\t\t\n\t<div class=\"is-border\"\n\t\tstyle=\"border-width:1px 0px 1px 0px;\">\n\t<\/div>\n\n\t\t<\/div>\n\n\t\t\n\n\t\t<div class=\"section-content relative\">\n\t\t\t\n\n<div class=\"row row-large align-middle\"  id=\"row-256503942\">\n\n\n\t<div id=\"col-1609912959\" class=\"col medium-6 small-12 large-6\"  >\n\t\t\t\t<div class=\"col-inner\"  >\n\t\t\t\n\t\t\t\n\n\t<div class=\"img has-hover x md-x lg-x y md-y lg-y\" id=\"image_313047143\">\n\t\t\t\t\t\t\t\t<div class=\"img-inner box-shadow-2 dark\" >\n\t\t\t<img loading=\"lazy\" decoding=\"async\" width=\"1020\" height=\"510\" src=\"https:\/\/yuss.drburgener.com\/wp-content\/uploads\/2024\/04\/Slide_burgener_02-1024x512.png\" class=\"attachment-large size-large\" alt=\"\" srcset=\"https:\/\/yuss.drburgener.com\/wp-content\/uploads\/2024\/04\/Slide_burgener_02-1024x512.png 1024w, https:\/\/yuss.drburgener.com\/wp-content\/uploads\/2024\/04\/Slide_burgener_02-300x150.png 300w, https:\/\/yuss.drburgener.com\/wp-content\/uploads\/2024\/04\/Slide_burgener_02-768x384.png 768w, https:\/\/yuss.drburgener.com\/wp-content\/uploads\/2024\/04\/Slide_burgener_02-1536x768.png 1536w, https:\/\/yuss.drburgener.com\/wp-content\/uploads\/2024\/04\/Slide_burgener_02-510x255.png 510w, https:\/\/yuss.drburgener.com\/wp-content\/uploads\/2024\/04\/Slide_burgener_02.png 1600w\" sizes=\"auto, (max-width: 1020px) 100vw, 1020px\" \/>\t\t\t\t\t\t\n\t\t\t\t\t<\/div>\n\t\t\t\t\t\t\t\t\n<style>\n#image_313047143 {\n  width: 100%;\n}\n<\/style>\n\t<\/div>\n\t\n\n\t<div class=\"img has-hover x md-x lg-x y md-y lg-y\" id=\"image_734859847\">\n\t\t\t\t\t\t\t\t<div class=\"img-inner dark\" >\n\t\t\t<img loading=\"lazy\" decoding=\"async\" width=\"690\" height=\"460\" src=\"https:\/\/yuss.drburgener.com\/wp-content\/uploads\/2024\/04\/CliniqueBurgener-43-scaled-1.jpg\" class=\"attachment-large size-large\" alt=\"\" srcset=\"https:\/\/yuss.drburgener.com\/wp-content\/uploads\/2024\/04\/CliniqueBurgener-43-scaled-1.jpg 690w, https:\/\/yuss.drburgener.com\/wp-content\/uploads\/2024\/04\/CliniqueBurgener-43-scaled-1-510x340.jpg 510w, https:\/\/yuss.drburgener.com\/wp-content\/uploads\/2024\/04\/CliniqueBurgener-43-scaled-1-300x200.jpg 300w\" sizes=\"auto, (max-width: 690px) 100vw, 690px\" \/>\t\t\t\t\t\t\n\t\t\t\t\t<\/div>\n\t\t\t\t\t\t\t\t\n<style>\n#image_734859847 {\n  width: 100%;\n}\n<\/style>\n\t<\/div>\n\t\n\n\n\t\t<\/div>\n\t\t\t\t\t<\/div>\n\n\t\n\n\t<div id=\"col-253290017\" class=\"col medium-6 small-12 large-6\"  >\n\t\t\t\t<div class=\"col-inner text-left\"  >\n\t\t\t\n\t\t\t\n\n<h2 class=\"uppercase\">Coordonn\u00e9eS<\/h2>\n\t<div class=\"ux-menu stack stack-col justify-start ux-menu--divider-solid\">\n\t\t\n\n\t<div class=\"ux-menu-link flex menu-item\">\n\t\t<a class=\"ux-menu-link__link flex\" href=\"https:\/\/yuss.drburgener.com\" >\n\t\t\t\t\t\t<span class=\"ux-menu-link__text\">\n\t\t\t\tDr Burgener Switzlerand\t\t\t<\/span>\n\t\t<\/a>\n\t<\/div>\n\t\n\n\t<div class=\"ux-menu-link flex menu-item\">\n\t\t<a class=\"ux-menu-link__link flex\" href=\"https:\/\/yuss.drburgener.com\" >\n\t\t\t\t\t\t<span class=\"ux-menu-link__text\">\n\t\t\t\tLaboratoire Dr Pauline Burgener SA\t\t\t<\/span>\n\t\t<\/a>\n\t<\/div>\n\t\n\n\t<div class=\"ux-menu-link flex menu-item\">\n\t\t<a class=\"ux-menu-link__link flex\" href=\"https:\/\/yuss.drburgener.com\" >\n\t\t\t\t\t\t<span class=\"ux-menu-link__text\">\n\t\t\t\tRue du Midi 12\t\t\t<\/span>\n\t\t<\/a>\n\t<\/div>\n\t\n\n\t<div class=\"ux-menu-link flex menu-item\">\n\t\t<a class=\"ux-menu-link__link flex\" href=\"https:\/\/yuss.drburgener.com\" >\n\t\t\t\t\t\t<span class=\"ux-menu-link__text\">\n\t\t\t\t1003 Lausanne\t\t\t<\/span>\n\t\t<\/a>\n\t<\/div>\n\t\n\n\n\t<\/div>\n\t\n<div class=\"social-icons follow-icons\" ><a href=\"http:\/\/url\" target=\"_blank\" data-label=\"Facebook\" class=\"icon button circle is-outline tooltip facebook\" title=\"Nous suivre sur Facebook\" aria-label=\"Nous suivre sur Facebook\" rel=\"noopener nofollow\"><i class=\"icon-facebook\" aria-hidden=\"true\"><\/i><\/a><a href=\"http:\/\/url\" target=\"_blank\" data-label=\"Instagram\" class=\"icon button circle is-outline tooltip instagram\" title=\"Nous suivre sur Instagram\" aria-label=\"Nous suivre sur Instagram\" rel=\"noopener nofollow\"><i class=\"icon-instagram\" aria-hidden=\"true\"><\/i><\/a><a href=\"http:\/\/url\" data-label=\"Twitter\" target=\"_blank\" class=\"icon button circle is-outline tooltip twitter\" title=\"Nous suivre sur Twitter\" aria-label=\"Nous suivre sur Twitter\" rel=\"noopener nofollow\"><i class=\"icon-twitter\" aria-hidden=\"true\"><\/i><\/a><a href=\"mailto:your@email\" data-label=\"E-mail\" target=\"_blank\" class=\"icon button circle is-outline tooltip email\" title=\"Nous envoyer un email\" aria-label=\"Nous envoyer un email\" rel=\"nofollow noopener\"><i class=\"icon-envelop\" aria-hidden=\"true\"><\/i><\/a><\/div>\n\n\n\t\t<\/div>\n\t\t\t\t\t<\/div>\n\n\t\n\n<\/div>\n\n\t\t<\/div>\n\n\t\t\n<style>\n#section_1389502035 {\n  padding-top: 60px;\n  padding-bottom: 60px;\n  background-color: rgb(193, 193, 193);\n}\n#section_1389502035 .section-bg-overlay {\n  background-color: rgba(255, 255, 255, 0.85);\n}\n<\/style>\n\t<\/section>\n\t\n\n\t<section class=\"section\" id=\"section_595019894\">\n\t\t<div class=\"section-bg fill\" >\n\t\t\t\t\t\t\t\t\t<div class=\"section-bg-overlay absolute fill\"><\/div>\n\t\t\t\n\n\t\t<\/div>\n\n\t\t\n\n\t\t<div class=\"section-content relative\">\n\t\t\t\n\n<div class=\"row row-large align-middle\"  id=\"row-611786798\">\n\n\n\t<div id=\"col-1292684273\" class=\"col medium-6 small-12 large-6\"  >\n\t\t\t\t<div class=\"col-inner text-left\"  >\n\t\t\t\n\t\t\t\n\n<h2 class=\"uppercase\">Formulaire<\/h2>\n<p>Contactez-nous pour tout ce qui concerne notre entreprise ou nos services.<br \/>Nous ferons de notre mieux pour vous r\u00e9pondre dans les plus brefs d\u00e9lais.<\/p>\n\n\t\t<\/div>\n\t\t\t\t\t<\/div>\n\n\t\n\n\t<div id=\"col-2118146403\" class=\"col medium-6 small-12 large-6\"  >\n\t\t\t\t<div class=\"col-inner\"  >\n\t\t\t\n\t\t\t\n\n<div class=\"forminator-ui forminator-custom-form forminator-custom-form-203 forminator-design--material  forminator_ajax\" data-forminator-render=\"0\" data-form=\"forminator-module-203\" data-uid=\"69d03252407ff\"><br\/><\/div><form\n\t\t\t\tid=\"forminator-module-203\"\n\t\t\t\tclass=\"forminator-ui forminator-custom-form forminator-custom-form-203 forminator-design--material  forminator_ajax\"\n\t\t\t\tmethod=\"post\"\n\t\t\t\tdata-forminator-render=\"0\"\n\t\t\t\tdata-form-id=\"203\"\n\t\t\t\t data-color-option=\"default\" data-design=\"material\" data-grid=\"open\" style=\"display: none;\"\n\t\t\t\tdata-uid=\"69d03252407ff\"\n\t\t\t><div role=\"alert\" aria-live=\"polite\" class=\"forminator-response-message forminator-error\" aria-hidden=\"true\"><\/div><div class=\"forminator-row\"><div id=\"name-1\" class=\"forminator-field-name forminator-col forminator-col-6 \"><div class=\"forminator-field\"><label for=\"forminator-field-name-1_69d03252407ff\" id=\"forminator-field-name-1_69d03252407ff-label\" class=\"forminator-label\">Pr\u00e9nom <span class=\"forminator-required\">*<\/span><\/label><input type=\"text\" name=\"name-1\" value=\"\" placeholder=\"Par exemple\u00a0: Jean\" id=\"forminator-field-name-1_69d03252407ff\" class=\"forminator-input forminator-name--field\" aria-required=\"true\" autocomplete=\"name\" \/><\/div><\/div><div id=\"name-2\" class=\"forminator-field-name forminator-col forminator-col-6 \"><div class=\"forminator-field\"><label for=\"forminator-field-name-2_69d03252407ff\" id=\"forminator-field-name-2_69d03252407ff-label\" class=\"forminator-label\">Nom<\/label><input type=\"text\" name=\"name-2\" value=\"\" placeholder=\"Par exemple\u00a0: Jacques Martin\" id=\"forminator-field-name-2_69d03252407ff\" class=\"forminator-input forminator-name--field\" aria-required=\"false\" autocomplete=\"name\" \/><\/div><\/div><\/div><div class=\"forminator-row\"><div id=\"phone-1\" class=\"forminator-field-phone forminator-col forminator-col-6 \"><div class=\"forminator-field\"><label for=\"forminator-field-phone-1_69d03252407ff\" id=\"forminator-field-phone-1_69d03252407ff-label\" class=\"forminator-label\">Num\u00e9ro de t\u00e9l\u00e9phone<\/label><input type=\"text\" name=\"phone-1\" value=\"\" placeholder=\"Par exemple\u00a0: +1 02 03 04 05\" id=\"forminator-field-phone-1_69d03252407ff\" class=\"forminator-input forminator-field--phone\" data-required=\"\" aria-required=\"false\" autocomplete=\"off\" \/><\/div><\/div><div id=\"email-1\" class=\"forminator-field-email forminator-col forminator-col-6 \"><div class=\"forminator-field\"><label for=\"forminator-field-email-1_69d03252407ff\" id=\"forminator-field-email-1_69d03252407ff-label\" class=\"forminator-label\">Adresse de messagerie <span class=\"forminator-required\">*<\/span><\/label><input type=\"email\" name=\"email-1\" value=\"\" placeholder=\"Par exemple\u00a0: jacques@martin.com\" id=\"forminator-field-email-1_69d03252407ff\" class=\"forminator-input forminator-email--field\" data-required=\"true\" aria-required=\"true\" autocomplete=\"email\" \/><\/div><\/div><\/div><div class=\"forminator-row\"><div id=\"checkbox-2\" class=\"forminator-field-checkbox forminator-col forminator-col-12 \"><div role=\"group\" class=\"forminator-field required\" aria-labelledby=\"forminator-checkbox-group-forminator-field-checkbox-2-69d03252407ff-label\"><span id=\"forminator-checkbox-group-forminator-field-checkbox-2-69d03252407ff-label\" class=\"forminator-label\">Votre demande <span class=\"forminator-required\">*<\/span><\/span><label id=\"forminator-field-checkbox-2-1-69d03252407ff-label\" for=\"forminator-field-checkbox-2-1-69d03252407ff\" class=\"forminator-checkbox\" title=\"Produits\"><input type=\"checkbox\" name=\"checkbox-2[]\" value=\"one\" id=\"forminator-field-checkbox-2-1-69d03252407ff\" aria-labelledby=\"forminator-field-checkbox-2-1-69d03252407ff-label\" data-calculation=\"0\"   data-hidden-behavior=\"zero\"\/><span class=\"forminator-checkbox-box\" aria-hidden=\"true\"><\/span><span class=\"forminator-checkbox-label\">Produits<\/span><\/label><label id=\"forminator-field-checkbox-2-2-69d03252407ff-label\" for=\"forminator-field-checkbox-2-2-69d03252407ff\" class=\"forminator-checkbox\" title=\"Clinique\"><input type=\"checkbox\" name=\"checkbox-2[]\" value=\"two\" id=\"forminator-field-checkbox-2-2-69d03252407ff\" aria-labelledby=\"forminator-field-checkbox-2-2-69d03252407ff-label\" data-calculation=\"0\"   data-hidden-behavior=\"zero\"\/><span class=\"forminator-checkbox-box\" aria-hidden=\"true\"><\/span><span class=\"forminator-checkbox-label\">Clinique<\/span><\/label><\/div><\/div><\/div><div class=\"forminator-row\"><div id=\"checkbox-1\" class=\"forminator-field-checkbox forminator-col forminator-col-12 \"><div role=\"group\" class=\"forminator-field\" aria-labelledby=\"forminator-checkbox-group-forminator-field-checkbox-1-69d03252407ff-label\"><span id=\"forminator-checkbox-group-forminator-field-checkbox-1-69d03252407ff-label\" class=\"forminator-label\">Le meilleur moment pour me contacter<\/span><label id=\"forminator-field-checkbox-1-1-69d03252407ff-label\" for=\"forminator-field-checkbox-1-1-69d03252407ff\" class=\"forminator-checkbox\" title=\"Matin ( 8h - 12h)\"><input type=\"checkbox\" name=\"checkbox-1[]\" value=\"one\" id=\"forminator-field-checkbox-1-1-69d03252407ff\" aria-labelledby=\"forminator-field-checkbox-1-1-69d03252407ff-label\" data-calculation=\"0\"   data-hidden-behavior=\"zero\"\/><span class=\"forminator-checkbox-box\" aria-hidden=\"true\"><\/span><span class=\"forminator-checkbox-label\">Matin ( 8h - 12h)<\/span><\/label><label id=\"forminator-field-checkbox-1-2-69d03252407ff-label\" for=\"forminator-field-checkbox-1-2-69d03252407ff\" class=\"forminator-checkbox\" title=\"Midi ( 12h - 14h)\"><input type=\"checkbox\" name=\"checkbox-1[]\" value=\"two\" id=\"forminator-field-checkbox-1-2-69d03252407ff\" aria-labelledby=\"forminator-field-checkbox-1-2-69d03252407ff-label\" data-calculation=\"0\"   data-hidden-behavior=\"zero\"\/><span class=\"forminator-checkbox-box\" aria-hidden=\"true\"><\/span><span class=\"forminator-checkbox-label\">Midi ( 12h - 14h)<\/span><\/label><label id=\"forminator-field-checkbox-1-3-69d03252407ff-label\" for=\"forminator-field-checkbox-1-3-69d03252407ff\" class=\"forminator-checkbox\" title=\"Apr\u00e8s-midi ( 14h - 18h)\"><input type=\"checkbox\" name=\"checkbox-1[]\" value=\"Apr\u00e8s-midi-(-14h---18h)\" id=\"forminator-field-checkbox-1-3-69d03252407ff\" aria-labelledby=\"forminator-field-checkbox-1-3-69d03252407ff-label\" data-calculation=\"0\"   data-hidden-behavior=\"zero\"\/><span class=\"forminator-checkbox-box\" aria-hidden=\"true\"><\/span><span class=\"forminator-checkbox-label\">Apr\u00e8s-midi ( 14h - 18h)<\/span><\/label><label id=\"forminator-field-checkbox-1-4-69d03252407ff-label\" for=\"forminator-field-checkbox-1-4-69d03252407ff\" class=\"forminator-checkbox\" title=\"Soir ( 19h - 21h)\"><input type=\"checkbox\" name=\"checkbox-1[]\" value=\"Soir-(-19h---21h)\" id=\"forminator-field-checkbox-1-4-69d03252407ff\" aria-labelledby=\"forminator-field-checkbox-1-4-69d03252407ff-label\" data-calculation=\"0\"   data-hidden-behavior=\"zero\"\/><span class=\"forminator-checkbox-box\" aria-hidden=\"true\"><\/span><span class=\"forminator-checkbox-label\">Soir ( 19h - 21h)<\/span><\/label><\/div><\/div><\/div><div class=\"forminator-row\"><div id=\"captcha-1\" class=\"forminator-field-captcha forminator-col forminator-col-12 \"><div class=\"forminator-captcha-left forminator-g-recaptcha recaptcha-invisible\" data-theme=\"light\" data-badge=\"bottomright\" data-sitekey=\"6LdDLXorAAAAAJ6wH6S-lvhrW7HehupmjMzIL5AN\" data-size=\"invisible\"><\/div> <\/div><\/div><input type=\"hidden\" name=\"referer_url\" value=\"\" \/><div class=\"forminator-row forminator-row-last\"><div class=\"forminator-col\"><div class=\"forminator-field\"><button class=\"forminator-button forminator-button-submit\"><span>Envoyer le message<\/span><span aria-hidden=\"true\"><\/span><\/button><\/div><\/div><\/div><input type=\"hidden\" id=\"forminator_nonce\" name=\"forminator_nonce\" value=\"b70ca7e8d1\" \/><input type=\"hidden\" name=\"_wp_http_referer\" value=\"\/fr\/wp-json\/wp\/v2\/pages\/192\" \/><input type=\"hidden\" name=\"form_id\" value=\"203\"><input type=\"hidden\" name=\"page_id\" value=\"192\"><input type=\"hidden\" name=\"form_type\" value=\"default\"><input type=\"hidden\" name=\"current_url\" value=\"https:\/\/yuss.drburgener.com\/fr\/contact\/\"><input type=\"hidden\" name=\"render_id\" value=\"0\"><input type=\"hidden\" name=\"action\" value=\"forminator_submit_form_custom-forms\"><\/form>\n\t<div class=\"img has-hover x md-x lg-x y md-y lg-y\" id=\"image_1360583853\">\n\t\t\t\t\t\t\t\t<div class=\"img-inner box-shadow-2 dark\" >\n\t\t\t\t\t\t\t\t\t\n\t\t\t\t\t<\/div>\n\t\t\t\t\t\t\t\t\n<style>\n#image_1360583853 {\n  width: 100%;\n}\n<\/style>\n\t<\/div>\n\t\n\n\n\t\t<\/div>\n\t\t\t\t\t<\/div>\n\n\t\n\n<\/div>\n\n\t\t<\/div>\n\n\t\t\n<style>\n#section_595019894 {\n  padding-top: 60px;\n  padding-bottom: 60px;\n  background-color: rgb(255, 255, 255);\n}\n#section_595019894 .section-bg-overlay {\n  background-color: rgba(255, 255, 255, 0.85);\n}\n<\/style>\n\t<\/section>\n\t\n\n","protected":false},"excerpt":{"rendered":"","protected":false},"author":2018,"featured_media":0,"parent":0,"menu_order":0,"comment_status":"closed","ping_status":"closed","template":"page-blank.php","meta":{"_acf_changed":false,"footnotes":""},"class_list":["post-192","page","type-page","status-publish","hentry"],"acf":[],"_links":{"self":[{"href":"https:\/\/yuss.drburgener.com\/fr\/wp-json\/wp\/v2\/pages\/192","targetHints":{"allow":["GET"]}}],"collection":[{"href":"https:\/\/yuss.drburgener.com\/fr\/wp-json\/wp\/v2\/pages"}],"about":[{"href":"https:\/\/yuss.drburgener.com\/fr\/wp-json\/wp\/v2\/types\/page"}],"author":[{"embeddable":true,"href":"https:\/\/yuss.drburgener.com\/fr\/wp-json\/wp\/v2\/users\/2018"}],"replies":[{"embeddable":true,"href":"https:\/\/yuss.drburgener.com\/fr\/wp-json\/wp\/v2\/comments?post=192"}],"version-history":[{"count":5,"href":"https:\/\/yuss.drburgener.com\/fr\/wp-json\/wp\/v2\/pages\/192\/revisions"}],"predecessor-version":[{"id":4295,"href":"https:\/\/yuss.drburgener.com\/fr\/wp-json\/wp\/v2\/pages\/192\/revisions\/4295"}],"wp:attachment":[{"href":"https:\/\/yuss.drburgener.com\/fr\/wp-json\/wp\/v2\/media?parent=192"}],"curies":[{"name":"wp","href":"https:\/\/api.w.org\/{rel}","templated":true}]}}